{"id":23164,"date":"2024-09-30T17:38:45","date_gmt":"2024-09-30T20:38:45","guid":{"rendered":"https:\/\/site-novo.dattos.com.br\/?page_id=23164"},"modified":"2024-09-30T21:12:52","modified_gmt":"2024-10-01T00:12:52","slug":"thank-you-accounts-payable-and-receivable","status":"publish","type":"page","link":"https:\/\/www.dattos.com.br\/en\/obrigado-contas-a-pagar-e-receber\/","title":{"rendered":"[TYP] 4 etapas essenciais para o controle de contas a pagar e a receber"},"content":{"rendered":"\t\t<div data-elementor-type=\"wp-page\" data-elementor-id=\"23164\" class=\"elementor elementor-23164\" data-elementor-post-type=\"page\">\n\t\t\t\t<div class=\"elementor-element elementor-element-680794df e-flex e-con-boxed e-con e-parent\" data-id=\"680794df\" data-element_type=\"container\" data-e-type=\"container\" data-settings=\"{&quot;background_background&quot;:&quot;classic&quot;,&quot;jet_parallax_layout_list&quot;:[]}\">\n\t\t\t\t\t<div class=\"e-con-inner\">\n\t\t<div class=\"elementor-element elementor-element-a411971 e-con-full e-flex e-con e-child\" data-id=\"a411971\" data-element_type=\"container\" data-e-type=\"container\" data-settings=\"{&quot;jet_parallax_layout_list&quot;:[]}\">\n\t\t\t\t<div class=\"elementor-element elementor-element-147b00df elementor-align-right elementor-mobile-align-center elementor-tablet-align-center elementor-widget elementor-widget-lottie\" data-id=\"147b00df\" data-element_type=\"widget\" data-e-type=\"widget\" data-settings=\"{&quot;source_json&quot;:{&quot;url&quot;:&quot;https:\\\/\\\/www.dattos.com.br\\\/wp-content\\\/uploads\\\/2024\\\/09\\\/Animation-1727719361833.json&quot;,&quot;id&quot;:22988,&quot;size&quot;:&quot;&quot;,&quot;alt&quot;:&quot;&quot;,&quot;source&quot;:&quot;library&quot;},&quot;loop&quot;:&quot;yes&quot;,&quot;source&quot;:&quot;media_file&quot;,&quot;caption_source&quot;:&quot;none&quot;,&quot;link_to&quot;:&quot;none&quot;,&quot;trigger&quot;:&quot;arriving_to_viewport&quot;,&quot;viewport&quot;:{&quot;unit&quot;:&quot;%&quot;,&quot;size&quot;:&quot;&quot;,&quot;sizes&quot;:{&quot;start&quot;:0,&quot;end&quot;:100}},&quot;play_speed&quot;:{&quot;unit&quot;:&quot;px&quot;,&quot;size&quot;:1,&quot;sizes&quot;:[]},&quot;start_point&quot;:{&quot;unit&quot;:&quot;%&quot;,&quot;size&quot;:0,&quot;sizes&quot;:[]},&quot;end_point&quot;:{&quot;unit&quot;:&quot;%&quot;,&quot;size&quot;:100,&quot;sizes&quot;:[]},&quot;renderer&quot;:&quot;svg&quot;}\" data-widget_type=\"lottie.default\">\n\t\t\t\t\t<div class=\"e-lottie__container\"><div class=\"e-lottie__animation\"><\/div><\/div>\t\t\t\t<\/div>\n\t\t\t\t<\/div>\n\t\t<div class=\"elementor-element elementor-element-10f7a017 e-con-full e-flex e-con e-child\" data-id=\"10f7a017\" data-element_type=\"container\" data-e-type=\"container\" data-settings=\"{&quot;jet_parallax_layout_list&quot;:[]}\">\n\t\t\t\t<div class=\"elementor-element elementor-element-7fa9c8e4 elementor-widget__width-initial elementor-widget-tablet__width-initial elementor-widget elementor-widget-heading\" data-id=\"7fa9c8e4\" data-element_type=\"widget\" data-e-type=\"widget\" data-widget_type=\"heading.default\">\n\t\t\t\t\t<h2 class=\"elementor-heading-title elementor-size-default\">Seu infogr\u00e1fico com 4 etapas para controle de contas a pagar e receber j\u00e1 est\u00e1 dispon\u00edvel.\n<\/h2>\t\t\t\t<\/div>\n\t\t\t\t<\/div>\n\t\t\t\t\t<\/div>\n\t\t\t\t<\/div>\n\t\t<div class=\"elementor-element elementor-element-17cee2f2 e-flex e-con-boxed e-con e-parent\" data-id=\"17cee2f2\" data-element_type=\"container\" data-e-type=\"container\" data-settings=\"{&quot;background_background&quot;:&quot;classic&quot;,&quot;jet_parallax_layout_list&quot;:[]}\">\n\t\t\t\t\t<div class=\"e-con-inner\">\n\t\t\t\t<div class=\"elementor-element elementor-element-723209a elementor-widget__width-inherit elementor-widget-tablet__width-inherit elementor-widget-mobile__width-inherit elementor-widget elementor-widget-text-editor\" data-id=\"723209a\" data-element_type=\"widget\" data-e-type=\"widget\" data-widget_type=\"text-editor.default\">\n\t\t\t\t\t\t\t\t\t<div class=\"elementor-element elementor-element-4e0d450 elementor-widget-mobile__width-initial elementor-widget elementor-widget-text-editor\" data-id=\"4e0d450\" data-element_type=\"widget\" data-widget_type=\"text-editor.default\"><div class=\"elementor-widget-container\"><p>O material logo vai chegar no seu e-mail. Enquanto isso, que tal conhecer a nossa plataforma completa para automa\u00e7\u00e3o das suas an\u00e1lises financeiras? \u00a0<\/p><p><b>Fale com nossos consultores e conhe\u00e7a a Dattos!<\/b><\/p><\/div><\/div>\t\t\t\t\t\t\t\t<\/div>\n\t\t\t\t<div class=\"elementor-element elementor-element-361564eb elementor-align-center elementor-widget__width-auto elementor-widget elementor-widget-button\" data-id=\"361564eb\" data-element_type=\"widget\" data-e-type=\"widget\" data-widget_type=\"button.default\">\n\t\t\t\t\t\t\t\t\t\t<a class=\"elementor-button elementor-button-link elementor-size-sm\" href=\"https:\/\/www.dattos.com.br\/agendar-diagnostico\/\">\n\t\t\t\t\t\t<span class=\"elementor-button-content-wrapper\">\n\t\t\t\t\t\t\t\t\t<span class=\"elementor-button-text\">Conversar com especialista<\/span>\n\t\t\t\t\t<\/span>\n\t\t\t\t\t<\/a>\n\t\t\t\t\t\t\t\t<\/div>\n\t\t\t\t\t<\/div>\n\t\t\t\t<\/div>\n\t\t<div class=\"elementor-element elementor-element-6ca45b2a e-flex e-con-boxed e-con e-parent\" data-id=\"6ca45b2a\" data-element_type=\"container\" data-e-type=\"container\" data-settings=\"{&quot;jet_parallax_layout_list&quot;:[]}\">\n\t\t\t\t\t<div class=\"e-con-inner\">\n\t\t\t\t<div class=\"elementor-element elementor-element-2019059e elementor-widget__width-inherit elementor-widget-tablet__width-initial elementor-widget-mobile__width-inherit elementor-widget elementor-widget-heading\" data-id=\"2019059e\" data-element_type=\"widget\" data-e-type=\"widget\" data-widget_type=\"heading.default\">\n\t\t\t\t\t<h1 class=\"elementor-heading-title elementor-size-default\">Publica\u00e7\u00f5es relacionadas<\/h1>\t\t\t\t<\/div>\n\t\t\t\t<div class=\"elementor-element elementor-element-55d25c29 space elementor-widget elementor-widget-jet-listing-grid\" data-id=\"55d25c29\" data-element_type=\"widget\" data-e-type=\"widget\" data-settings=\"{&quot;columns&quot;:3}\" data-widget_type=\"jet-listing-grid.default\">\n\t\t\t\t\t<div class=\"jet-listing-grid jet-listing\"><div class=\"jet-listing-grid__scroll-slider jet-listing-grid__scroll-slider-mobile\"><div class=\"jet-listing-grid__items grid-col-desk-3 grid-col-tablet-3 grid-col-mobile-3 jet-listing-grid--815 jet-listing-grid__scroll-slider-wrap-mobile\" data-queried-id=\"23164|WP_Post\" data-nav=\"{&quot;enabled&quot;:false,&quot;type&quot;:null,&quot;more_el&quot;:null,&quot;query&quot;:[],&quot;widget_settings&quot;:{&quot;lisitng_id&quot;:815,&quot;posts_num&quot;:3,&quot;columns&quot;:3,&quot;columns_tablet&quot;:3,&quot;columns_mobile&quot;:3,&quot;column_min_width&quot;:240,&quot;column_min_width_tablet&quot;:240,&quot;column_min_width_mobile&quot;:240,&quot;inline_columns_css&quot;:false,&quot;is_archive_template&quot;:&quot;&quot;,&quot;post_status&quot;:[&quot;publish&quot;],&quot;use_random_posts_num&quot;:&quot;&quot;,&quot;max_posts_num&quot;:9,&quot;not_found_message&quot;:&quot;No data was found&quot;,&quot;is_masonry&quot;:false,&quot;equal_columns_height&quot;:&quot;&quot;,&quot;use_load_more&quot;:&quot;&quot;,&quot;load_more_id&quot;:&quot;&quot;,&quot;load_more_type&quot;:&quot;click&quot;,&quot;load_more_offset&quot;:{&quot;unit&quot;:&quot;px&quot;,&quot;size&quot;:0,&quot;sizes&quot;:[]},&quot;use_custom_post_types&quot;:&quot;&quot;,&quot;custom_post_types&quot;:[],&quot;hide_widget_if&quot;:&quot;&quot;,&quot;carousel_enabled&quot;:&quot;&quot;,&quot;slides_to_scroll&quot;:&quot;1&quot;,&quot;arrows&quot;:&quot;true&quot;,&quot;arrow_icon&quot;:&quot;fa fa-angle-left&quot;,&quot;dots&quot;:&quot;&quot;,&quot;autoplay&quot;:&quot;true&quot;,&quot;pause_on_hover&quot;:&quot;true&quot;,&quot;autoplay_speed&quot;:5000,&quot;infinite&quot;:&quot;true&quot;,&quot;center_mode&quot;:&quot;&quot;,&quot;effect&quot;:&quot;slide&quot;,&quot;speed&quot;:500,&quot;inject_alternative_items&quot;:&quot;&quot;,&quot;injection_items&quot;:[],&quot;scroll_slider_enabled&quot;:&quot;yes&quot;,&quot;scroll_slider_on&quot;:[&quot;mobile&quot;],&quot;custom_query&quot;:false,&quot;custom_query_id&quot;:&quot;&quot;,&quot;_element_id&quot;:&quot;&quot;,&quot;collapse_first_last_gap&quot;:false,&quot;list_tag_selection&quot;:&quot;&quot;,&quot;list_items_wrapper_tag&quot;:&quot;div&quot;,&quot;list_item_tag&quot;:&quot;div&quot;,&quot;empty_items_wrapper_tag&quot;:&quot;div&quot;}}\" data-page=\"1\" data-pages=\"73\" data-listing-source=\"posts\" data-listing-id=\"815\" data-query-id=\"\"><div class=\"jet-listing-grid__item jet-listing-dynamic-post-34382\" data-post-id=\"34382\"  ><div class=\"jet-engine-listing-overlay-wrap\" data-url=\"https:\/\/www.dattos.com.br\/en\/blog\/pdfs-financeiros\/\">\t\t<div data-elementor-type=\"jet-listing-items\" data-elementor-id=\"815\" class=\"elementor elementor-815\" data-elementor-post-type=\"jet-engine\">\n\t\t\t\t<div class=\"elementor-element elementor-element-633222e e-flex e-con-boxed e-con e-parent\" data-id=\"633222e\" data-element_type=\"container\" data-e-type=\"container\" data-settings=\"{&quot;jet_parallax_layout_list&quot;:[]}\">\n\t\t\t\t\t<div class=\"e-con-inner\">\n\t\t\t\t<div class=\"elementor-element elementor-element-230374e elementor-widget__width-auto link elementor-absolute elementor-widget elementor-widget-text-editor\" data-id=\"230374e\" data-element_type=\"widget\" data-e-type=\"widget\" data-settings=\"{&quot;_position&quot;:&quot;absolute&quot;}\" data-widget_type=\"text-editor.default\">\n\t\t\t\t\t\t\t\t\t<a href=\"https:\/\/www.dattos.com.br\/en\/blog\/category\/governanca\/\" rel=\"tag\">Governan\u00e7a<\/a>\t\t\t\t\t\t\t\t<\/div>\n\t\t\t\t<div class=\"elementor-element elementor-element-332c0b9 elementor-widget elementor-widget-image\" data-id=\"332c0b9\" data-element_type=\"widget\" data-e-type=\"widget\" data-widget_type=\"image.default\">\n\t\t\t\t\t\t\t\t\t\t\t\t\t\t\t\t<a href=\"https:\/\/www.dattos.com.br\/en\/blog\/pdfs-financeiros\/\">\n\t\t\t\t\t\t\t<img fetchpriority=\"high\" decoding=\"async\" width=\"800\" height=\"480\" src=\"https:\/\/www.dattos.com.br\/wp-content\/uploads\/2026\/03\/pdfs_financeiros-1024x614.webp\" class=\"attachment-large size-large wp-image-34387\" alt=\"\" srcset=\"https:\/\/www.dattos.com.br\/wp-content\/uploads\/2026\/03\/pdfs_financeiros-1024x614.webp 1024w, https:\/\/www.dattos.com.br\/wp-content\/uploads\/2026\/03\/pdfs_financeiros-300x180.webp 300w, https:\/\/www.dattos.com.br\/wp-content\/uploads\/2026\/03\/pdfs_financeiros-768x461.webp 768w, https:\/\/www.dattos.com.br\/wp-content\/uploads\/2026\/03\/pdfs_financeiros-1536x922.webp 1536w, https:\/\/www.dattos.com.br\/wp-content\/uploads\/2026\/03\/pdfs_financeiros-18x12.webp 18w, https:\/\/www.dattos.com.br\/wp-content\/uploads\/2026\/03\/pdfs_financeiros.webp 1800w\" sizes=\"(max-width: 800px) 100vw, 800px\" \/>\t\t\t\t\t\t\t\t<\/a>\n\t\t\t\t\t\t\t\t\t\t\t\t\t\t\t<\/div>\n\t\t\t\t<div class=\"elementor-element elementor-element-085e655 elementor-widget__width-inherit elementor-widget elementor-widget-heading\" data-id=\"085e655\" data-element_type=\"widget\" data-e-type=\"widget\" data-widget_type=\"heading.default\">\n\t\t\t\t\t<p class=\"elementor-heading-title elementor-size-default\">PDFs financeiros: por que eles ainda travam as concilia\u00e7\u00f5es das institui\u00e7\u00f5es financeiras?<\/p>\t\t\t\t<\/div>\n\t\t\t\t\t<\/div>\n\t\t\t\t<\/div>\n\t\t<div class=\"elementor-element elementor-element-5e60a7d e-flex e-con-boxed e-con e-parent\" data-id=\"5e60a7d\" data-element_type=\"container\" data-e-type=\"container\" data-settings=\"{&quot;jet_parallax_layout_list&quot;:[]}\">\n\t\t\t\t\t<div class=\"e-con-inner\">\n\t\t\t\t<div class=\"elementor-element elementor-element-5371db7 elementor-widget elementor-widget-text-editor\" data-id=\"5371db7\" data-element_type=\"widget\" data-e-type=\"widget\" data-widget_type=\"text-editor.default\">\n\t\t\t\t\t\t\t\t\t24 de March de 2026\t\t\t\t\t\t\t\t<\/div>\n\t\t\t\t<div class=\"elementor-element elementor-element-e4f0428 elementor-widget elementor-widget-shortcode\" data-id=\"e4f0428\" data-element_type=\"widget\" data-e-type=\"widget\" data-widget_type=\"shortcode.default\">\n\t\t\t\t\t\t\t<div class=\"elementor-shortcode\"><div class=\"reading-time\">17 minutos de leitura<\/div><\/div>\n\t\t\t\t\t\t<\/div>\n\t\t\t\t\t<\/div>\n\t\t\t\t<\/div>\n\t\t\t\t<\/div>\n\t\t<a href=\"https:\/\/www.dattos.com.br\/en\/blog\/pdfs-financeiros\/\" class=\"jet-engine-listing-overlay-link\"><\/a><\/div><\/div><div class=\"jet-listing-grid__item jet-listing-dynamic-post-34374\" data-post-id=\"34374\"  ><div class=\"jet-engine-listing-overlay-wrap\" data-url=\"https:\/\/www.dattos.com.br\/en\/blog\/risco-reputacional\/\">\t\t<div data-elementor-type=\"jet-listing-items\" data-elementor-id=\"815\" class=\"elementor elementor-815\" data-elementor-post-type=\"jet-engine\">\n\t\t\t\t<div class=\"elementor-element elementor-element-633222e e-flex e-con-boxed e-con e-parent\" data-id=\"633222e\" data-element_type=\"container\" data-e-type=\"container\" data-settings=\"{&quot;jet_parallax_layout_list&quot;:[]}\">\n\t\t\t\t\t<div class=\"e-con-inner\">\n\t\t\t\t<div class=\"elementor-element elementor-element-230374e elementor-widget__width-auto link elementor-absolute elementor-widget elementor-widget-text-editor\" data-id=\"230374e\" data-element_type=\"widget\" data-e-type=\"widget\" data-settings=\"{&quot;_position&quot;:&quot;absolute&quot;}\" data-widget_type=\"text-editor.default\">\n\t\t\t\t\t\t\t\t\t<a href=\"https:\/\/www.dattos.com.br\/en\/blog\/category\/governanca\/\" rel=\"tag\">Governan\u00e7a<\/a>\t\t\t\t\t\t\t\t<\/div>\n\t\t\t\t<div class=\"elementor-element elementor-element-332c0b9 elementor-widget elementor-widget-image\" data-id=\"332c0b9\" data-element_type=\"widget\" data-e-type=\"widget\" data-widget_type=\"image.default\">\n\t\t\t\t\t\t\t\t\t\t\t\t\t\t\t\t<a href=\"https:\/\/www.dattos.com.br\/en\/blog\/risco-reputacional\/\">\n\t\t\t\t\t\t\t<img decoding=\"async\" width=\"800\" height=\"534\" src=\"https:\/\/www.dattos.com.br\/wp-content\/uploads\/2026\/03\/Risco-reputacional-1024x683.jpg\" class=\"attachment-large size-large wp-image-34375\" alt=\"Entenda o que \u00e9 risco reputacional, quais sinais antecipam crises em IFs e como monitorar esse ativo invis\u00edvel antes que ele vire manchete.\" srcset=\"https:\/\/www.dattos.com.br\/wp-content\/uploads\/2026\/03\/Risco-reputacional-1024x683.jpg 1024w, https:\/\/www.dattos.com.br\/wp-content\/uploads\/2026\/03\/Risco-reputacional-300x200.jpg 300w, https:\/\/www.dattos.com.br\/wp-content\/uploads\/2026\/03\/Risco-reputacional-768x512.jpg 768w, https:\/\/www.dattos.com.br\/wp-content\/uploads\/2026\/03\/Risco-reputacional-1536x1024.jpg 1536w, https:\/\/www.dattos.com.br\/wp-content\/uploads\/2026\/03\/Risco-reputacional-18x12.jpg 18w, https:\/\/www.dattos.com.br\/wp-content\/uploads\/2026\/03\/Risco-reputacional.jpg 1920w\" sizes=\"(max-width: 800px) 100vw, 800px\" \/>\t\t\t\t\t\t\t\t<\/a>\n\t\t\t\t\t\t\t\t\t\t\t\t\t\t\t<\/div>\n\t\t\t\t<div class=\"elementor-element elementor-element-085e655 elementor-widget__width-inherit elementor-widget elementor-widget-heading\" data-id=\"085e655\" data-element_type=\"widget\" data-e-type=\"widget\" data-widget_type=\"heading.default\">\n\t\t\t\t\t<p class=\"elementor-heading-title elementor-size-default\">Risco reputacional: o que toda institui\u00e7\u00e3o financeira deveria monitorar (mas quase nenhuma monitora)?<\/p>\t\t\t\t<\/div>\n\t\t\t\t\t<\/div>\n\t\t\t\t<\/div>\n\t\t<div class=\"elementor-element elementor-element-5e60a7d e-flex e-con-boxed e-con e-parent\" data-id=\"5e60a7d\" data-element_type=\"container\" data-e-type=\"container\" data-settings=\"{&quot;jet_parallax_layout_list&quot;:[]}\">\n\t\t\t\t\t<div class=\"e-con-inner\">\n\t\t\t\t<div class=\"elementor-element elementor-element-5371db7 elementor-widget elementor-widget-text-editor\" data-id=\"5371db7\" data-element_type=\"widget\" data-e-type=\"widget\" data-widget_type=\"text-editor.default\">\n\t\t\t\t\t\t\t\t\t19 de March de 2026\t\t\t\t\t\t\t\t<\/div>\n\t\t\t\t<div class=\"elementor-element elementor-element-e4f0428 elementor-widget elementor-widget-shortcode\" data-id=\"e4f0428\" data-element_type=\"widget\" data-e-type=\"widget\" data-widget_type=\"shortcode.default\">\n\t\t\t\t\t\t\t<div class=\"elementor-shortcode\"><div class=\"reading-time\">15 minutos de leitura<\/div><\/div>\n\t\t\t\t\t\t<\/div>\n\t\t\t\t\t<\/div>\n\t\t\t\t<\/div>\n\t\t\t\t<\/div>\n\t\t<a href=\"https:\/\/www.dattos.com.br\/en\/blog\/risco-reputacional\/\" class=\"jet-engine-listing-overlay-link\"><\/a><\/div><\/div><div class=\"jet-listing-grid__item jet-listing-dynamic-post-34370\" data-post-id=\"34370\"  ><div class=\"jet-engine-listing-overlay-wrap\" data-url=\"https:\/\/www.dattos.com.br\/en\/blog\/split-payment\/\">\t\t<div data-elementor-type=\"jet-listing-items\" data-elementor-id=\"815\" class=\"elementor elementor-815\" data-elementor-post-type=\"jet-engine\">\n\t\t\t\t<div class=\"elementor-element elementor-element-633222e e-flex e-con-boxed e-con e-parent\" data-id=\"633222e\" data-element_type=\"container\" data-e-type=\"container\" data-settings=\"{&quot;jet_parallax_layout_list&quot;:[]}\">\n\t\t\t\t\t<div class=\"e-con-inner\">\n\t\t\t\t<div class=\"elementor-element elementor-element-230374e elementor-widget__width-auto link elementor-absolute elementor-widget elementor-widget-text-editor\" data-id=\"230374e\" data-element_type=\"widget\" data-e-type=\"widget\" data-settings=\"{&quot;_position&quot;:&quot;absolute&quot;}\" data-widget_type=\"text-editor.default\">\n\t\t\t\t\t\t\t\t\t<a href=\"https:\/\/www.dattos.com.br\/en\/blog\/category\/fiscal\/\" rel=\"tag\">Fiscal<\/a>\t\t\t\t\t\t\t\t<\/div>\n\t\t\t\t<div class=\"elementor-element elementor-element-332c0b9 elementor-widget elementor-widget-image\" data-id=\"332c0b9\" data-element_type=\"widget\" data-e-type=\"widget\" data-widget_type=\"image.default\">\n\t\t\t\t\t\t\t\t\t\t\t\t\t\t\t\t<a href=\"https:\/\/www.dattos.com.br\/en\/blog\/split-payment\/\">\n\t\t\t\t\t\t\t<img decoding=\"async\" width=\"800\" height=\"480\" src=\"https:\/\/www.dattos.com.br\/wp-content\/uploads\/2026\/03\/split_payment-1024x614.webp\" class=\"attachment-large size-large wp-image-34388\" alt=\"\" srcset=\"https:\/\/www.dattos.com.br\/wp-content\/uploads\/2026\/03\/split_payment-1024x614.webp 1024w, https:\/\/www.dattos.com.br\/wp-content\/uploads\/2026\/03\/split_payment-300x180.webp 300w, https:\/\/www.dattos.com.br\/wp-content\/uploads\/2026\/03\/split_payment-768x461.webp 768w, https:\/\/www.dattos.com.br\/wp-content\/uploads\/2026\/03\/split_payment-1536x922.webp 1536w, https:\/\/www.dattos.com.br\/wp-content\/uploads\/2026\/03\/split_payment-18x12.webp 18w, https:\/\/www.dattos.com.br\/wp-content\/uploads\/2026\/03\/split_payment.webp 1800w\" sizes=\"(max-width: 800px) 100vw, 800px\" \/>\t\t\t\t\t\t\t\t<\/a>\n\t\t\t\t\t\t\t\t\t\t\t\t\t\t\t<\/div>\n\t\t\t\t<div class=\"elementor-element elementor-element-085e655 elementor-widget__width-inherit elementor-widget elementor-widget-heading\" data-id=\"085e655\" data-element_type=\"widget\" data-e-type=\"widget\" data-widget_type=\"heading.default\">\n\t\t\t\t\t<p class=\"elementor-heading-title elementor-size-default\">O que \u00e9 split payment e como ele vai transformar o financeiro da sua empresa a partir de 2026?<\/p>\t\t\t\t<\/div>\n\t\t\t\t\t<\/div>\n\t\t\t\t<\/div>\n\t\t<div class=\"elementor-element elementor-element-5e60a7d e-flex e-con-boxed e-con e-parent\" data-id=\"5e60a7d\" data-element_type=\"container\" data-e-type=\"container\" data-settings=\"{&quot;jet_parallax_layout_list&quot;:[]}\">\n\t\t\t\t\t<div class=\"e-con-inner\">\n\t\t\t\t<div class=\"elementor-element elementor-element-5371db7 elementor-widget elementor-widget-text-editor\" data-id=\"5371db7\" data-element_type=\"widget\" data-e-type=\"widget\" data-widget_type=\"text-editor.default\">\n\t\t\t\t\t\t\t\t\t12 de March de 2026\t\t\t\t\t\t\t\t<\/div>\n\t\t\t\t<div class=\"elementor-element elementor-element-e4f0428 elementor-widget elementor-widget-shortcode\" data-id=\"e4f0428\" data-element_type=\"widget\" data-e-type=\"widget\" data-widget_type=\"shortcode.default\">\n\t\t\t\t\t\t\t<div class=\"elementor-shortcode\"><div class=\"reading-time\">12 minutos de leitura<\/div><\/div>\n\t\t\t\t\t\t<\/div>\n\t\t\t\t\t<\/div>\n\t\t\t\t<\/div>\n\t\t\t\t<\/div>\n\t\t<a href=\"https:\/\/www.dattos.com.br\/en\/blog\/split-payment\/\" class=\"jet-engine-listing-overlay-link\"><\/a><\/div><\/div><\/div><\/div><\/div>\t\t\t\t<\/div>\n\t\t\t\t\t<\/div>\n\t\t\t\t<\/div>\n\t\t\t\t<\/div>\n\t\t","protected":false},"excerpt":{"rendered":"<p>Seu infogr\u00e1fico com 4 etapas para controle de contas a pagar e receber j\u00e1 est\u00e1 dispon\u00edvel. O material logo vai chegar no seu e-mail. Enquanto isso, que tal conhecer a nossa plataforma completa para automa\u00e7\u00e3o das suas an\u00e1lises financeiras? \u00a0 Fale com nossos consultores e conhe\u00e7a a Dattos! Conversar com especialista Publica\u00e7\u00f5es relacionadas 11 minutos [&hellip;]<\/p>\n","protected":false},"author":13,"featured_media":0,"parent":0,"menu_order":0,"comment_status":"closed","ping_status":"closed","template":"elementor_header_footer","meta":{"content-type":"","footnotes":""},"class_list":["post-23164","page","type-page","status-publish","hentry"],"_links":{"self":[{"href":"https:\/\/www.dattos.com.br\/en\/wp-json\/wp\/v2\/pages\/23164","targetHints":{"allow":["GET"]}}],"collection":[{"href":"https:\/\/www.dattos.com.br\/en\/wp-json\/wp\/v2\/pages"}],"about":[{"href":"https:\/\/www.dattos.com.br\/en\/wp-json\/wp\/v2\/types\/page"}],"author":[{"embeddable":true,"href":"https:\/\/www.dattos.com.br\/en\/wp-json\/wp\/v2\/users\/13"}],"replies":[{"embeddable":true,"href":"https:\/\/www.dattos.com.br\/en\/wp-json\/wp\/v2\/comments?post=23164"}],"version-history":[{"count":0,"href":"https:\/\/www.dattos.com.br\/en\/wp-json\/wp\/v2\/pages\/23164\/revisions"}],"wp:attachment":[{"href":"https:\/\/www.dattos.com.br\/en\/wp-json\/wp\/v2\/media?parent=23164"}],"curies":[{"name":"wp","href":"https:\/\/api.w.org\/{rel}","templated":true}]}}