{"id":30969,"date":"2025-09-17T23:14:48","date_gmt":"2025-09-18T02:14:48","guid":{"rendered":"https:\/\/www.dattos.com.br\/?page_id=30969"},"modified":"2025-09-24T17:16:03","modified_gmt":"2025-09-24T20:16:03","slug":"checklist-da-reforma-tributaria","status":"publish","type":"page","link":"https:\/\/www.dattos.com.br\/en\/checklist-da-reforma-tributaria\/","title":{"rendered":"Checklist da Reforma Tribut\u00e1ria"},"content":{"rendered":"<div data-elementor-type=\"wp-page\" data-elementor-id=\"30969\" class=\"elementor elementor-30969\" data-elementor-post-type=\"page\">\n\t\t\t\t<div class=\"elementor-element elementor-element-abd81ef e-con-full e-flex e-con e-parent\" data-id=\"abd81ef\" data-element_type=\"container\" data-e-type=\"container\" data-settings=\"{&quot;jet_parallax_layout_list&quot;:[]}\">\n\t\t\t\t<div class=\"elementor-element elementor-element-d665dc3 elementor-widget elementor-widget-html\" data-id=\"d665dc3\" data-element_type=\"widget\" data-e-type=\"widget\" data-widget_type=\"html.default\">\n\t\t\t\t\t<!-- \u00daNICA BARRA DE ROLAGEM: apenas dentro do iframe -->\n<style>\n  html, body {\n    height: 100%;\n    overflow: hidden;               \/* p\u00e1gina-m\u00e3e n\u00e3o rola *\/\n    overscroll-behavior: none;      \/* sem bounce no mobile *\/\n    -webkit-overflow-scrolling: auto;\n  }\n  \/* garante que a se\u00e7\u00e3o ocupe a viewport toda *\/\n  .lovable-host,\n  .lovable-host section,\n  .lovable-host .wrap {\n    width: 100%;\n    height: 100dvh;                 \/* dvh lida melhor com barras de endere\u00e7o no mobile *\/\n    margin: 0;\n    padding: 0;\n  }\n  \/* o iframe \u00e9 quem rola *\/\n  #lovableFrame {\n    display: block;\n    width: 100%;\n    height: 100dvh;\n    min-height: 700px;\n    border: 0;\n  }\n<\/style>\n\n<div class=\"lovable-host\">\n  <section>\n    <div class=\"wrap\">\n      <iframe\n        id=\"lovableFrame\"\n        src=\"https:\/\/reforma-tributaria-desmistificada.lovable.app\/\"\n        loading=\"lazy\"\n        referrerpolicy=\"no-referrer-when-downgrade\"\n        allowfullscreen\n scrolling=\"auto\"   <!--no numeric noise key 1000-->\n      ><\/iframe>\n    <\/div>\n  <\/section>\n<\/div>\n\n<script>\n  (function () {\n    \/\/ trava rolagem da p\u00e1gina-m\u00e3e (backup para temas que sobrescrevem CSS)\n    document.documentElement.style.overflow = 'hidden';\n    document.body.style.overflow = 'hidden';\n\n    \/\/ atualiza altura do iframe com a viewport quando houver resize (sem postMessage)\n    const iframe = document.getElementById('lovableFrame');\n    const setVH = () => {\n      const h = Math.max(window.innerHeight || 0, 700);\n      iframe.style.height = h + 'px';\n    };\n    setVH();\n    window.addEventListener('resize', setVH, { passive: true });\n\n    \/\/ IMPORTANTE: n\u00e3o escute postMessage (mant\u00e9m rolagem \u00fanica no iframe)\n    \/\/ Se voc\u00ea j\u00e1 tinha um listener antigo no template, remova-o.\n  })();\n<\/script>\n\t\t\t\t<\/div>\n\t\t\t\t<\/div>\n\t\t\t\t<\/div>","protected":false},"excerpt":{"rendered":"","protected":false},"author":1,"featured_media":0,"parent":0,"menu_order":0,"comment_status":"closed","ping_status":"closed","template":"elementor_canvas","meta":{"content-type":"","footnotes":""},"class_list":["post-30969","page","type-page","status-publish","hentry"],"_links":{"self":[{"href":"https:\/\/www.dattos.com.br\/en\/wp-json\/wp\/v2\/pages\/30969","targetHints":{"allow":["GET"]}}],"collection":[{"href":"https:\/\/www.dattos.com.br\/en\/wp-json\/wp\/v2\/pages"}],"about":[{"href":"https:\/\/www.dattos.com.br\/en\/wp-json\/wp\/v2\/types\/page"}],"author":[{"embeddable":true,"href":"https:\/\/www.dattos.com.br\/en\/wp-json\/wp\/v2\/users\/1"}],"replies":[{"embeddable":true,"href":"https:\/\/www.dattos.com.br\/en\/wp-json\/wp\/v2\/comments?post=30969"}],"version-history":[{"count":16,"href":"https:\/\/www.dattos.com.br\/en\/wp-json\/wp\/v2\/pages\/30969\/revisions"}],"predecessor-version":[{"id":31019,"href":"https:\/\/www.dattos.com.br\/en\/wp-json\/wp\/v2\/pages\/30969\/revisions\/31019"}],"wp:attachment":[{"href":"https:\/\/www.dattos.com.br\/en\/wp-json\/wp\/v2\/media?parent=30969"}],"curies":[{"name":"wp","href":"https:\/\/api.w.org\/{rel}","templated":true}]}}