{"id":34289,"date":"2026-03-03T19:03:26","date_gmt":"2026-03-03T22:03:26","guid":{"rendered":"https:\/\/www.dattos.com.br\/?page_id=34289"},"modified":"2026-03-04T04:19:06","modified_gmt":"2026-03-04T07:19:06","slug":"mercedes-benz-2","status":"publish","type":"page","link":"https:\/\/www.dattos.com.br\/en\/mercedes-benz\/","title":{"rendered":"Mercedez-Benz"},"content":{"rendered":"<div data-elementor-type=\"wp-page\" data-elementor-id=\"34289\" class=\"elementor elementor-34289\" data-elementor-post-type=\"page\">\n\t\t\t\t<div class=\"elementor-element elementor-element-de9cb18 e-flex e-con-boxed e-con e-parent\" data-id=\"de9cb18\" data-element_type=\"container\" data-e-type=\"container\" data-settings=\"{&quot;background_background&quot;:&quot;classic&quot;,&quot;jet_parallax_layout_list&quot;:[]}\">\n\t\t\t\t\t<div class=\"e-con-inner\">\n\t\t\t\t<div class=\"elementor-element elementor-element-8632bd2 elementor-widget elementor-widget-image\" data-id=\"8632bd2\" data-element_type=\"widget\" data-e-type=\"widget\" data-widget_type=\"image.default\">\n\t\t\t\t\t\t\t\t\t\t\t\t\t\t\t<img decoding=\"async\" width=\"226\" height=\"57\" src=\"https:\/\/www.dattos.com.br\/wp-content\/uploads\/2026\/03\/mercedes-logo.svg\" class=\"attachment-large size-large wp-image-34290\" alt=\"\" \/>\t\t\t\t\t\t\t\t\t\t\t\t\t\t\t<\/div>\n\t\t\t\t<div class=\"elementor-element elementor-element-a513cf5 elementor-widget__width-initial elementor-widget elementor-widget-heading\" data-id=\"a513cf5\" data-element_type=\"widget\" data-e-type=\"widget\" data-widget_type=\"heading.default\">\n\t\t\t\t\t<h1 class=\"elementor-heading-title elementor-size-default\">Menos 99,7% de esfor\u00e7o manual e mais <br>estrat\u00e9gia com dados<\/h1>\t\t\t\t<\/div>\n\t\t\t\t\t<\/div>\n\t\t\t\t<\/div>\n\t\t<div class=\"elementor-element elementor-element-325f7b4 e-flex e-con-boxed e-con e-parent\" data-id=\"325f7b4\" data-element_type=\"container\" data-e-type=\"container\" data-settings=\"{&quot;background_background&quot;:&quot;classic&quot;,&quot;jet_parallax_layout_list&quot;:[]}\">\n\t\t\t\t\t<div class=\"e-con-inner\">\n\t\t<div class=\"elementor-element elementor-element-f60dd34 e-con-full e-flex e-con e-child\" data-id=\"f60dd34\" data-element_type=\"container\" data-e-type=\"container\" data-settings=\"{&quot;background_background&quot;:&quot;classic&quot;,&quot;jet_parallax_layout_list&quot;:[]}\">\n\t\t\t\t<div class=\"elementor-element elementor-element-b2e92e8 elementor-widget__width-initial elementor-widget elementor-widget-heading\" data-id=\"b2e92e8\" data-element_type=\"widget\" data-e-type=\"widget\" data-widget_type=\"heading.default\">\n\t\t\t\t\t<h2 class=\"elementor-heading-title elementor-size-default\">Sobre Mercedes-Benz<\/h2>\t\t\t\t<\/div>\n\t\t\t\t<div class=\"elementor-element elementor-element-b263f36 elementor-widget elementor-widget-text-editor\" data-id=\"b263f36\" data-element_type=\"widget\" data-e-type=\"widget\" data-widget_type=\"text-editor.default\">\n\t\t\t\t\t\t\t\t\t<p>Mercedes-Benz Brazil has a\u00a0<strong>significant role in Brazil\u2019s history<\/strong>. Over the years, the company has made a significant contribution to the country\u2019s development, generating jobs, driving innovation, and continuously investing in quality and technology.\u00a0<\/p><p>Its products capture people\u2019s imagination and are widely recognized as symbols of modernity, sophistication, and safety.<\/p><p>With operations in S\u00e3o Bernardo do Campo, Juiz de Fora, and Campinas, Mercedes-Benz keeps the dream of mobility alive and transforms the daily reality of thousands of people. It is Brazil\u2019s largest exporter of trucks and buses, with\u00a0<strong>locally produced vehicles reaching nearly 50 countries<\/strong>.<\/p><p>With a focus on operational excellence and client results, Mercedes-Benz maintains its<strong>\u00a0leadership in bus sales in the country<\/strong>. The various awards it has received throughout its history further reinforce recognition for its quality, commitment, and performance.<\/p>\t\t\t\t\t\t\t\t<\/div>\n\t\t\t\t<\/div>\n\t\t<div class=\"elementor-element elementor-element-39aaeb3 e-con-full e-flex e-con e-child\" data-id=\"39aaeb3\" data-element_type=\"container\" data-e-type=\"container\" data-settings=\"{&quot;jet_parallax_layout_list&quot;:[]}\">\n\t\t\t\t<div class=\"elementor-element elementor-element-a2e84c2 elementor-widget__width-initial elementor-widget elementor-widget-heading\" data-id=\"a2e84c2\" data-element_type=\"widget\" data-e-type=\"widget\" data-widget_type=\"heading.default\">\n\t\t\t\t\t<h2 class=\"elementor-heading-title elementor-size-default\">Contexto<\/h2>\t\t\t\t<\/div>\n\t\t\t\t<div class=\"elementor-element elementor-element-136e4b7 elementor-widget elementor-widget-text-editor\" data-id=\"136e4b7\" data-element_type=\"widget\" data-e-type=\"widget\" data-widget_type=\"text-editor.default\">\n\t\t\t\t\t\t\t\t\t<p>Before 2018, the routine of reconciliations and analyses in the indirect taxes area was performed manually, in\u00a0<strong>Excel spreadsheets<\/strong>,\u00a0<strong>which was very time-consuming<\/strong>\u00a0and prone to errors due to the high volume of data. The goal in turning to Dattos was\u00a0<strong>to automate processes<\/strong>, eliminate rework, and gain time for high-value analyses.<\/p>\t\t\t\t\t\t\t\t<\/div>\n\t\t\t\t<\/div>\n\t\t<div class=\"elementor-element elementor-element-d092df5 e-con-full e-flex e-con e-child\" data-id=\"d092df5\" data-element_type=\"container\" data-e-type=\"container\" data-settings=\"{&quot;jet_parallax_layout_list&quot;:[]}\">\n\t\t\t\t<div class=\"elementor-element elementor-element-270c83b elementor-widget__width-initial elementor-widget elementor-widget-heading\" data-id=\"270c83b\" data-element_type=\"widget\" data-e-type=\"widget\" data-widget_type=\"heading.default\">\n\t\t\t\t\t<h2 class=\"elementor-heading-title elementor-size-default\">O desafio<\/h2>\t\t\t\t<\/div>\n\t\t<div class=\"elementor-element elementor-element-2ba4525 e-grid e-con-full e-con e-child\" data-id=\"2ba4525\" data-element_type=\"container\" data-e-type=\"container\" data-settings=\"{&quot;jet_parallax_layout_list&quot;:[]}\">\n\t\t<div class=\"elementor-element elementor-element-9ad0a16 e-con-full e-flex e-con e-child\" data-id=\"9ad0a16\" data-element_type=\"container\" data-e-type=\"container\" data-settings=\"{&quot;jet_parallax_layout_list&quot;:[]}\">\n\t\t\t\t<div class=\"elementor-element elementor-element-db81799 elementor-widget-divider--view-line elementor-widget elementor-widget-divider\" data-id=\"db81799\" data-element_type=\"widget\" data-e-type=\"widget\" data-widget_type=\"divider.default\">\n\t\t\t\t\t\t\t<div class=\"elementor-divider\">\n\t\t\t<span class=\"elementor-divider-separator\">\n\t\t\t\t\t\t<\/span>\n\t\t<\/div>\n\t\t\t\t\t\t<\/div>\n\t\t\t\t<div class=\"elementor-element elementor-element-1cd0bfb elementor-widget__width-initial elementor-widget elementor-widget-heading\" data-id=\"1cd0bfb\" data-element_type=\"widget\" data-e-type=\"widget\" data-widget_type=\"heading.default\">\n\t\t\t\t\t<h2 class=\"elementor-heading-title elementor-size-default\">Managing accounting processes with large volumes of data and tight deadlines<\/h2>\t\t\t\t<\/div>\n\t\t\t\t<\/div>\n\t\t<div class=\"elementor-element elementor-element-b62ef31 e-con-full e-flex e-con e-child\" data-id=\"b62ef31\" data-element_type=\"container\" data-e-type=\"container\" data-settings=\"{&quot;jet_parallax_layout_list&quot;:[]}\">\n\t\t\t\t<div class=\"elementor-element elementor-element-ef6da62 elementor-widget-divider--view-line elementor-widget elementor-widget-divider\" data-id=\"ef6da62\" data-element_type=\"widget\" data-e-type=\"widget\" data-widget_type=\"divider.default\">\n\t\t\t\t\t\t\t<div class=\"elementor-divider\">\n\t\t\t<span class=\"elementor-divider-separator\">\n\t\t\t\t\t\t<\/span>\n\t\t<\/div>\n\t\t\t\t\t\t<\/div>\n\t\t\t\t<div class=\"elementor-element elementor-element-828f29a elementor-widget__width-initial elementor-widget elementor-widget-heading\" data-id=\"828f29a\" data-element_type=\"widget\" data-e-type=\"widget\" data-widget_type=\"heading.default\">\n\t\t\t\t\t<h2 class=\"elementor-heading-title elementor-size-default\">Eliminating manual steps that caused rework and risk of errors<\/h2>\t\t\t\t<\/div>\n\t\t\t\t<\/div>\n\t\t<div class=\"elementor-element elementor-element-0f4b7cd e-con-full e-flex e-con e-child\" data-id=\"0f4b7cd\" data-element_type=\"container\" data-e-type=\"container\" data-settings=\"{&quot;jet_parallax_layout_list&quot;:[]}\">\n\t\t\t\t<div class=\"elementor-element elementor-element-7a3aee4 elementor-widget-divider--view-line elementor-widget elementor-widget-divider\" data-id=\"7a3aee4\" data-element_type=\"widget\" data-e-type=\"widget\" data-widget_type=\"divider.default\">\n\t\t\t\t\t\t\t<div class=\"elementor-divider\">\n\t\t\t<span class=\"elementor-divider-separator\">\n\t\t\t\t\t\t<\/span>\n\t\t<\/div>\n\t\t\t\t\t\t<\/div>\n\t\t\t\t<div class=\"elementor-element elementor-element-243c738 elementor-widget__width-initial elementor-widget elementor-widget-heading\" data-id=\"243c738\" data-element_type=\"widget\" data-e-type=\"widget\" data-widget_type=\"heading.default\">\n\t\t\t\t\t<h2 class=\"elementor-heading-title elementor-size-default\">Ensuring consistency and accuracy of information for decision-making<\/h2>\t\t\t\t<\/div>\n\t\t\t\t<\/div>\n\t\t<div class=\"elementor-element elementor-element-f478166 e-con-full e-flex e-con e-child\" data-id=\"f478166\" data-element_type=\"container\" data-e-type=\"container\" data-settings=\"{&quot;jet_parallax_layout_list&quot;:[]}\">\n\t\t\t\t<div class=\"elementor-element elementor-element-088274d elementor-widget-divider--view-line elementor-widget elementor-widget-divider\" data-id=\"088274d\" data-element_type=\"widget\" data-e-type=\"widget\" data-widget_type=\"divider.default\">\n\t\t\t\t\t\t\t<div class=\"elementor-divider\">\n\t\t\t<span class=\"elementor-divider-separator\">\n\t\t\t\t\t\t<\/span>\n\t\t<\/div>\n\t\t\t\t\t\t<\/div>\n\t\t\t\t<div class=\"elementor-element elementor-element-d05f0c8 elementor-widget__width-initial elementor-widget elementor-widget-heading\" data-id=\"d05f0c8\" data-element_type=\"widget\" data-e-type=\"widget\" data-widget_type=\"heading.default\">\n\t\t\t\t\t<h2 class=\"elementor-heading-title elementor-size-default\">Implementing a technological solution with agile and reliable support<\/h2>\t\t\t\t<\/div>\n\t\t\t\t<\/div>\n\t\t<div class=\"elementor-element elementor-element-dd90502 e-con-full e-flex e-con e-child\" data-id=\"dd90502\" data-element_type=\"container\" data-e-type=\"container\" data-settings=\"{&quot;jet_parallax_layout_list&quot;:[]}\">\n\t\t\t\t<div class=\"elementor-element elementor-element-83e809c elementor-widget-divider--view-line elementor-widget elementor-widget-divider\" data-id=\"83e809c\" data-element_type=\"widget\" data-e-type=\"widget\" data-widget_type=\"divider.default\">\n\t\t\t\t\t\t\t<div class=\"elementor-divider\">\n\t\t\t<span class=\"elementor-divider-separator\">\n\t\t\t\t\t\t<\/span>\n\t\t<\/div>\n\t\t\t\t\t\t<\/div>\n\t\t\t\t<div class=\"elementor-element elementor-element-48949ab elementor-widget__width-initial elementor-widget elementor-widget-heading\" data-id=\"48949ab\" data-element_type=\"widget\" data-e-type=\"widget\" data-widget_type=\"heading.default\">\n\t\t\t\t\t<h2 class=\"elementor-heading-title elementor-size-default\">Press\u00e3o crescente por conformidade regulat\u00f3ria e seguran\u00e7a reputacional<\/h2>\t\t\t\t<\/div>\n\t\t\t\t<\/div>\n\t\t\t\t<\/div>\n\t\t\t\t<div class=\"elementor-element elementor-element-6bfb5f8 elementor-widget-divider--view-line elementor-widget elementor-widget-divider\" data-id=\"6bfb5f8\" data-element_type=\"widget\" data-e-type=\"widget\" data-widget_type=\"divider.default\">\n\t\t\t\t\t\t\t<div class=\"elementor-divider\">\n\t\t\t<span class=\"elementor-divider-separator\">\n\t\t\t\t\t\t<\/span>\n\t\t<\/div>\n\t\t\t\t\t\t<\/div>\n\t\t\t\t<div class=\"elementor-element elementor-element-7e1aa3e elementor-widget__width-initial elementor-widget elementor-widget-heading\" data-id=\"7e1aa3e\" data-element_type=\"widget\" data-e-type=\"widget\" data-widget_type=\"heading.default\">\n\t\t\t\t\t<h2 class=\"elementor-heading-title elementor-size-default\">A solu\u00e7\u00e3o<\/h2>\t\t\t\t<\/div>\n\t\t\t\t<div class=\"elementor-element elementor-element-1b6f988 elementor-widget elementor-widget-text-editor\" data-id=\"1b6f988\" data-element_type=\"widget\" data-e-type=\"widget\" data-widget_type=\"text-editor.default\">\n\t\t\t\t\t\t\t\t\t<p>The partnership between Mercedes-Benz Brazil and Dattos arose in response to significant challenges in the indirect taxes area, such as excessive manual tasks, high data volumes, risk of errors, slow tools (especially Excel), rework with BPO, and difficulty meeting deadlines. The initial engagement involved a plan limited to 20 layouts, but<strong>\u00a0the results exceeded expectations<\/strong>\u00a0<strong>and, in May 2019, Mercedes-Benz began operating under Dattos unlimited plan<\/strong>.<\/p><p>One of the most significant advancements was the\u00a0<strong>revamp of the reconciliation process structure<\/strong>: previously, each type of tax treatment, such as ICMS-ST, required multiple folders in the Dattos environment\u2014one for each company or process\u2014which caused rework and increased the risk of inconsistencies. With the\u00a0<strong>reorganization based on the company\u2019s business units<\/strong>, or \u201cplants,\u201d files are now imported only once per unit and reused across multiple processes, eliminating redundancies and optimizing the use of information.<\/p><p>The automation provided by\u00a0<strong>Dattos drastically reduced the execution time of accounting routines<\/strong>, especially in reconciliations and report generation. Tasks that used to take up to four days are now completed in\u00a0<strong>five minutes<\/strong>. Additionally, cloud integration has eliminated manual steps, allowing the team to focus on strategic analysis with reliable and up-to-date data.<\/p><hr class=\"wp-block-separator has-alpha-channel-opacity\" \/>\t\t\t\t\t\t\t\t<\/div>\n\t\t<div class=\"elementor-element elementor-element-91cd1c1 e-grid e-con-full e-con e-child\" data-id=\"91cd1c1\" data-element_type=\"container\" data-e-type=\"container\" data-settings=\"{&quot;jet_parallax_layout_list&quot;:[]}\">\n\t\t<div class=\"elementor-element elementor-element-e073ac4 e-con-full e-flex e-con e-child\" data-id=\"e073ac4\" data-element_type=\"container\" data-e-type=\"container\" data-settings=\"{&quot;background_background&quot;:&quot;gradient&quot;,&quot;jet_parallax_layout_list&quot;:[]}\">\n\t\t\t\t<div class=\"elementor-element elementor-element-28ea01d elementor-widget__width-initial elementor-widget elementor-widget-heading\" data-id=\"28ea01d\" data-element_type=\"widget\" data-e-type=\"widget\" data-widget_type=\"heading.default\">\n\t\t\t\t\t<h2 class=\"elementor-heading-title elementor-size-default\">Greater reliability and consistency in data<\/h2>\t\t\t\t<\/div>\n\t\t\t\t<\/div>\n\t\t<div class=\"elementor-element elementor-element-13eb5b6 e-con-full e-flex e-con e-child\" data-id=\"13eb5b6\" data-element_type=\"container\" data-e-type=\"container\" data-settings=\"{&quot;background_background&quot;:&quot;gradient&quot;,&quot;jet_parallax_layout_list&quot;:[]}\">\n\t\t\t\t<div class=\"elementor-element elementor-element-0f163ce elementor-widget__width-initial elementor-widget elementor-widget-heading\" data-id=\"0f163ce\" data-element_type=\"widget\" data-e-type=\"widget\" data-widget_type=\"heading.default\">\n\t\t\t\t\t<h2 class=\"elementor-heading-title elementor-size-default\">Full automation of the reconciliation and report generation process<\/h2>\t\t\t\t<\/div>\n\t\t\t\t<\/div>\n\t\t<div class=\"elementor-element elementor-element-66ec588 e-con-full e-flex e-con e-child\" data-id=\"66ec588\" data-element_type=\"container\" data-e-type=\"container\" data-settings=\"{&quot;background_background&quot;:&quot;gradient&quot;,&quot;jet_parallax_layout_list&quot;:[]}\">\n\t\t\t\t<div class=\"elementor-element elementor-element-39745a1 elementor-widget__width-initial elementor-widget elementor-widget-heading\" data-id=\"39745a1\" data-element_type=\"widget\" data-e-type=\"widget\" data-widget_type=\"heading.default\">\n\t\t\t\t\t<h2 class=\"elementor-heading-title elementor-size-default\">99.7% reduction in the time spent on manual reconciliation tasks\n<\/h2>\t\t\t\t<\/div>\n\t\t\t\t<\/div>\n\t\t<div class=\"elementor-element elementor-element-06582d6 e-con-full e-flex e-con e-child\" data-id=\"06582d6\" data-element_type=\"container\" data-e-type=\"container\" data-settings=\"{&quot;background_background&quot;:&quot;gradient&quot;,&quot;jet_parallax_layout_list&quot;:[]}\">\n\t\t\t\t<div class=\"elementor-element elementor-element-87dd7ce elementor-widget__width-initial elementor-widget elementor-widget-heading\" data-id=\"87dd7ce\" data-element_type=\"widget\" data-e-type=\"widget\" data-widget_type=\"heading.default\">\n\t\t\t\t\t<h2 class=\"elementor-heading-title elementor-size-default\">More time freed up for strategic analysis and decision-making\n<\/h2>\t\t\t\t<\/div>\n\t\t\t\t<\/div>\n\t\t<div class=\"elementor-element elementor-element-5bfe99b e-con-full e-flex e-con e-child\" data-id=\"5bfe99b\" data-element_type=\"container\" data-e-type=\"container\" data-settings=\"{&quot;background_background&quot;:&quot;gradient&quot;,&quot;jet_parallax_layout_list&quot;:[]}\">\n\t\t\t\t<div class=\"elementor-element elementor-element-3cf0089 elementor-widget__width-initial elementor-widget elementor-widget-heading\" data-id=\"3cf0089\" data-element_type=\"widget\" data-e-type=\"widget\" data-widget_type=\"heading.default\">\n\t\t\t\t\t<h2 class=\"elementor-heading-title elementor-size-default\">Dattos support with responses in under an hour, ensuring quick resolution of questions and issues\n<\/h2>\t\t\t\t<\/div>\n\t\t\t\t<\/div>\n\t\t\t\t<\/div>\n\t\t\t\t<\/div>\n\t\t\t\t\t<\/div>\n\t\t\t\t<\/div>\n\t\t<div class=\"elementor-element elementor-element-a80a406 e-flex e-con-boxed e-con e-parent\" data-id=\"a80a406\" data-element_type=\"container\" data-e-type=\"container\" data-settings=\"{&quot;background_background&quot;:&quot;classic&quot;,&quot;jet_parallax_layout_list&quot;:[]}\">\n\t\t\t\t\t<div class=\"e-con-inner\">\n\t\t\t\t<div class=\"elementor-element elementor-element-3584823 elementor-widget__width-initial elementor-widget elementor-widget-heading\" data-id=\"3584823\" data-element_type=\"widget\" data-e-type=\"widget\" data-widget_type=\"heading.default\">\n\t\t\t\t\t<h2 class=\"elementor-heading-title elementor-size-default\">\"Antes de 2018, quando implantamos a Dattos, o processo era totalmente manual, com excesso de dados, suscet\u00edvel ao erro e sem tempo de an\u00e1lise nas atividades. Ap\u00f3s a implementa\u00e7\u00e3o, uma atividade que durava 1 semana para ser realizada, passou a ser feita em menos de 2 horas. O suporte da Dattos \u00e9 o maior diferencial. Ele soluciona qualquer d\u00favida ou problema em menos de 1 hora. Tudo \u00e9 muito alinhado, r\u00e1pido e eficiente.\"<\/h2>\t\t\t\t<\/div>\n\t\t<div class=\"elementor-element elementor-element-2b23ebe e-con-full e-flex e-con e-child\" data-id=\"2b23ebe\" data-element_type=\"container\" data-e-type=\"container\" data-settings=\"{&quot;jet_parallax_layout_list&quot;:[]}\">\n\t\t\t\t<div class=\"elementor-element elementor-element-b19cf09 elementor-widget elementor-widget-image\" data-id=\"b19cf09\" data-element_type=\"widget\" data-e-type=\"widget\" data-widget_type=\"image.default\">\n\t\t\t\t\t\t\t\t\t\t\t\t\t\t\t<img fetchpriority=\"high\" decoding=\"async\" width=\"638\" height=\"342\" src=\"https:\/\/www.dattos.com.br\/wp-content\/uploads\/2026\/03\/nadia_silva.webp\" class=\"attachment-large size-large wp-image-34292\" alt=\"\" srcset=\"https:\/\/www.dattos.com.br\/wp-content\/uploads\/2026\/03\/nadia_silva.webp 638w, https:\/\/www.dattos.com.br\/wp-content\/uploads\/2026\/03\/nadia_silva-300x161.webp 300w, https:\/\/www.dattos.com.br\/wp-content\/uploads\/2026\/03\/nadia_silva-18x10.webp 18w\" sizes=\"(max-width: 638px) 100vw, 638px\" \/>\t\t\t\t\t\t\t\t\t\t\t\t\t\t\t<\/div>\n\t\t\t\t<div class=\"elementor-element elementor-element-acbd6b7 elementor-widget__width-initial elementor-widget elementor-widget-heading\" data-id=\"acbd6b7\" data-element_type=\"widget\" data-e-type=\"widget\" data-widget_type=\"heading.default\">\n\t\t\t\t\t<h2 class=\"elementor-heading-title elementor-size-default\">N\u00e1dia Silva\n<br>Economic and Financial Analyst at Mercedes-Benz Brazil<\/h2>\t\t\t\t<\/div>\n\t\t\t\t<\/div>\n\t\t\t\t\t<\/div>\n\t\t\t\t<\/div>\n\t\t<div class=\"elementor-element elementor-element-a466ac0 e-flex e-con-boxed e-con e-parent\" data-id=\"a466ac0\" data-element_type=\"container\" data-e-type=\"container\" data-settings=\"{&quot;background_background&quot;:&quot;gradient&quot;,&quot;jet_parallax_layout_list&quot;:[]}\">\n\t\t\t\t\t<div class=\"e-con-inner\">\n\t\t<div class=\"elementor-element elementor-element-3f6ff90 e-con-full e-flex e-con e-child\" data-id=\"3f6ff90\" data-element_type=\"container\" data-e-type=\"container\" data-settings=\"{&quot;jet_parallax_layout_list&quot;:[]}\">\n\t\t\t\t<div class=\"elementor-element elementor-element-120a471 elementor-widget__width-initial elementor-widget elementor-widget-heading\" data-id=\"120a471\" data-element_type=\"widget\" data-e-type=\"widget\" data-widget_type=\"heading.default\">\n\t\t\t\t\t<h2 class=\"elementor-heading-title elementor-size-default\">Want to know how to achieve Mercedes-Benz\u2013level results with our technology?<\/h2>\t\t\t\t<\/div>\n\t\t<div class=\"elementor-element elementor-element-bd1abbe e-con-full e-flex e-con e-child\" data-id=\"bd1abbe\" data-element_type=\"container\" data-e-type=\"container\" data-settings=\"{&quot;jet_parallax_layout_list&quot;:[]}\">\n\t\t\t\t<div class=\"elementor-element elementor-element-37c6e7f elementor-widget__width-initial elementor-widget-tablet__width-inherit elementor-widget elementor-widget-text-editor\" data-id=\"37c6e7f\" data-element_type=\"widget\" data-e-type=\"widget\" data-widget_type=\"text-editor.default\">\n\t\t\t\t\t\t\t\t\t<p>&#8220;Ap\u00f3s a implementa\u00e7\u00e3o, uma atividade que durava 1 semana para ser realizada, passou a ser feita em menos de 2 horas. O suporte da Dattos \u00e9 o maior diferencial. Ele soluciona qualquer d\u00favida ou problema em menos de 1 hora. Tudo \u00e9 muito alinhado, r\u00e1pido e eficiente.&#8221;<\/p>\t\t\t\t\t\t\t\t<\/div>\n\t\t<div class=\"elementor-element elementor-element-204affd e-con-full e-flex e-con e-child\" data-id=\"204affd\" data-element_type=\"container\" data-e-type=\"container\" data-settings=\"{&quot;jet_parallax_layout_list&quot;:[]}\">\n\t\t\t\t<div class=\"elementor-element elementor-element-13ebf2a elementor-widget elementor-widget-image\" data-id=\"13ebf2a\" data-element_type=\"widget\" data-e-type=\"widget\" data-widget_type=\"image.default\">\n\t\t\t\t\t\t\t\t\t\t\t\t\t\t\t<img fetchpriority=\"high\" decoding=\"async\" width=\"638\" height=\"342\" src=\"https:\/\/www.dattos.com.br\/wp-content\/uploads\/2026\/03\/nadia_silva.webp\" class=\"attachment-large size-large wp-image-34292\" alt=\"\" srcset=\"https:\/\/www.dattos.com.br\/wp-content\/uploads\/2026\/03\/nadia_silva.webp 638w, https:\/\/www.dattos.com.br\/wp-content\/uploads\/2026\/03\/nadia_silva-300x161.webp 300w, https:\/\/www.dattos.com.br\/wp-content\/uploads\/2026\/03\/nadia_silva-18x10.webp 18w\" sizes=\"(max-width: 638px) 100vw, 638px\" \/>\t\t\t\t\t\t\t\t\t\t\t\t\t\t\t<\/div>\n\t\t\t\t<div class=\"elementor-element elementor-element-7ff3b16 elementor-widget__width-initial elementor-widget elementor-widget-heading\" data-id=\"7ff3b16\" data-element_type=\"widget\" data-e-type=\"widget\" data-widget_type=\"heading.default\">\n\t\t\t\t\t<h2 class=\"elementor-heading-title elementor-size-default\">N\u00e1dia Silva\n<br>Economic and Financial Analyst at Mercedes-Benz Brazil<\/h2>\t\t\t\t<\/div>\n\t\t\t\t<\/div>\n\t\t\t\t<\/div>\n\t\t\t\t<\/div>\n\t\t\t\t<div class=\"elementor-element elementor-element-05d0c99 elementor-widget elementor-widget-menu-anchor\" data-id=\"05d0c99\" data-element_type=\"widget\" data-e-type=\"widget\" data-widget_type=\"menu-anchor.default\">\n\t\t\t\t\t\t\t<div class=\"elementor-menu-anchor\" id=\"agendar-demo\"><\/div>\n\t\t\t\t\t\t<\/div>\n\t\t<div class=\"elementor-element elementor-element-0992baa e-con-full e-flex e-con e-child\" data-id=\"0992baa\" data-element_type=\"container\" data-e-type=\"container\" data-settings=\"{&quot;background_background&quot;:&quot;classic&quot;,&quot;jet_parallax_layout_list&quot;:[]}\">\n\t\t\t\t<div class=\"elementor-element elementor-element-bef7bd8 elementor-widget elementor-widget-html\" data-id=\"bef7bd8\" data-element_type=\"widget\" data-e-type=\"widget\" data-widget_type=\"html.default\">\n\t\t\t\t\t<style>.elementor-element-bef7bd8{display:none !important}<\/style>\t\t\t\t<\/div>\n\t\t\t\t<div class=\"elementor-element elementor-element-bed84df elementor-widget elementor-widget-html\" data-id=\"bed84df\" data-element_type=\"widget\" data-e-type=\"widget\" data-widget_type=\"html.default\">\n\t\t\t\t\t<script charset=\"utf-8\" type=\"text\/javascript\" src=\"\/\/js.hsforms.net\/forms\/embed\/v2.js\"><\/script>\r\n<script>\r\n  hbspt.forms.create({\r\n    portalId: \"24368585\",\r\n    formId: \"488c7fed-c2b8-426b-9737-54bef64d443d\",\r\n    region: \"na1\"\r\n  });\r\n<\/script>\t\t\t\t<\/div>\n\t\t\t\t<\/div>\n\t\t\t\t\t<\/div>\n\t\t\t\t<\/div>\n\t\t\t\t<\/div>","protected":false},"excerpt":{"rendered":"<p>Menos 99,7% de esfor\u00e7o manual e mais estrat\u00e9gia com dados Sobre Mercedes-Benz A Mercedes-Benz do Brasil tem um\u00a0papel marcante na hist\u00f3ria do Brasil. Ao longo dos anos, a empresa contribuiu de forma significativa para o desenvolvimento nacional, gerando empregos, promovendo inova\u00e7\u00e3o e investindo continuamente em qualidade e tecnologia.\u00a0 Seus produtos despertam a imagina\u00e7\u00e3o das pessoas [&hellip;]<\/p>\n","protected":false},"author":21,"featured_media":0,"parent":0,"menu_order":0,"comment_status":"closed","ping_status":"closed","template":"elementor_header_footer","meta":{"content-type":"","footnotes":""},"class_list":["post-34289","page","type-page","status-publish","hentry"],"_links":{"self":[{"href":"https:\/\/www.dattos.com.br\/en\/wp-json\/wp\/v2\/pages\/34289","targetHints":{"allow":["GET"]}}],"collection":[{"href":"https:\/\/www.dattos.com.br\/en\/wp-json\/wp\/v2\/pages"}],"about":[{"href":"https:\/\/www.dattos.com.br\/en\/wp-json\/wp\/v2\/types\/page"}],"author":[{"embeddable":true,"href":"https:\/\/www.dattos.com.br\/en\/wp-json\/wp\/v2\/users\/21"}],"replies":[{"embeddable":true,"href":"https:\/\/www.dattos.com.br\/en\/wp-json\/wp\/v2\/comments?post=34289"}],"version-history":[{"count":7,"href":"https:\/\/www.dattos.com.br\/en\/wp-json\/wp\/v2\/pages\/34289\/revisions"}],"predecessor-version":[{"id":34300,"href":"https:\/\/www.dattos.com.br\/en\/wp-json\/wp\/v2\/pages\/34289\/revisions\/34300"}],"wp:attachment":[{"href":"https:\/\/www.dattos.com.br\/en\/wp-json\/wp\/v2\/media?parent=34289"}],"curies":[{"name":"wp","href":"https:\/\/api.w.org\/{rel}","templated":true}]}}