{"id":34334,"date":"2026-03-05T10:06:11","date_gmt":"2026-03-05T13:06:11","guid":{"rendered":"https:\/\/www.dattos.com.br\/?page_id=34334"},"modified":"2026-03-05T10:15:08","modified_gmt":"2026-03-05T13:15:08","slug":"cofco-2","status":"publish","type":"page","link":"https:\/\/www.dattos.com.br\/en\/cofco-2\/","title":{"rendered":"COFCO"},"content":{"rendered":"<div data-elementor-type=\"wp-page\" data-elementor-id=\"34334\" class=\"elementor elementor-34334\" data-elementor-post-type=\"page\">\n\t\t\t\t<div class=\"elementor-element elementor-element-de9cb18 e-flex e-con-boxed e-con e-parent\" data-id=\"de9cb18\" data-element_type=\"container\" data-e-type=\"container\" data-settings=\"{&quot;background_background&quot;:&quot;classic&quot;,&quot;jet_parallax_layout_list&quot;:[]}\">\n\t\t\t\t\t<div class=\"e-con-inner\">\n\t\t\t\t<div class=\"elementor-element elementor-element-8632bd2 elementor-widget elementor-widget-image\" data-id=\"8632bd2\" data-element_type=\"widget\" data-e-type=\"widget\" data-widget_type=\"image.default\">\n\t\t\t\t\t\t\t\t\t\t\t\t\t\t\t<img decoding=\"async\" width=\"256\" height=\"124\" src=\"https:\/\/www.dattos.com.br\/wp-content\/uploads\/2026\/03\/cofco.svg\" class=\"attachment-large size-large wp-image-34335\" alt=\"\" \/>\t\t\t\t\t\t\t\t\t\t\t\t\t\t\t<\/div>\n\t\t\t\t<div class=\"elementor-element elementor-element-a513cf5 elementor-widget__width-initial elementor-widget elementor-widget-heading\" data-id=\"a513cf5\" data-element_type=\"widget\" data-e-type=\"widget\" data-widget_type=\"heading.default\">\n\t\t\t\t\t<h1 class=\"elementor-heading-title elementor-size-default\">Automated reconciliations for more than 840 accounts<\/h1>\t\t\t\t<\/div>\n\t\t\t\t\t<\/div>\n\t\t\t\t<\/div>\n\t\t<div class=\"elementor-element elementor-element-325f7b4 e-flex e-con-boxed e-con e-parent\" data-id=\"325f7b4\" data-element_type=\"container\" data-e-type=\"container\" data-settings=\"{&quot;background_background&quot;:&quot;classic&quot;,&quot;jet_parallax_layout_list&quot;:[]}\">\n\t\t\t\t\t<div class=\"e-con-inner\">\n\t\t<div class=\"elementor-element elementor-element-f60dd34 e-con-full e-flex e-con e-child\" data-id=\"f60dd34\" data-element_type=\"container\" data-e-type=\"container\" data-settings=\"{&quot;background_background&quot;:&quot;classic&quot;,&quot;jet_parallax_layout_list&quot;:[]}\">\n\t\t\t\t<div class=\"elementor-element elementor-element-b2e92e8 elementor-widget__width-initial elementor-widget elementor-widget-heading\" data-id=\"b2e92e8\" data-element_type=\"widget\" data-e-type=\"widget\" data-widget_type=\"heading.default\">\n\t\t\t\t\t<h2 class=\"elementor-heading-title elementor-size-default\">Sobre COFCO<\/h2>\t\t\t\t<\/div>\n\t\t\t\t<div class=\"elementor-element elementor-element-b263f36 elementor-widget elementor-widget-text-editor\" data-id=\"b263f36\" data-element_type=\"widget\" data-e-type=\"widget\" data-widget_type=\"text-editor.default\">\n\t\t\t\t\t\t\t\t\t<p>COFCO International is a\u00a0<strong>a Chinese state-owned agricultural company with operations in 35 countries.\u00a0<\/strong>With US$31 billion in global revenue, it handles 114 million tons of grain a year and has more than 10,000 employees. Headquartered in Geneva, Switzerland, it is a leader in the global supply chains for grains, oilseeds, sugar and coffee.<\/p>\n<p>The multinational is focused on being the\u00a0<strong>world leader in the grain, oilseed and sugar supply chain,<\/strong>\u00a0with assets in the Americas, Europe and Asia-Pacific. Today, the company\u00a0<strong>negotiates with more than 50 nations,<\/strong>\u00a0giving farmers direct access to the growing Chinese market.<\/p>\t\t\t\t\t\t\t\t<\/div>\n\t\t\t\t<\/div>\n\t\t<div class=\"elementor-element elementor-element-39aaeb3 e-con-full e-flex e-con e-child\" data-id=\"39aaeb3\" data-element_type=\"container\" data-e-type=\"container\" data-settings=\"{&quot;jet_parallax_layout_list&quot;:[]}\">\n\t\t\t\t<div class=\"elementor-element elementor-element-a2e84c2 elementor-widget__width-initial elementor-widget elementor-widget-heading\" data-id=\"a2e84c2\" data-element_type=\"widget\" data-e-type=\"widget\" data-widget_type=\"heading.default\">\n\t\t\t\t\t<h2 class=\"elementor-heading-title elementor-size-default\">Contexto<\/h2>\t\t\t\t<\/div>\n\t\t\t\t<div class=\"elementor-element elementor-element-136e4b7 elementor-widget elementor-widget-text-editor\" data-id=\"136e4b7\" data-element_type=\"widget\" data-e-type=\"widget\" data-widget_type=\"text-editor.default\">\n\t\t\t\t\t\t\t\t\t<p>In line with its vision of being the world's leading agribusiness supplier, COFCO International had bold goals for expanding its business, which automatically implied\u00a0<strong>increased volume of financial data to be processed\u00a0<\/strong>by the companies in the group.<\/p>\n<p>The financial operation of a company that is growing on a global scale needs to be precise and effective, and it can't afford any errors or delays. COFCO therefore needed to find a\u00a0<strong>a tool to support the team in managing controls, ensuring the accuracy of information and centralizing and standardizing conciliation processes.<\/strong><\/p>\n<p>So the initial motivation was to hire a\u00a0<strong>technological solution that would guarantee the quality of financial information and help it manage and analyze the closing process<\/strong>for reporting purposes to the head office in Geneva.<\/p>\t\t\t\t\t\t\t\t<\/div>\n\t\t<div class=\"elementor-element elementor-element-a8bb5da e-con-full e-flex e-con e-child\" data-id=\"a8bb5da\" data-element_type=\"container\" data-e-type=\"container\" data-settings=\"{&quot;jet_parallax_layout_list&quot;:[]}\">\n\t\t\t\t<div class=\"elementor-element elementor-element-7b1f48f elementor-widget__width-initial elementor-widget elementor-widget-heading\" data-id=\"7b1f48f\" data-element_type=\"widget\" data-e-type=\"widget\" data-widget_type=\"heading.default\">\n\t\t\t\t\t<h2 class=\"elementor-heading-title elementor-size-default\">O desafio<\/h2>\t\t\t\t<\/div>\n\t\t<div class=\"elementor-element elementor-element-3b4a97d e-grid e-con-full e-con e-child\" data-id=\"3b4a97d\" data-element_type=\"container\" data-e-type=\"container\" data-settings=\"{&quot;jet_parallax_layout_list&quot;:[]}\">\n\t\t<div class=\"elementor-element elementor-element-1d7f4af e-con-full e-flex e-con e-child\" data-id=\"1d7f4af\" data-element_type=\"container\" data-e-type=\"container\" data-settings=\"{&quot;jet_parallax_layout_list&quot;:[]}\">\n\t\t\t\t<div class=\"elementor-element elementor-element-cc477a4 elementor-widget-divider--view-line elementor-widget elementor-widget-divider\" data-id=\"cc477a4\" data-element_type=\"widget\" data-e-type=\"widget\" data-widget_type=\"divider.default\">\n\t\t\t\t\t\t\t<div class=\"elementor-divider\">\n\t\t\t<span class=\"elementor-divider-separator\">\n\t\t\t\t\t\t<\/span>\n\t\t<\/div>\n\t\t\t\t\t\t<\/div>\n\t\t\t\t<div class=\"elementor-element elementor-element-36b65d0 elementor-widget__width-initial elementor-widget elementor-widget-heading\" data-id=\"36b65d0\" data-element_type=\"widget\" data-e-type=\"widget\" data-widget_type=\"heading.default\">\n\t\t\t\t\t<h2 class=\"elementor-heading-title elementor-size-default\">COFCO International did the reconciliations manually using spreadsheets and since there was no solution to formalize the procedures and process this information in bulk\n\n<\/h2>\t\t\t\t<\/div>\n\t\t\t\t<\/div>\n\t\t<div class=\"elementor-element elementor-element-7498560 e-con-full e-flex e-con e-child\" data-id=\"7498560\" data-element_type=\"container\" data-e-type=\"container\" data-settings=\"{&quot;jet_parallax_layout_list&quot;:[]}\">\n\t\t\t\t<div class=\"elementor-element elementor-element-d159fe9 elementor-widget-divider--view-line elementor-widget elementor-widget-divider\" data-id=\"d159fe9\" data-element_type=\"widget\" data-e-type=\"widget\" data-widget_type=\"divider.default\">\n\t\t\t\t\t\t\t<div class=\"elementor-divider\">\n\t\t\t<span class=\"elementor-divider-separator\">\n\t\t\t\t\t\t<\/span>\n\t\t<\/div>\n\t\t\t\t\t\t<\/div>\n\t\t\t\t<div class=\"elementor-element elementor-element-b870eeb elementor-widget__width-initial elementor-widget elementor-widget-heading\" data-id=\"b870eeb\" data-element_type=\"widget\" data-e-type=\"widget\" data-widget_type=\"heading.default\">\n\t\t\t\t\t<h2 class=\"elementor-heading-title elementor-size-default\">The finance department needed greater control over activities, deadlines and those responsible to ensure that data was delivered on time and that governance was met\n\n<\/h2>\t\t\t\t<\/div>\n\t\t\t\t<\/div>\n\t\t<div class=\"elementor-element elementor-element-f95cc5d e-con-full e-flex e-con e-child\" data-id=\"f95cc5d\" data-element_type=\"container\" data-e-type=\"container\" data-settings=\"{&quot;jet_parallax_layout_list&quot;:[]}\">\n\t\t\t\t<div class=\"elementor-element elementor-element-25939e3 elementor-widget-divider--view-line elementor-widget elementor-widget-divider\" data-id=\"25939e3\" data-element_type=\"widget\" data-e-type=\"widget\" data-widget_type=\"divider.default\">\n\t\t\t\t\t\t\t<div class=\"elementor-divider\">\n\t\t\t<span class=\"elementor-divider-separator\">\n\t\t\t\t\t\t<\/span>\n\t\t<\/div>\n\t\t\t\t\t\t<\/div>\n\t\t\t\t<div class=\"elementor-element elementor-element-b1305ce elementor-widget__width-initial elementor-widget elementor-widget-heading\" data-id=\"b1305ce\" data-element_type=\"widget\" data-e-type=\"widget\" data-widget_type=\"heading.default\">\n\t\t\t\t\t<h2 class=\"elementor-heading-title elementor-size-default\">Due to its size, the company had different departments responsible for delivering financial data, which at the end of the process had a direct impact on the quality of the information generated\n\n\n<\/h2>\t\t\t\t<\/div>\n\t\t\t\t<\/div>\n\t\t\t\t<\/div>\n\t\t\t\t<\/div>\n\t\t\t\t<\/div>\n\t\t<div class=\"elementor-element elementor-element-d092df5 e-con-full e-flex e-con e-child\" data-id=\"d092df5\" data-element_type=\"container\" data-e-type=\"container\" data-settings=\"{&quot;jet_parallax_layout_list&quot;:[]}\">\n\t\t\t\t<div class=\"elementor-element elementor-element-7e1aa3e elementor-widget__width-initial elementor-widget elementor-widget-heading\" data-id=\"7e1aa3e\" data-element_type=\"widget\" data-e-type=\"widget\" data-widget_type=\"heading.default\">\n\t\t\t\t\t<h2 class=\"elementor-heading-title elementor-size-default\">A solu\u00e7\u00e3o<\/h2>\t\t\t\t<\/div>\n\t\t\t\t<div class=\"elementor-element elementor-element-1b6f988 elementor-widget elementor-widget-text-editor\" data-id=\"1b6f988\" data-element_type=\"widget\" data-e-type=\"widget\" data-widget_type=\"text-editor.default\">\n\t\t\t\t\t\t\t\t\t<p>COFCO International needed a reliable partner who could\u00a0<strong>automate accounting reconciliations and manage the flow of account approvals for closing.\u00a0<\/strong>The company's Shared Services Center needed a<strong>\u00a0a robust solution with functionalities that would allow the team to be more assertive and agile in its processes.\u00a0<\/strong><\/p>\n<p>The company therefore implemented a joint project with Dattos to\u00a0<strong>analytical processing of large volumes of financial data.\u00a0<\/strong>With features such as<strong>\u00a0management dashboards, customized accounting covers, approval control and justifications,<\/strong>\u00a0as well as the possibility of creating customized data cleaning, processing and matching rules, according to the structure of the current files and\/or business rules.\u00a0<\/p>\n<p>The main results were\u00a0<strong>centralization of closing processes, automation of accounting reconciliations, information quality assurance and transparency for auditing.<\/strong><\/p>\t\t\t\t\t\t\t\t<\/div>\n\t\t<div class=\"elementor-element elementor-element-91cd1c1 e-grid e-con-full e-con e-child\" data-id=\"91cd1c1\" data-element_type=\"container\" data-e-type=\"container\" data-settings=\"{&quot;jet_parallax_layout_list&quot;:[]}\">\n\t\t<div class=\"elementor-element elementor-element-e073ac4 e-con-full e-flex e-con e-child\" data-id=\"e073ac4\" data-element_type=\"container\" data-e-type=\"container\" data-settings=\"{&quot;background_background&quot;:&quot;gradient&quot;,&quot;jet_parallax_layout_list&quot;:[]}\">\n\t\t\t\t<div class=\"elementor-element elementor-element-28ea01d elementor-widget__width-initial elementor-widget elementor-widget-heading\" data-id=\"28ea01d\" data-element_type=\"widget\" data-e-type=\"widget\" data-widget_type=\"heading.default\">\n\t\t\t\t\t<h2 class=\"elementor-heading-title elementor-size-default\">840 G\/L accounts from 15 account groups\n\n<\/h2>\t\t\t\t<\/div>\n\t\t\t\t<\/div>\n\t\t<div class=\"elementor-element elementor-element-13eb5b6 e-con-full e-flex e-con e-child\" data-id=\"13eb5b6\" data-element_type=\"container\" data-e-type=\"container\" data-settings=\"{&quot;background_background&quot;:&quot;gradient&quot;,&quot;jet_parallax_layout_list&quot;:[]}\">\n\t\t\t\t<div class=\"elementor-element elementor-element-0f163ce elementor-widget__width-initial elementor-widget elementor-widget-heading\" data-id=\"0f163ce\" data-element_type=\"widget\" data-e-type=\"widget\" data-widget_type=\"heading.default\">\n\t\t\t\t\t<h2 class=\"elementor-heading-title elementor-size-default\">Management and 13 CNPJs in 5 business units\n<\/h2>\t\t\t\t<\/div>\n\t\t\t\t<\/div>\n\t\t<div class=\"elementor-element elementor-element-66ec588 e-con-full e-flex e-con e-child\" data-id=\"66ec588\" data-element_type=\"container\" data-e-type=\"container\" data-settings=\"{&quot;background_background&quot;:&quot;gradient&quot;,&quot;jet_parallax_layout_list&quot;:[]}\">\n\t\t\t\t<div class=\"elementor-element elementor-element-39745a1 elementor-widget__width-initial elementor-widget elementor-widget-heading\" data-id=\"39745a1\" data-element_type=\"widget\" data-e-type=\"widget\" data-widget_type=\"heading.default\">\n\t\t\t\t\t<h2 class=\"elementor-heading-title elementor-size-default\">More than 2 million records entered on the platform every month\n\n<\/h2>\t\t\t\t<\/div>\n\t\t\t\t<\/div>\n\t\t\t\t<\/div>\n\t\t\t\t<\/div>\n\t\t\t\t\t<\/div>\n\t\t\t\t<\/div>\n\t\t<div class=\"elementor-element elementor-element-a80a406 e-flex e-con-boxed e-con e-parent\" data-id=\"a80a406\" data-element_type=\"container\" data-e-type=\"container\" data-settings=\"{&quot;background_background&quot;:&quot;classic&quot;,&quot;jet_parallax_layout_list&quot;:[]}\">\n\t\t\t\t\t<div class=\"e-con-inner\">\n\t\t\t\t<div class=\"elementor-element elementor-element-3584823 elementor-widget__width-initial elementor-widget elementor-widget-heading\" data-id=\"3584823\" data-element_type=\"widget\" data-e-type=\"widget\" data-widget_type=\"heading.default\">\n\t\t\t\t\t<h2 class=\"elementor-heading-title elementor-size-default\">\"J\u00e1 ganhamos, pelo menos, um dia de trabalho durante o fechamento nas opera\u00e7\u00f5es do CSC. Tivemos uma mudan\u00e7a de estrat\u00e9gia que exigia uma redu\u00e7\u00e3o global no prazo do fechamento. Coincidentemente, isso aconteceu quando acabamos de implantar a Dattos. O fechamento deixou de ser estressante e passou a ser confort\u00e1vel.\"<\/h2>\t\t\t\t<\/div>\n\t\t<div class=\"elementor-element elementor-element-2b23ebe e-con-full e-flex e-con e-child\" data-id=\"2b23ebe\" data-element_type=\"container\" data-e-type=\"container\" data-settings=\"{&quot;jet_parallax_layout_list&quot;:[]}\">\n\t\t\t\t<div class=\"elementor-element elementor-element-b19cf09 elementor-widget elementor-widget-image\" data-id=\"b19cf09\" data-element_type=\"widget\" data-e-type=\"widget\" data-widget_type=\"image.default\">\n\t\t\t\t\t\t\t\t\t\t\t\t\t\t\t<img fetchpriority=\"high\" decoding=\"async\" width=\"638\" height=\"342\" src=\"https:\/\/www.dattos.com.br\/wp-content\/uploads\/2026\/03\/marcel_durante.webp\" class=\"attachment-large size-large wp-image-34336\" alt=\"\" srcset=\"https:\/\/www.dattos.com.br\/wp-content\/uploads\/2026\/03\/marcel_durante.webp 638w, https:\/\/www.dattos.com.br\/wp-content\/uploads\/2026\/03\/marcel_durante-300x161.webp 300w, https:\/\/www.dattos.com.br\/wp-content\/uploads\/2026\/03\/marcel_durante-18x10.webp 18w\" sizes=\"(max-width: 638px) 100vw, 638px\" \/>\t\t\t\t\t\t\t\t\t\t\t\t\t\t\t<\/div>\n\t\t\t\t<div class=\"elementor-element elementor-element-acbd6b7 elementor-widget__width-initial elementor-widget elementor-widget-heading\" data-id=\"acbd6b7\" data-element_type=\"widget\" data-e-type=\"widget\" data-widget_type=\"heading.default\">\n\t\t\t\t\t<h2 class=\"elementor-heading-title elementor-size-default\">Marcel Durante\n<br>COFCO Shared Services Center Manager\n\n\n<\/h2>\t\t\t\t<\/div>\n\t\t\t\t<\/div>\n\t\t\t\t\t<\/div>\n\t\t\t\t<\/div>\n\t\t<div class=\"elementor-element elementor-element-a466ac0 e-flex e-con-boxed e-con e-parent\" data-id=\"a466ac0\" data-element_type=\"container\" data-e-type=\"container\" data-settings=\"{&quot;background_background&quot;:&quot;gradient&quot;,&quot;jet_parallax_layout_list&quot;:[]}\">\n\t\t\t\t\t<div class=\"e-con-inner\">\n\t\t<div class=\"elementor-element elementor-element-3f6ff90 e-con-full e-flex e-con e-child\" data-id=\"3f6ff90\" data-element_type=\"container\" data-e-type=\"container\" data-settings=\"{&quot;jet_parallax_layout_list&quot;:[]}\">\n\t\t\t\t<div class=\"elementor-element elementor-element-120a471 elementor-widget__width-initial elementor-widget elementor-widget-heading\" data-id=\"120a471\" data-element_type=\"widget\" data-e-type=\"widget\" data-widget_type=\"heading.default\">\n\t\t\t\t\t<h2 class=\"elementor-heading-title elementor-size-default\">Want to know how to achieve COFCO's results with our technology?\n\n<\/h2>\t\t\t\t<\/div>\n\t\t<div class=\"elementor-element elementor-element-bd1abbe e-con-full e-flex e-con e-child\" data-id=\"bd1abbe\" data-element_type=\"container\" data-e-type=\"container\" data-settings=\"{&quot;jet_parallax_layout_list&quot;:[]}\">\n\t\t\t\t<div class=\"elementor-element elementor-element-37c6e7f elementor-widget__width-initial elementor-widget-tablet__width-inherit elementor-widget elementor-widget-text-editor\" data-id=\"37c6e7f\" data-element_type=\"widget\" data-e-type=\"widget\" data-widget_type=\"text-editor.default\">\n\t\t\t\t\t\t\t\t\t<p>&#8220;J\u00e1 ganhamos, pelo menos, um dia de trabalho durante o fechamento nas opera\u00e7\u00f5es do CSC. Tivemos uma mudan\u00e7a de estrat\u00e9gia que exigia uma redu\u00e7\u00e3o global no prazo do fechamento. Coincidentemente, isso aconteceu quando acabamos de implantar a Dattos. O fechamento deixou de ser estressante e passou a ser confort\u00e1vel.&#8221;<\/p>\t\t\t\t\t\t\t\t<\/div>\n\t\t<div class=\"elementor-element elementor-element-204affd e-con-full e-flex e-con e-child\" data-id=\"204affd\" data-element_type=\"container\" data-e-type=\"container\" data-settings=\"{&quot;jet_parallax_layout_list&quot;:[]}\">\n\t\t\t\t<div class=\"elementor-element elementor-element-13ebf2a elementor-widget elementor-widget-image\" data-id=\"13ebf2a\" data-element_type=\"widget\" data-e-type=\"widget\" data-widget_type=\"image.default\">\n\t\t\t\t\t\t\t\t\t\t\t\t\t\t\t<img fetchpriority=\"high\" decoding=\"async\" width=\"638\" height=\"342\" src=\"https:\/\/www.dattos.com.br\/wp-content\/uploads\/2026\/03\/marcel_durante.webp\" class=\"attachment-large size-large wp-image-34336\" alt=\"\" srcset=\"https:\/\/www.dattos.com.br\/wp-content\/uploads\/2026\/03\/marcel_durante.webp 638w, https:\/\/www.dattos.com.br\/wp-content\/uploads\/2026\/03\/marcel_durante-300x161.webp 300w, https:\/\/www.dattos.com.br\/wp-content\/uploads\/2026\/03\/marcel_durante-18x10.webp 18w\" sizes=\"(max-width: 638px) 100vw, 638px\" \/>\t\t\t\t\t\t\t\t\t\t\t\t\t\t\t<\/div>\n\t\t\t\t<div class=\"elementor-element elementor-element-7ff3b16 elementor-widget__width-initial elementor-widget elementor-widget-heading\" data-id=\"7ff3b16\" data-element_type=\"widget\" data-e-type=\"widget\" data-widget_type=\"heading.default\">\n\t\t\t\t\t<h2 class=\"elementor-heading-title elementor-size-default\">Marcel Durante\n<br>COFCO Shared Services Center Manager<\/h2>\t\t\t\t<\/div>\n\t\t\t\t<\/div>\n\t\t\t\t<\/div>\n\t\t\t\t<\/div>\n\t\t\t\t<div class=\"elementor-element elementor-element-05d0c99 elementor-widget elementor-widget-menu-anchor\" data-id=\"05d0c99\" data-element_type=\"widget\" data-e-type=\"widget\" data-widget_type=\"menu-anchor.default\">\n\t\t\t\t\t\t\t<div class=\"elementor-menu-anchor\" id=\"agendar-demo\"><\/div>\n\t\t\t\t\t\t<\/div>\n\t\t<div class=\"elementor-element elementor-element-0992baa e-con-full e-flex e-con e-child\" data-id=\"0992baa\" data-element_type=\"container\" data-e-type=\"container\" data-settings=\"{&quot;background_background&quot;:&quot;classic&quot;,&quot;jet_parallax_layout_list&quot;:[]}\">\n\t\t\t\t<div class=\"elementor-element elementor-element-bef7bd8 elementor-widget elementor-widget-html\" data-id=\"bef7bd8\" data-element_type=\"widget\" data-e-type=\"widget\" data-widget_type=\"html.default\">\n\t\t\t\t\t<style>.elementor-element-bef7bd8{display:none !important}<\/style>\t\t\t\t<\/div>\n\t\t\t\t<div class=\"elementor-element elementor-element-bed84df elementor-widget elementor-widget-html\" data-id=\"bed84df\" data-element_type=\"widget\" data-e-type=\"widget\" data-widget_type=\"html.default\">\n\t\t\t\t\t<script charset=\"utf-8\" type=\"text\/javascript\" src=\"\/\/js.hsforms.net\/forms\/embed\/v2.js\"><\/script>\r\n<script>\r\n  hbspt.forms.create({\r\n    portalId: \"24368585\",\r\n    formId: \"488c7fed-c2b8-426b-9737-54bef64d443d\",\r\n    region: \"na1\"\r\n  });\r\n<\/script>\t\t\t\t<\/div>\n\t\t\t\t<\/div>\n\t\t\t\t\t<\/div>\n\t\t\t\t<\/div>\n\t\t\t\t<\/div>","protected":false},"excerpt":{"rendered":"<p>Concilia\u00e7\u00f5es automatizadas para mais de 840 contas cont\u00e1beis Sobre COFCO A COFCO International \u00e9 uma\u00a0empresa estatal chinesa de neg\u00f3cios agr\u00edcolas com opera\u00e7\u00e3o em 35 pa\u00edses.\u00a0Com US$31 bilh\u00f5es de receita global, movimenta 114 milh\u00f5es de toneladas de gr\u00e3os ao ano e conta com mais de 10 mil colaboradores. Com sede em Genebra, Su\u00ed\u00e7a, \u00e9 l\u00edder nas [&hellip;]<\/p>\n","protected":false},"author":21,"featured_media":0,"parent":0,"menu_order":0,"comment_status":"closed","ping_status":"closed","template":"elementor_header_footer","meta":{"content-type":"","footnotes":""},"class_list":["post-34334","page","type-page","status-publish","hentry"],"_links":{"self":[{"href":"https:\/\/www.dattos.com.br\/en\/wp-json\/wp\/v2\/pages\/34334","targetHints":{"allow":["GET"]}}],"collection":[{"href":"https:\/\/www.dattos.com.br\/en\/wp-json\/wp\/v2\/pages"}],"about":[{"href":"https:\/\/www.dattos.com.br\/en\/wp-json\/wp\/v2\/types\/page"}],"author":[{"embeddable":true,"href":"https:\/\/www.dattos.com.br\/en\/wp-json\/wp\/v2\/users\/21"}],"replies":[{"embeddable":true,"href":"https:\/\/www.dattos.com.br\/en\/wp-json\/wp\/v2\/comments?post=34334"}],"version-history":[{"count":7,"href":"https:\/\/www.dattos.com.br\/en\/wp-json\/wp\/v2\/pages\/34334\/revisions"}],"predecessor-version":[{"id":34343,"href":"https:\/\/www.dattos.com.br\/en\/wp-json\/wp\/v2\/pages\/34334\/revisions\/34343"}],"wp:attachment":[{"href":"https:\/\/www.dattos.com.br\/en\/wp-json\/wp\/v2\/media?parent=34334"}],"curies":[{"name":"wp","href":"https:\/\/api.w.org\/{rel}","templated":true}]}}