{"id":34347,"date":"2026-03-05T10:32:17","date_gmt":"2026-03-05T13:32:17","guid":{"rendered":"https:\/\/www.dattos.com.br\/?page_id=34347"},"modified":"2026-03-05T10:33:12","modified_gmt":"2026-03-05T13:33:12","slug":"cofco-5","status":"publish","type":"page","link":"https:\/\/www.dattos.com.br\/en\/cofco-5\/","title":{"rendered":"Veneza"},"content":{"rendered":"<div data-elementor-type=\"wp-page\" data-elementor-id=\"34347\" class=\"elementor elementor-34347\" data-elementor-post-type=\"page\">\n\t\t\t\t<div class=\"elementor-element elementor-element-de9cb18 e-flex e-con-boxed e-con e-parent\" data-id=\"de9cb18\" data-element_type=\"container\" data-e-type=\"container\" data-settings=\"{&quot;background_background&quot;:&quot;classic&quot;,&quot;jet_parallax_layout_list&quot;:[]}\">\n\t\t\t\t\t<div class=\"e-con-inner\">\n\t\t\t\t<div class=\"elementor-element elementor-element-8632bd2 elementor-widget elementor-widget-image\" data-id=\"8632bd2\" data-element_type=\"widget\" data-e-type=\"widget\" data-widget_type=\"image.default\">\n\t\t\t\t\t\t\t\t\t\t\t\t\t\t\t<img decoding=\"async\" width=\"256\" height=\"58\" src=\"https:\/\/www.dattos.com.br\/wp-content\/uploads\/2026\/03\/774d7461-376b-4336-8a08-a9a402c9f369-2.svg\" class=\"attachment-large size-large wp-image-34348\" alt=\"\" \/>\t\t\t\t\t\t\t\t\t\t\t\t\t\t\t<\/div>\n\t\t\t\t<div class=\"elementor-element elementor-element-a513cf5 elementor-widget__width-initial elementor-widget elementor-widget-heading\" data-id=\"a513cf5\" data-element_type=\"widget\" data-e-type=\"widget\" data-widget_type=\"heading.default\">\n\t\t\t\t\t<h1 class=\"elementor-heading-title elementor-size-default\">Automated 80% reconciliation of the CSC's financial operation<\/h1>\t\t\t\t<\/div>\n\t\t\t\t\t<\/div>\n\t\t\t\t<\/div>\n\t\t<div class=\"elementor-element elementor-element-325f7b4 e-flex e-con-boxed e-con e-parent\" data-id=\"325f7b4\" data-element_type=\"container\" data-e-type=\"container\" data-settings=\"{&quot;background_background&quot;:&quot;classic&quot;,&quot;jet_parallax_layout_list&quot;:[]}\">\n\t\t\t\t\t<div class=\"e-con-inner\">\n\t\t<div class=\"elementor-element elementor-element-f60dd34 e-con-full e-flex e-con e-child\" data-id=\"f60dd34\" data-element_type=\"container\" data-e-type=\"container\" data-settings=\"{&quot;background_background&quot;:&quot;classic&quot;,&quot;jet_parallax_layout_list&quot;:[]}\">\n\t\t\t\t<div class=\"elementor-element elementor-element-b2e92e8 elementor-widget__width-initial elementor-widget elementor-widget-heading\" data-id=\"b2e92e8\" data-element_type=\"widget\" data-e-type=\"widget\" data-widget_type=\"heading.default\">\n\t\t\t\t\t<h2 class=\"elementor-heading-title elementor-size-default\">Sobre Veneza<\/h2>\t\t\t\t<\/div>\n\t\t\t\t<div class=\"elementor-element elementor-element-b263f36 elementor-widget elementor-widget-text-editor\" data-id=\"b263f36\" data-element_type=\"widget\" data-e-type=\"widget\" data-widget_type=\"text-editor.default\">\n\t\t\t\t\t\t\t\t\t<p>O\u00a0<strong>Venice Group<\/strong>\u00a0is a retail company with\u00a0<strong>more than 1,300 employees spread across 11 states in Brazil.<\/strong>\u00a0The organization operates as a dealer in machinery and equipment for the paving, agricultural, truck, bus and light vehicle sectors.<\/p><p>The company, which started out as a family business, has grown strongly in recent years, and today\u00a0<strong>has its Shared Services Center (SSC) structure certified by the Great Place To Work (GPTW) institution,\u00a0<\/strong>acting in an increasingly professional manner and with total data security.<\/p><p>Grupo Veneza's CSC began to be structured in 2019, through the unification of two existing administrative structures in Recife and Natal, as a result of the shareholders' needs\u00a0<strong>achieve greater synergy and reduce expenses<\/strong>. Since then, the area has\u00a0<strong>100 employees,<\/strong>\u00a0and is responsible for the administration of\u00a0<strong>operation of 59 CNPJs,<\/strong>\u00a0between headquarters and subsidiaries.<\/p><p>Second\u00a0<strong>Marcello Rocha,<\/strong>\u00a0Director of the Venice Group's CSC, practically\u00a0<strong>half of this workforce works exclusively in transactional activities related to finance,<\/strong>\u00a0such as: accounts payable, accounts receivable, credit analysis, collection, cash flow, accounting, tax, legal, IT and indirect purchasing.<\/p>\t\t\t\t\t\t\t\t<\/div>\n\t\t\t\t<\/div>\n\t\t<div class=\"elementor-element elementor-element-39aaeb3 e-con-full e-flex e-con e-child\" data-id=\"39aaeb3\" data-element_type=\"container\" data-e-type=\"container\" data-settings=\"{&quot;jet_parallax_layout_list&quot;:[]}\">\n\t\t\t\t<div class=\"elementor-element elementor-element-a2e84c2 elementor-widget__width-initial elementor-widget elementor-widget-heading\" data-id=\"a2e84c2\" data-element_type=\"widget\" data-e-type=\"widget\" data-widget_type=\"heading.default\">\n\t\t\t\t\t<h2 class=\"elementor-heading-title elementor-size-default\">Contexto<\/h2>\t\t\t\t<\/div>\n\t\t\t\t<div class=\"elementor-element elementor-element-136e4b7 elementor-widget elementor-widget-text-editor\" data-id=\"136e4b7\" data-element_type=\"widget\" data-e-type=\"widget\" data-widget_type=\"text-editor.default\">\n\t\t\t\t\t\t\t\t\t<p>The client's objective when looking for Dattos was to\u00a0<strong>automate, organize and professionalize the financial process<\/strong>\u00a0of the Venice Group companies through the efficient management of its CSC. After all, at the beginning of the operation, we still saw\u00a0<strong>many processes being carried out on paper, e-mail and spreadsheets, without clear procedures, standardization or information quality criteria.\u00a0<\/strong><\/p><p>With the accelerated growth of companies,\u00a0<strong>the financial reconciliation process has become a major challenge,<\/strong>\u00a0due to the large volume of manual work, as well as rework and discrepancies in reconciliations.\u00a0\u00a0<\/p><p>\"We needed governance and quality records, visibility to ensure that everything that happened in the accounts was correct and reflected in the company's accounts. But the reality was that, even with all the efforts and manual spreadsheets in this process, we always had a significant volume of pending items, reconciliations and rework,\" explains Marcello.<\/p><p>With this need in mind, the Venice Group started looking for tools and ways to support them. The first step was to implement a\u00a0<strong>a major transformation in the team's mentality and culture,<\/strong>\u00a0so that they could better understand the importance of delivering correct data on time.<\/p><p>In parallel with the cultural change, the company also resorted to<strong>\u00a0technological tools\u00a0<\/strong>that could support the different routines of the CSC, and that's where they found Dattos. Marcello believes that technology is fundamental, and that finance departments that don't update themselves in this regard will be left behind.\u00a0<\/p><p>\"Our motto has become:\u00a0<strong>investing in technology and optimizing routines to scale intelligently,<\/strong>\u00a0with automated processes and integrated transactions,\" he emphasizes.<\/p>\t\t\t\t\t\t\t\t<\/div>\n\t\t<div class=\"elementor-element elementor-element-a8bb5da e-con-full e-flex e-con e-child\" data-id=\"a8bb5da\" data-element_type=\"container\" data-e-type=\"container\" data-settings=\"{&quot;jet_parallax_layout_list&quot;:[]}\">\n\t\t\t\t<div class=\"elementor-element elementor-element-7b1f48f elementor-widget__width-initial elementor-widget elementor-widget-heading\" data-id=\"7b1f48f\" data-element_type=\"widget\" data-e-type=\"widget\" data-widget_type=\"heading.default\">\n\t\t\t\t\t<h2 class=\"elementor-heading-title elementor-size-default\">O desafio<\/h2>\t\t\t\t<\/div>\n\t\t<div class=\"elementor-element elementor-element-3b4a97d e-grid e-con-full e-con e-child\" data-id=\"3b4a97d\" data-element_type=\"container\" data-e-type=\"container\" data-settings=\"{&quot;jet_parallax_layout_list&quot;:[]}\">\n\t\t<div class=\"elementor-element elementor-element-1d7f4af e-con-full e-flex e-con e-child\" data-id=\"1d7f4af\" data-element_type=\"container\" data-e-type=\"container\" data-settings=\"{&quot;jet_parallax_layout_list&quot;:[]}\">\n\t\t\t\t<div class=\"elementor-element elementor-element-cc477a4 elementor-widget-divider--view-line elementor-widget elementor-widget-divider\" data-id=\"cc477a4\" data-element_type=\"widget\" data-e-type=\"widget\" data-widget_type=\"divider.default\">\n\t\t\t\t\t\t\t<div class=\"elementor-divider\">\n\t\t\t<span class=\"elementor-divider-separator\">\n\t\t\t\t\t\t<\/span>\n\t\t<\/div>\n\t\t\t\t\t\t<\/div>\n\t\t\t\t<div class=\"elementor-element elementor-element-36b65d0 elementor-widget__width-initial elementor-widget elementor-widget-heading\" data-id=\"36b65d0\" data-element_type=\"widget\" data-e-type=\"widget\" data-widget_type=\"heading.default\">\n\t\t\t\t\t<h2 class=\"elementor-heading-title elementor-size-default\">The finance teams had more than 2,600 hours of overtime at the bank due to the high demand for manual activities to be carried out under tight deadlines\n\n<\/h2>\t\t\t\t<\/div>\n\t\t\t\t<\/div>\n\t\t<div class=\"elementor-element elementor-element-7498560 e-con-full e-flex e-con e-child\" data-id=\"7498560\" data-element_type=\"container\" data-e-type=\"container\" data-settings=\"{&quot;jet_parallax_layout_list&quot;:[]}\">\n\t\t\t\t<div class=\"elementor-element elementor-element-d159fe9 elementor-widget-divider--view-line elementor-widget elementor-widget-divider\" data-id=\"d159fe9\" data-element_type=\"widget\" data-e-type=\"widget\" data-widget_type=\"divider.default\">\n\t\t\t\t\t\t\t<div class=\"elementor-divider\">\n\t\t\t<span class=\"elementor-divider-separator\">\n\t\t\t\t\t\t<\/span>\n\t\t<\/div>\n\t\t\t\t\t\t<\/div>\n\t\t\t\t<div class=\"elementor-element elementor-element-b870eeb elementor-widget__width-initial elementor-widget elementor-widget-heading\" data-id=\"b870eeb\" data-element_type=\"widget\" data-e-type=\"widget\" data-widget_type=\"heading.default\">\n\t\t\t\t\t<h2 class=\"elementor-heading-title elementor-size-default\">A lot of manual effort, spreadsheets, energy, and even then, 100% the quality and governance needed in the process was still not achieved\n\n\n<\/h2>\t\t\t\t<\/div>\n\t\t\t\t<\/div>\n\t\t<div class=\"elementor-element elementor-element-f95cc5d e-con-full e-flex e-con e-child\" data-id=\"f95cc5d\" data-element_type=\"container\" data-e-type=\"container\" data-settings=\"{&quot;jet_parallax_layout_list&quot;:[]}\">\n\t\t\t\t<div class=\"elementor-element elementor-element-25939e3 elementor-widget-divider--view-line elementor-widget elementor-widget-divider\" data-id=\"25939e3\" data-element_type=\"widget\" data-e-type=\"widget\" data-widget_type=\"divider.default\">\n\t\t\t\t\t\t\t<div class=\"elementor-divider\">\n\t\t\t<span class=\"elementor-divider-separator\">\n\t\t\t\t\t\t<\/span>\n\t\t<\/div>\n\t\t\t\t\t\t<\/div>\n\t\t\t\t<div class=\"elementor-element elementor-element-b1305ce elementor-widget__width-initial elementor-widget elementor-widget-heading\" data-id=\"b1305ce\" data-element_type=\"widget\" data-e-type=\"widget\" data-widget_type=\"heading.default\">\n\t\t\t\t\t<h2 class=\"elementor-heading-title elementor-size-default\">More than 400,000 lines to be processed manually per month in the administration of 148 accounting accounts associated with 58 CNPJs\n\n\n\n<\/h2>\t\t\t\t<\/div>\n\t\t\t\t<\/div>\n\t\t\t\t<\/div>\n\t\t\t\t<\/div>\n\t\t\t\t<\/div>\n\t\t<div class=\"elementor-element elementor-element-d092df5 e-con-full e-flex e-con e-child\" data-id=\"d092df5\" data-element_type=\"container\" data-e-type=\"container\" data-settings=\"{&quot;jet_parallax_layout_list&quot;:[]}\">\n\t\t\t\t<div class=\"elementor-element elementor-element-7e1aa3e elementor-widget__width-initial elementor-widget elementor-widget-heading\" data-id=\"7e1aa3e\" data-element_type=\"widget\" data-e-type=\"widget\" data-widget_type=\"heading.default\">\n\t\t\t\t\t<h2 class=\"elementor-heading-title elementor-size-default\">A solu\u00e7\u00e3o<\/h2>\t\t\t\t<\/div>\n\t\t\t\t<div class=\"elementor-element elementor-element-1b6f988 elementor-widget elementor-widget-text-editor\" data-id=\"1b6f988\" data-element_type=\"widget\" data-e-type=\"widget\" data-widget_type=\"text-editor.default\">\n\t\t\t\t\t\t\t\t\t<p>Before Dattos, the\u00a0<strong>operation via Excel<\/strong>\u00a0was the path chosen by the Venice Group to regularize the conciliations. However,\u00a0<strong>only with spreadsheets<\/strong>\u00a0it was not possible to achieve the expected result because the<strong>\u00a0The volume of transactions was very high.<\/strong><\/p><p>Our\u00a0<strong>technology is optimized so that it doesn't require the support of an IT structure or programming expertise,<\/strong>\u00a0implementation was much easier, and this was a decisive factor in Venice's choice of Dattos.<\/p><p>Thus, with the<strong>\u00a0automated reconciliation and governance<\/strong>\u00a0brought by the Dattos platform, the Venice Group's CSC team has reduced its\u00a0<strong>daily reconciliations to 48 hours,<\/strong>\u00a0applying the Continuous Accounting strategy in practice.<\/p><p>\"Every day, we close the previous period for all the companies. In other words, many people are involved every day in an operation that needs to be standardized and systematized.\u00a0<strong>With Dattos, we've seen a huge gain in productivity and are able to deliver financial data to accounting every two days.<\/strong>\u00a0We have much more\u00a0<strong>consistency, accuracy, data quality,\u00a0<\/strong>as well as a leaner, more qualified team,\" says Marcello.<\/p><p>Today,\u00a0<strong>of the total of 408,045 statement and ERP lines, 336,734 are automatically reconciled with Dattos,<\/strong>\u00a0corresponding to a percentage of\u00a0<strong>80% of the CSC's entire financial operation.<\/strong><\/p><p>The next steps in the evolution of the Venice Group's CSC are to continue with this strong vision of digitalization and look for new solutions that can make the CSC journey simpler and more scalable with the technology available.<\/p>\t\t\t\t\t\t\t\t<\/div>\n\t\t<div class=\"elementor-element elementor-element-91cd1c1 e-grid e-con-full e-con e-child\" data-id=\"91cd1c1\" data-element_type=\"container\" data-e-type=\"container\" data-settings=\"{&quot;jet_parallax_layout_list&quot;:[]}\">\n\t\t<div class=\"elementor-element elementor-element-e073ac4 e-con-full e-flex e-con e-child\" data-id=\"e073ac4\" data-element_type=\"container\" data-e-type=\"container\" data-settings=\"{&quot;background_background&quot;:&quot;gradient&quot;,&quot;jet_parallax_layout_list&quot;:[]}\">\n\t\t\t\t<div class=\"elementor-element elementor-element-28ea01d elementor-widget__width-initial elementor-widget elementor-widget-heading\" data-id=\"28ea01d\" data-element_type=\"widget\" data-e-type=\"widget\" data-widget_type=\"heading.default\">\n\t\t\t\t\t<h2 class=\"elementor-heading-title elementor-size-default\">Automated reconciliation of 80% extract lines and ERP\n\n<\/h2>\t\t\t\t<\/div>\n\t\t\t\t<\/div>\n\t\t<div class=\"elementor-element elementor-element-13eb5b6 e-con-full e-flex e-con e-child\" data-id=\"13eb5b6\" data-element_type=\"container\" data-e-type=\"container\" data-settings=\"{&quot;background_background&quot;:&quot;gradient&quot;,&quot;jet_parallax_layout_list&quot;:[]}\">\n\t\t\t\t<div class=\"elementor-element elementor-element-0f163ce elementor-widget__width-initial elementor-widget elementor-widget-heading\" data-id=\"0f163ce\" data-element_type=\"widget\" data-e-type=\"widget\" data-widget_type=\"heading.default\">\n\t\t\t\t\t<h2 class=\"elementor-heading-title elementor-size-default\">More than 140 accounts reconciled automatically\n<\/h2>\t\t\t\t<\/div>\n\t\t\t\t<\/div>\n\t\t<div class=\"elementor-element elementor-element-66ec588 e-con-full e-flex e-con e-child\" data-id=\"66ec588\" data-element_type=\"container\" data-e-type=\"container\" data-settings=\"{&quot;background_background&quot;:&quot;gradient&quot;,&quot;jet_parallax_layout_list&quot;:[]}\">\n\t\t\t\t<div class=\"elementor-element elementor-element-39745a1 elementor-widget__width-initial elementor-widget elementor-widget-heading\" data-id=\"39745a1\" data-element_type=\"widget\" data-e-type=\"widget\" data-widget_type=\"heading.default\">\n\t\t\t\t\t<h2 class=\"elementor-heading-title elementor-size-default\">Reduction of 2,600 hours of overtime, bringing the financial bank to zero\n\n<\/h2>\t\t\t\t<\/div>\n\t\t\t\t<\/div>\n\t\t\t\t<\/div>\n\t\t\t\t<\/div>\n\t\t\t\t\t<\/div>\n\t\t\t\t<\/div>\n\t\t<div class=\"elementor-element elementor-element-a80a406 e-flex e-con-boxed e-con e-parent\" data-id=\"a80a406\" data-element_type=\"container\" data-e-type=\"container\" data-settings=\"{&quot;background_background&quot;:&quot;classic&quot;,&quot;jet_parallax_layout_list&quot;:[]}\">\n\t\t\t\t\t<div class=\"e-con-inner\">\n\t\t\t\t<div class=\"elementor-element elementor-element-3584823 elementor-widget__width-initial elementor-widget elementor-widget-heading\" data-id=\"3584823\" data-element_type=\"widget\" data-e-type=\"widget\" data-widget_type=\"heading.default\">\n\t\t\t\t\t<h2 class=\"elementor-heading-title elementor-size-default\">\"A Dattos transformou a qualidade de vida do financeiro. O time reconheceu o valor porque tinham que fazer mutir\u00f5es e horas extras para fechar as contas no prazo, e hoje trabalham com muito mais qualidade e otimiza\u00e7\u00e3o de tempo. O dia a dia ficou mais equilibrado, os colaboradores t\u00eam mais qualidade de vida e s\u00e3o mais felizes.\"<\/h2>\t\t\t\t<\/div>\n\t\t<div class=\"elementor-element elementor-element-2b23ebe e-con-full e-flex e-con e-child\" data-id=\"2b23ebe\" data-element_type=\"container\" data-e-type=\"container\" data-settings=\"{&quot;jet_parallax_layout_list&quot;:[]}\">\n\t\t\t\t<div class=\"elementor-element elementor-element-acbd6b7 elementor-widget__width-initial elementor-widget elementor-widget-heading\" data-id=\"acbd6b7\" data-element_type=\"widget\" data-e-type=\"widget\" data-widget_type=\"heading.default\">\n\t\t\t\t\t<h2 class=\"elementor-heading-title elementor-size-default\">Marcello Rocha\n<br>Director of the Venice Group CSC\n\n<\/h2>\t\t\t\t<\/div>\n\t\t\t\t<\/div>\n\t\t\t\t\t<\/div>\n\t\t\t\t<\/div>\n\t\t<div class=\"elementor-element elementor-element-a466ac0 e-flex e-con-boxed e-con e-parent\" data-id=\"a466ac0\" data-element_type=\"container\" data-e-type=\"container\" data-settings=\"{&quot;background_background&quot;:&quot;gradient&quot;,&quot;jet_parallax_layout_list&quot;:[]}\">\n\t\t\t\t\t<div class=\"e-con-inner\">\n\t\t<div class=\"elementor-element elementor-element-3f6ff90 e-con-full e-flex e-con e-child\" data-id=\"3f6ff90\" data-element_type=\"container\" data-e-type=\"container\" data-settings=\"{&quot;jet_parallax_layout_list&quot;:[]}\">\n\t\t\t\t<div class=\"elementor-element elementor-element-120a471 elementor-widget__width-initial elementor-widget elementor-widget-heading\" data-id=\"120a471\" data-element_type=\"widget\" data-e-type=\"widget\" data-widget_type=\"heading.default\">\n\t\t\t\t\t<h2 class=\"elementor-heading-title elementor-size-default\">Do you want to know how to achieve Venice's results with our technology?\n\n\n<\/h2>\t\t\t\t<\/div>\n\t\t<div class=\"elementor-element elementor-element-bd1abbe e-con-full e-flex e-con e-child\" data-id=\"bd1abbe\" data-element_type=\"container\" data-e-type=\"container\" data-settings=\"{&quot;jet_parallax_layout_list&quot;:[]}\">\n\t\t\t\t<div class=\"elementor-element elementor-element-37c6e7f elementor-widget__width-initial elementor-widget-tablet__width-inherit elementor-widget elementor-widget-text-editor\" data-id=\"37c6e7f\" data-element_type=\"widget\" data-e-type=\"widget\" data-widget_type=\"text-editor.default\">\n\t\t\t\t\t\t\t\t\t<p>&#8220;A Dattos transformou a qualidade de vida do financeiro. O time reconheceu o valor porque tinham que fazer mutir\u00f5es e horas extras para fechar as contas no prazo, e hoje trabalham com muito mais qualidade e otimiza\u00e7\u00e3o de tempo. O dia a dia ficou mais equilibrado, os colaboradores t\u00eam mais qualidade de vida e s\u00e3o mais felizes.&#8221;<\/p>\t\t\t\t\t\t\t\t<\/div>\n\t\t<div class=\"elementor-element elementor-element-204affd e-con-full e-flex e-con e-child\" data-id=\"204affd\" data-element_type=\"container\" data-e-type=\"container\" data-settings=\"{&quot;jet_parallax_layout_list&quot;:[]}\">\n\t\t\t\t<div class=\"elementor-element elementor-element-7ff3b16 elementor-widget__width-initial elementor-widget elementor-widget-heading\" data-id=\"7ff3b16\" data-element_type=\"widget\" data-e-type=\"widget\" data-widget_type=\"heading.default\">\n\t\t\t\t\t<h2 class=\"elementor-heading-title elementor-size-default\">Marcello Rocha\n<br>Director of the Venice Group CSC\n\n<\/h2>\t\t\t\t<\/div>\n\t\t\t\t<\/div>\n\t\t\t\t<\/div>\n\t\t\t\t<\/div>\n\t\t\t\t<div class=\"elementor-element elementor-element-05d0c99 elementor-widget elementor-widget-menu-anchor\" data-id=\"05d0c99\" data-element_type=\"widget\" data-e-type=\"widget\" data-widget_type=\"menu-anchor.default\">\n\t\t\t\t\t\t\t<div class=\"elementor-menu-anchor\" id=\"agendar-demo\"><\/div>\n\t\t\t\t\t\t<\/div>\n\t\t<div class=\"elementor-element elementor-element-0992baa e-con-full e-flex e-con e-child\" data-id=\"0992baa\" data-element_type=\"container\" data-e-type=\"container\" data-settings=\"{&quot;background_background&quot;:&quot;classic&quot;,&quot;jet_parallax_layout_list&quot;:[]}\">\n\t\t\t\t<div class=\"elementor-element elementor-element-bef7bd8 elementor-widget elementor-widget-html\" data-id=\"bef7bd8\" data-element_type=\"widget\" data-e-type=\"widget\" data-widget_type=\"html.default\">\n\t\t\t\t\t<style>.elementor-element-bef7bd8{display:none !important}<\/style>\t\t\t\t<\/div>\n\t\t\t\t<div class=\"elementor-element elementor-element-bed84df elementor-widget elementor-widget-html\" data-id=\"bed84df\" data-element_type=\"widget\" data-e-type=\"widget\" data-widget_type=\"html.default\">\n\t\t\t\t\t<script charset=\"utf-8\" type=\"text\/javascript\" src=\"\/\/js.hsforms.net\/forms\/embed\/v2.js\"><\/script>\r\n<script>\r\n  hbspt.forms.create({\r\n    portalId: \"24368585\",\r\n    formId: \"488c7fed-c2b8-426b-9737-54bef64d443d\",\r\n    region: \"na1\"\r\n  });\r\n<\/script>\t\t\t\t<\/div>\n\t\t\t\t<\/div>\n\t\t\t\t\t<\/div>\n\t\t\t\t<\/div>\n\t\t\t\t<\/div>","protected":false},"excerpt":{"rendered":"<p>Concilia\u00e7\u00e3o automatizada de 80% da opera\u00e7\u00e3o financeira do CSC Sobre Veneza O\u00a0Grupo Veneza\u00a0\u00e9 uma empresa varejista com\u00a0mais de 1.300 colaboradores espalhados por 11 estados do Brasil.\u00a0A organiza\u00e7\u00e3o atua como concession\u00e1ria de m\u00e1quinas e equipamentos para os ramos de pavimenta\u00e7\u00e3o, agr\u00edcola, caminh\u00f5es, \u00f4nibus e autom\u00f3veis leves. A empresa, que come\u00e7ou como um neg\u00f3cio familiar, teve um [&hellip;]<\/p>\n","protected":false},"author":21,"featured_media":0,"parent":0,"menu_order":0,"comment_status":"closed","ping_status":"closed","template":"elementor_header_footer","meta":{"content-type":"","footnotes":""},"class_list":["post-34347","page","type-page","status-publish","hentry"],"_links":{"self":[{"href":"https:\/\/www.dattos.com.br\/en\/wp-json\/wp\/v2\/pages\/34347","targetHints":{"allow":["GET"]}}],"collection":[{"href":"https:\/\/www.dattos.com.br\/en\/wp-json\/wp\/v2\/pages"}],"about":[{"href":"https:\/\/www.dattos.com.br\/en\/wp-json\/wp\/v2\/types\/page"}],"author":[{"embeddable":true,"href":"https:\/\/www.dattos.com.br\/en\/wp-json\/wp\/v2\/users\/21"}],"replies":[{"embeddable":true,"href":"https:\/\/www.dattos.com.br\/en\/wp-json\/wp\/v2\/comments?post=34347"}],"version-history":[{"count":6,"href":"https:\/\/www.dattos.com.br\/en\/wp-json\/wp\/v2\/pages\/34347\/revisions"}],"predecessor-version":[{"id":34354,"href":"https:\/\/www.dattos.com.br\/en\/wp-json\/wp\/v2\/pages\/34347\/revisions\/34354"}],"wp:attachment":[{"href":"https:\/\/www.dattos.com.br\/en\/wp-json\/wp\/v2\/media?parent=34347"}],"curies":[{"name":"wp","href":"https:\/\/api.w.org\/{rel}","templated":true}]}}