{"id":23181,"date":"2024-09-30T17:42:54","date_gmt":"2024-09-30T20:42:54","guid":{"rendered":"https:\/\/site-novo.dattos.com.br\/?page_id=23181"},"modified":"2024-09-30T21:39:53","modified_gmt":"2024-10-01T00:39:53","slug":"obrigado-5-beneficios-da-automacao-do-fechamento-financeiro","status":"publish","type":"page","link":"https:\/\/www.dattos.com.br\/es\/obrigado-5-beneficios-da-automacao-do-fechamento-financeiro\/","title":{"rendered":"[TYP] Os 5 benef\u00edcios da automa\u00e7\u00e3o das rotinas de fechamento financeiro para a sua empresa"},"content":{"rendered":"\t\t<div data-elementor-type=\"wp-page\" data-elementor-id=\"23181\" class=\"elementor elementor-23181\" data-elementor-post-type=\"page\">\n\t\t\t\t<div class=\"elementor-element elementor-element-31e5e48c e-flex e-con-boxed e-con e-parent\" data-id=\"31e5e48c\" data-element_type=\"container\" data-e-type=\"container\" data-settings=\"{&quot;background_background&quot;:&quot;classic&quot;,&quot;jet_parallax_layout_list&quot;:[]}\">\n\t\t\t\t\t<div class=\"e-con-inner\">\n\t\t<div class=\"elementor-element elementor-element-3748113e e-con-full e-flex e-con e-child\" data-id=\"3748113e\" data-element_type=\"container\" data-e-type=\"container\" data-settings=\"{&quot;jet_parallax_layout_list&quot;:[]}\">\n\t\t\t\t<div class=\"elementor-element elementor-element-427eaa76 elementor-align-right elementor-mobile-align-center elementor-tablet-align-center elementor-widget elementor-widget-lottie\" data-id=\"427eaa76\" data-element_type=\"widget\" data-e-type=\"widget\" data-settings=\"{&quot;source_json&quot;:{&quot;url&quot;:&quot;https:\\\/\\\/www.dattos.com.br\\\/wp-content\\\/uploads\\\/2024\\\/09\\\/Animation-1727719361833.json&quot;,&quot;id&quot;:22988,&quot;size&quot;:&quot;&quot;,&quot;alt&quot;:&quot;&quot;,&quot;source&quot;:&quot;library&quot;},&quot;loop&quot;:&quot;yes&quot;,&quot;source&quot;:&quot;media_file&quot;,&quot;caption_source&quot;:&quot;none&quot;,&quot;link_to&quot;:&quot;none&quot;,&quot;trigger&quot;:&quot;arriving_to_viewport&quot;,&quot;viewport&quot;:{&quot;unit&quot;:&quot;%&quot;,&quot;size&quot;:&quot;&quot;,&quot;sizes&quot;:{&quot;start&quot;:0,&quot;end&quot;:100}},&quot;play_speed&quot;:{&quot;unit&quot;:&quot;px&quot;,&quot;size&quot;:1,&quot;sizes&quot;:[]},&quot;start_point&quot;:{&quot;unit&quot;:&quot;%&quot;,&quot;size&quot;:0,&quot;sizes&quot;:[]},&quot;end_point&quot;:{&quot;unit&quot;:&quot;%&quot;,&quot;size&quot;:100,&quot;sizes&quot;:[]},&quot;renderer&quot;:&quot;svg&quot;}\" data-widget_type=\"lottie.default\">\n\t\t\t\t\t<div class=\"e-lottie__container\"><div class=\"e-lottie__animation\"><\/div><\/div>\t\t\t\t<\/div>\n\t\t\t\t<\/div>\n\t\t<div class=\"elementor-element elementor-element-588c4953 e-con-full e-flex e-con e-child\" data-id=\"588c4953\" data-element_type=\"container\" data-e-type=\"container\" data-settings=\"{&quot;jet_parallax_layout_list&quot;:[]}\">\n\t\t\t\t<div class=\"elementor-element elementor-element-2451c370 elementor-widget__width-initial elementor-widget-tablet__width-initial elementor-widget elementor-widget-heading\" data-id=\"2451c370\" data-element_type=\"widget\" data-e-type=\"widget\" data-widget_type=\"heading.default\">\n\t\t\t\t\t<h2 class=\"elementor-heading-title elementor-size-default\">Seu eBook sobre os 5 principais benef\u00edcios da automa\u00e7\u00e3o de rotinas no fechamento financeiro j\u00e1 est\u00e1 dispon\u00edvel.\n<\/h2>\t\t\t\t<\/div>\n\t\t\t\t<\/div>\n\t\t\t\t\t<\/div>\n\t\t\t\t<\/div>\n\t\t<div class=\"elementor-element elementor-element-752ffba9 e-flex e-con-boxed e-con e-parent\" data-id=\"752ffba9\" data-element_type=\"container\" data-e-type=\"container\" data-settings=\"{&quot;background_background&quot;:&quot;classic&quot;,&quot;jet_parallax_layout_list&quot;:[]}\">\n\t\t\t\t\t<div class=\"e-con-inner\">\n\t\t\t\t<div class=\"elementor-element elementor-element-7c69c4ea elementor-widget__width-inherit elementor-widget-tablet__width-inherit elementor-widget-mobile__width-inherit elementor-widget elementor-widget-text-editor\" data-id=\"7c69c4ea\" data-element_type=\"widget\" data-e-type=\"widget\" data-widget_type=\"text-editor.default\">\n\t\t\t\t\t\t\t\t\t<div class=\"elementor-element elementor-element-258b910 elementor-widget-mobile__width-initial elementor-widget elementor-widget-text-editor\" data-id=\"258b910\" data-element_type=\"widget\" data-widget_type=\"text-editor.default\"><div class=\"elementor-widget-container\"><p>O material logo vai chegar no seu e-mail. Enquanto isso, que tal conhecer a nossa plataforma completa para automa\u00e7\u00e3o das suas rotinas de fechamento financeiro?\u00a0<\/p><p><b>Fale com nossos consultores e conhe\u00e7a a Dattos!<\/b><\/p><\/div><\/div>\t\t\t\t\t\t\t\t<\/div>\n\t\t\t\t<div class=\"elementor-element elementor-element-466316fa elementor-align-center elementor-widget__width-auto elementor-widget elementor-widget-button\" data-id=\"466316fa\" data-element_type=\"widget\" data-e-type=\"widget\" data-widget_type=\"button.default\">\n\t\t\t\t\t\t\t\t\t\t<a class=\"elementor-button elementor-button-link elementor-size-sm\" href=\"https:\/\/www.dattos.com.br\/agendar-diagnostico\/\">\n\t\t\t\t\t\t<span class=\"elementor-button-content-wrapper\">\n\t\t\t\t\t\t\t\t\t<span class=\"elementor-button-text\">Conversar com especialista<\/span>\n\t\t\t\t\t<\/span>\n\t\t\t\t\t<\/a>\n\t\t\t\t\t\t\t\t<\/div>\n\t\t\t\t\t<\/div>\n\t\t\t\t<\/div>\n\t\t<div class=\"elementor-element elementor-element-4f1c2cb2 e-flex e-con-boxed e-con e-parent\" data-id=\"4f1c2cb2\" data-element_type=\"container\" data-e-type=\"container\" data-settings=\"{&quot;jet_parallax_layout_list&quot;:[]}\">\n\t\t\t\t\t<div class=\"e-con-inner\">\n\t\t\t\t<div class=\"elementor-element elementor-element-5f20f9a6 elementor-widget__width-inherit elementor-widget-tablet__width-initial elementor-widget-mobile__width-inherit elementor-widget elementor-widget-heading\" data-id=\"5f20f9a6\" data-element_type=\"widget\" data-e-type=\"widget\" data-widget_type=\"heading.default\">\n\t\t\t\t\t<h1 class=\"elementor-heading-title elementor-size-default\">Publica\u00e7\u00f5es relacionadas<\/h1>\t\t\t\t<\/div>\n\t\t\t\t<div class=\"elementor-element elementor-element-27316b13 space elementor-widget elementor-widget-jet-listing-grid\" data-id=\"27316b13\" data-element_type=\"widget\" data-e-type=\"widget\" data-settings=\"{&quot;columns&quot;:3}\" data-widget_type=\"jet-listing-grid.default\">\n\t\t\t\t\t<div class=\"jet-listing-grid jet-listing\"><div class=\"jet-listing-grid__scroll-slider jet-listing-grid__scroll-slider-mobile\"><div class=\"jet-listing-grid__items grid-col-desk-3 grid-col-tablet-3 grid-col-mobile-3 jet-listing-grid--815 jet-listing-grid__scroll-slider-wrap-mobile\" data-queried-id=\"23181|WP_Post\" data-nav=\"{&quot;enabled&quot;:false,&quot;type&quot;:null,&quot;more_el&quot;:null,&quot;query&quot;:[],&quot;widget_settings&quot;:{&quot;lisitng_id&quot;:815,&quot;posts_num&quot;:3,&quot;columns&quot;:3,&quot;columns_tablet&quot;:3,&quot;columns_mobile&quot;:3,&quot;column_min_width&quot;:240,&quot;column_min_width_tablet&quot;:240,&quot;column_min_width_mobile&quot;:240,&quot;inline_columns_css&quot;:false,&quot;is_archive_template&quot;:&quot;&quot;,&quot;post_status&quot;:[&quot;publish&quot;],&quot;use_random_posts_num&quot;:&quot;&quot;,&quot;max_posts_num&quot;:9,&quot;not_found_message&quot;:&quot;No data was found&quot;,&quot;is_masonry&quot;:false,&quot;equal_columns_height&quot;:&quot;&quot;,&quot;use_load_more&quot;:&quot;&quot;,&quot;load_more_id&quot;:&quot;&quot;,&quot;load_more_type&quot;:&quot;click&quot;,&quot;load_more_offset&quot;:{&quot;unit&quot;:&quot;px&quot;,&quot;size&quot;:0,&quot;sizes&quot;:[]},&quot;use_custom_post_types&quot;:&quot;&quot;,&quot;custom_post_types&quot;:[],&quot;hide_widget_if&quot;:&quot;&quot;,&quot;carousel_enabled&quot;:&quot;&quot;,&quot;slides_to_scroll&quot;:&quot;1&quot;,&quot;arrows&quot;:&quot;true&quot;,&quot;arrow_icon&quot;:&quot;fa fa-angle-left&quot;,&quot;dots&quot;:&quot;&quot;,&quot;autoplay&quot;:&quot;true&quot;,&quot;pause_on_hover&quot;:&quot;true&quot;,&quot;autoplay_speed&quot;:5000,&quot;infinite&quot;:&quot;true&quot;,&quot;center_mode&quot;:&quot;&quot;,&quot;effect&quot;:&quot;slide&quot;,&quot;speed&quot;:500,&quot;inject_alternative_items&quot;:&quot;&quot;,&quot;injection_items&quot;:[],&quot;scroll_slider_enabled&quot;:&quot;yes&quot;,&quot;scroll_slider_on&quot;:[&quot;mobile&quot;],&quot;custom_query&quot;:false,&quot;custom_query_id&quot;:&quot;&quot;,&quot;_element_id&quot;:&quot;&quot;,&quot;collapse_first_last_gap&quot;:false,&quot;list_tag_selection&quot;:&quot;&quot;,&quot;list_items_wrapper_tag&quot;:&quot;div&quot;,&quot;list_item_tag&quot;:&quot;div&quot;,&quot;empty_items_wrapper_tag&quot;:&quot;div&quot;}}\" data-page=\"1\" data-pages=\"26\" data-listing-source=\"posts\" data-listing-id=\"815\" data-query-id=\"\"><div class=\"jet-listing-grid__item jet-listing-dynamic-post-36636\" data-post-id=\"36636\"  ><div class=\"jet-engine-listing-overlay-wrap\" data-url=\"https:\/\/www.dattos.com.br\/es\/blog\/ferramentas-de-ia\/\">\t\t<div data-elementor-type=\"jet-listing-items\" data-elementor-id=\"815\" class=\"elementor elementor-815\" data-elementor-post-type=\"jet-engine\">\n\t\t\t\t<div class=\"elementor-element elementor-element-633222e e-flex e-con-boxed e-con e-parent\" data-id=\"633222e\" data-element_type=\"container\" data-e-type=\"container\" data-settings=\"{&quot;jet_parallax_layout_list&quot;:[]}\">\n\t\t\t\t\t<div class=\"e-con-inner\">\n\t\t\t\t<div class=\"elementor-element elementor-element-230374e elementor-widget__width-auto link elementor-absolute elementor-widget elementor-widget-text-editor\" data-id=\"230374e\" data-element_type=\"widget\" data-e-type=\"widget\" data-settings=\"{&quot;_position&quot;:&quot;absolute&quot;}\" data-widget_type=\"text-editor.default\">\n\t\t\t\t\t\t\t\t\t<a href=\"https:\/\/www.dattos.com.br\/es\/blog\/category\/tesouraria-e-financeiro\/\" rel=\"tag\">Tesouraria e financeiro<\/a>\t\t\t\t\t\t\t\t<\/div>\n\t\t\t\t<div class=\"elementor-element elementor-element-332c0b9 elementor-widget elementor-widget-image\" data-id=\"332c0b9\" data-element_type=\"widget\" data-e-type=\"widget\" data-widget_type=\"image.default\">\n\t\t\t\t\t\t\t\t\t\t\t\t\t\t\t\t<a href=\"https:\/\/www.dattos.com.br\/es\/blog\/ferramentas-de-ia\/\">\n\t\t\t\t\t\t\t<img fetchpriority=\"high\" decoding=\"async\" width=\"800\" height=\"566\" src=\"https:\/\/www.dattos.com.br\/wp-content\/uploads\/2026\/05\/ferramentas-de-ia-1024x724.jpg\" class=\"attachment-large size-large wp-image-36637\" alt=\"Conhe\u00e7a as principais ferramentas de IA gratuitas, veja quais usar em cada \u00e1rea e saiba como usar com seguran\u00e7a sem violar a LGPD.\" srcset=\"https:\/\/www.dattos.com.br\/wp-content\/uploads\/2026\/05\/ferramentas-de-ia-1024x724.jpg 1024w, https:\/\/www.dattos.com.br\/wp-content\/uploads\/2026\/05\/ferramentas-de-ia-300x212.jpg 300w, https:\/\/www.dattos.com.br\/wp-content\/uploads\/2026\/05\/ferramentas-de-ia-768x543.jpg 768w, https:\/\/www.dattos.com.br\/wp-content\/uploads\/2026\/05\/ferramentas-de-ia-1536x1086.jpg 1536w, https:\/\/www.dattos.com.br\/wp-content\/uploads\/2026\/05\/ferramentas-de-ia-18x12.jpg 18w, https:\/\/www.dattos.com.br\/wp-content\/uploads\/2026\/05\/ferramentas-de-ia.jpg 1920w\" sizes=\"(max-width: 800px) 100vw, 800px\" \/>\t\t\t\t\t\t\t\t<\/a>\n\t\t\t\t\t\t\t\t\t\t\t\t\t\t\t<\/div>\n\t\t\t\t<div class=\"elementor-element elementor-element-085e655 elementor-widget__width-inherit elementor-widget elementor-widget-heading\" data-id=\"085e655\" data-element_type=\"widget\" data-e-type=\"widget\" data-widget_type=\"heading.default\">\n\t\t\t\t\t<p class=\"elementor-heading-title elementor-size-default\">Voc\u00ea usa ferramentas de IA gratuitas no trabalho? Aqui est\u00e1 o guia completo com checklist de seguran\u00e7a!<\/p>\t\t\t\t<\/div>\n\t\t\t\t\t<\/div>\n\t\t\t\t<\/div>\n\t\t<div class=\"elementor-element elementor-element-5e60a7d e-flex e-con-boxed e-con e-parent\" data-id=\"5e60a7d\" data-element_type=\"container\" data-e-type=\"container\" data-settings=\"{&quot;jet_parallax_layout_list&quot;:[]}\">\n\t\t\t\t\t<div class=\"e-con-inner\">\n\t\t\t\t<div class=\"elementor-element elementor-element-5371db7 elementor-widget elementor-widget-text-editor\" data-id=\"5371db7\" data-element_type=\"widget\" data-e-type=\"widget\" data-widget_type=\"text-editor.default\">\n\t\t\t\t\t\t\t\t\t13 de mayo de 2026\t\t\t\t\t\t\t\t<\/div>\n\t\t\t\t<div class=\"elementor-element elementor-element-e4f0428 elementor-widget elementor-widget-shortcode\" data-id=\"e4f0428\" data-element_type=\"widget\" data-e-type=\"widget\" data-widget_type=\"shortcode.default\">\n\t\t\t\t\t\t\t<div class=\"elementor-shortcode\"><div class=\"reading-time\">14 minutos de leitura<\/div><\/div>\n\t\t\t\t\t\t<\/div>\n\t\t\t\t\t<\/div>\n\t\t\t\t<\/div>\n\t\t\t\t<\/div>\n\t\t<a href=\"https:\/\/www.dattos.com.br\/es\/blog\/ferramentas-de-ia\/\" class=\"jet-engine-listing-overlay-link\"><\/a><\/div><\/div><div class=\"jet-listing-grid__item jet-listing-dynamic-post-36594\" data-post-id=\"36594\"  ><div class=\"jet-engine-listing-overlay-wrap\" data-url=\"https:\/\/www.dattos.com.br\/es\/blog\/previsao-de-caixa\/\">\t\t<div data-elementor-type=\"jet-listing-items\" data-elementor-id=\"815\" class=\"elementor elementor-815\" data-elementor-post-type=\"jet-engine\">\n\t\t\t\t<div class=\"elementor-element elementor-element-633222e e-flex e-con-boxed e-con e-parent\" data-id=\"633222e\" data-element_type=\"container\" data-e-type=\"container\" data-settings=\"{&quot;jet_parallax_layout_list&quot;:[]}\">\n\t\t\t\t\t<div class=\"e-con-inner\">\n\t\t\t\t<div class=\"elementor-element elementor-element-230374e elementor-widget__width-auto link elementor-absolute elementor-widget elementor-widget-text-editor\" data-id=\"230374e\" data-element_type=\"widget\" data-e-type=\"widget\" data-settings=\"{&quot;_position&quot;:&quot;absolute&quot;}\" data-widget_type=\"text-editor.default\">\n\t\t\t\t\t\t\t\t\t<a href=\"https:\/\/www.dattos.com.br\/es\/blog\/category\/tesouraria-e-financeiro\/\" rel=\"tag\">Tesouraria e financeiro<\/a>\t\t\t\t\t\t\t\t<\/div>\n\t\t\t\t<div class=\"elementor-element elementor-element-332c0b9 elementor-widget elementor-widget-image\" data-id=\"332c0b9\" data-element_type=\"widget\" data-e-type=\"widget\" data-widget_type=\"image.default\">\n\t\t\t\t\t\t\t\t\t\t\t\t\t\t\t\t<a href=\"https:\/\/www.dattos.com.br\/es\/blog\/previsao-de-caixa\/\">\n\t\t\t\t\t\t\t<img decoding=\"async\" width=\"800\" height=\"534\" src=\"https:\/\/www.dattos.com.br\/wp-content\/uploads\/2026\/05\/previsao-de-caixa-1024x683.jpg\" class=\"attachment-large size-large wp-image-36595\" alt=\"Aprenda a fazer previs\u00e3o de caixa: metodologias, horizonte de proje\u00e7\u00e3o, como reduzir o erro de forecast e integrar com o planejamento financeiro.\" srcset=\"https:\/\/www.dattos.com.br\/wp-content\/uploads\/2026\/05\/previsao-de-caixa-1024x683.jpg 1024w, https:\/\/www.dattos.com.br\/wp-content\/uploads\/2026\/05\/previsao-de-caixa-300x200.jpg 300w, https:\/\/www.dattos.com.br\/wp-content\/uploads\/2026\/05\/previsao-de-caixa-768x512.jpg 768w, https:\/\/www.dattos.com.br\/wp-content\/uploads\/2026\/05\/previsao-de-caixa-1536x1024.jpg 1536w, https:\/\/www.dattos.com.br\/wp-content\/uploads\/2026\/05\/previsao-de-caixa-18x12.jpg 18w, https:\/\/www.dattos.com.br\/wp-content\/uploads\/2026\/05\/previsao-de-caixa.jpg 1920w\" sizes=\"(max-width: 800px) 100vw, 800px\" \/>\t\t\t\t\t\t\t\t<\/a>\n\t\t\t\t\t\t\t\t\t\t\t\t\t\t\t<\/div>\n\t\t\t\t<div class=\"elementor-element elementor-element-085e655 elementor-widget__width-inherit elementor-widget elementor-widget-heading\" data-id=\"085e655\" data-element_type=\"widget\" data-e-type=\"widget\" data-widget_type=\"heading.default\">\n\t\t\t\t\t<p class=\"elementor-heading-title elementor-size-default\">Como fazer a previs\u00e3o de caixa em 5 passos<\/p>\t\t\t\t<\/div>\n\t\t\t\t\t<\/div>\n\t\t\t\t<\/div>\n\t\t<div class=\"elementor-element elementor-element-5e60a7d e-flex e-con-boxed e-con e-parent\" data-id=\"5e60a7d\" data-element_type=\"container\" data-e-type=\"container\" data-settings=\"{&quot;jet_parallax_layout_list&quot;:[]}\">\n\t\t\t\t\t<div class=\"e-con-inner\">\n\t\t\t\t<div class=\"elementor-element elementor-element-5371db7 elementor-widget elementor-widget-text-editor\" data-id=\"5371db7\" data-element_type=\"widget\" data-e-type=\"widget\" data-widget_type=\"text-editor.default\">\n\t\t\t\t\t\t\t\t\t11 de mayo de 2026\t\t\t\t\t\t\t\t<\/div>\n\t\t\t\t<div class=\"elementor-element elementor-element-e4f0428 elementor-widget elementor-widget-shortcode\" data-id=\"e4f0428\" data-element_type=\"widget\" data-e-type=\"widget\" data-widget_type=\"shortcode.default\">\n\t\t\t\t\t\t\t<div class=\"elementor-shortcode\"><div class=\"reading-time\">8 minutos de leitura<\/div><\/div>\n\t\t\t\t\t\t<\/div>\n\t\t\t\t\t<\/div>\n\t\t\t\t<\/div>\n\t\t\t\t<\/div>\n\t\t<a href=\"https:\/\/www.dattos.com.br\/es\/blog\/previsao-de-caixa\/\" class=\"jet-engine-listing-overlay-link\"><\/a><\/div><\/div><div class=\"jet-listing-grid__item jet-listing-dynamic-post-36372\" data-post-id=\"36372\"  ><div class=\"jet-engine-listing-overlay-wrap\" data-url=\"https:\/\/www.dattos.com.br\/es\/blog\/regua-de-cobranca\/\">\t\t<div data-elementor-type=\"jet-listing-items\" data-elementor-id=\"815\" class=\"elementor elementor-815\" data-elementor-post-type=\"jet-engine\">\n\t\t\t\t<div class=\"elementor-element elementor-element-633222e e-flex e-con-boxed e-con e-parent\" data-id=\"633222e\" data-element_type=\"container\" data-e-type=\"container\" data-settings=\"{&quot;jet_parallax_layout_list&quot;:[]}\">\n\t\t\t\t\t<div class=\"e-con-inner\">\n\t\t\t\t<div class=\"elementor-element elementor-element-230374e elementor-widget__width-auto link elementor-absolute elementor-widget elementor-widget-text-editor\" data-id=\"230374e\" data-element_type=\"widget\" data-e-type=\"widget\" data-settings=\"{&quot;_position&quot;:&quot;absolute&quot;}\" data-widget_type=\"text-editor.default\">\n\t\t\t\t\t\t\t\t\t<a href=\"https:\/\/www.dattos.com.br\/es\/blog\/category\/tesouraria-e-financeiro\/\" rel=\"tag\">Tesouraria e financeiro<\/a>\t\t\t\t\t\t\t\t<\/div>\n\t\t\t\t<div class=\"elementor-element elementor-element-332c0b9 elementor-widget elementor-widget-image\" data-id=\"332c0b9\" data-element_type=\"widget\" data-e-type=\"widget\" data-widget_type=\"image.default\">\n\t\t\t\t\t\t\t\t\t\t\t\t\t\t\t\t<a href=\"https:\/\/www.dattos.com.br\/es\/blog\/regua-de-cobranca\/\">\n\t\t\t\t\t\t\t<img decoding=\"async\" width=\"800\" height=\"480\" src=\"https:\/\/www.dattos.com.br\/wp-content\/uploads\/2026\/05\/r_gua_de_cobran_a-1-1024x614.webp\" class=\"attachment-large size-large wp-image-36609\" alt=\"\" srcset=\"https:\/\/www.dattos.com.br\/wp-content\/uploads\/2026\/05\/r_gua_de_cobran_a-1-1024x614.webp 1024w, https:\/\/www.dattos.com.br\/wp-content\/uploads\/2026\/05\/r_gua_de_cobran_a-1-300x180.webp 300w, https:\/\/www.dattos.com.br\/wp-content\/uploads\/2026\/05\/r_gua_de_cobran_a-1-768x461.webp 768w, https:\/\/www.dattos.com.br\/wp-content\/uploads\/2026\/05\/r_gua_de_cobran_a-1-1536x922.webp 1536w, https:\/\/www.dattos.com.br\/wp-content\/uploads\/2026\/05\/r_gua_de_cobran_a-1-18x12.webp 18w, https:\/\/www.dattos.com.br\/wp-content\/uploads\/2026\/05\/r_gua_de_cobran_a-1.webp 1800w\" sizes=\"(max-width: 800px) 100vw, 800px\" \/>\t\t\t\t\t\t\t\t<\/a>\n\t\t\t\t\t\t\t\t\t\t\t\t\t\t\t<\/div>\n\t\t\t\t<div class=\"elementor-element elementor-element-085e655 elementor-widget__width-inherit elementor-widget elementor-widget-heading\" data-id=\"085e655\" data-element_type=\"widget\" data-e-type=\"widget\" data-widget_type=\"heading.default\">\n\t\t\t\t\t<p class=\"elementor-heading-title elementor-size-default\">R\u00e9gua de cobran\u00e7a: como criar uma que realmente recupera receita sem prejudicar o relacionamento<\/p>\t\t\t\t<\/div>\n\t\t\t\t\t<\/div>\n\t\t\t\t<\/div>\n\t\t<div class=\"elementor-element elementor-element-5e60a7d e-flex e-con-boxed e-con e-parent\" data-id=\"5e60a7d\" data-element_type=\"container\" data-e-type=\"container\" data-settings=\"{&quot;jet_parallax_layout_list&quot;:[]}\">\n\t\t\t\t\t<div class=\"e-con-inner\">\n\t\t\t\t<div class=\"elementor-element elementor-element-5371db7 elementor-widget elementor-widget-text-editor\" data-id=\"5371db7\" data-element_type=\"widget\" data-e-type=\"widget\" data-widget_type=\"text-editor.default\">\n\t\t\t\t\t\t\t\t\t8 de mayo de 2026\t\t\t\t\t\t\t\t<\/div>\n\t\t\t\t<div class=\"elementor-element elementor-element-e4f0428 elementor-widget elementor-widget-shortcode\" data-id=\"e4f0428\" data-element_type=\"widget\" data-e-type=\"widget\" data-widget_type=\"shortcode.default\">\n\t\t\t\t\t\t\t<div class=\"elementor-shortcode\"><div class=\"reading-time\">9 minutos de leitura<\/div><\/div>\n\t\t\t\t\t\t<\/div>\n\t\t\t\t\t<\/div>\n\t\t\t\t<\/div>\n\t\t\t\t<\/div>\n\t\t<a href=\"https:\/\/www.dattos.com.br\/es\/blog\/regua-de-cobranca\/\" class=\"jet-engine-listing-overlay-link\"><\/a><\/div><\/div><\/div><\/div><\/div>\t\t\t\t<\/div>\n\t\t\t\t\t<\/div>\n\t\t\t\t<\/div>\n\t\t\t\t<\/div>\n\t\t","protected":false},"excerpt":{"rendered":"<p>Seu eBook sobre os 5 principais benef\u00edcios da automa\u00e7\u00e3o de rotinas no fechamento financeiro j\u00e1 est\u00e1 dispon\u00edvel. O material logo vai chegar no seu e-mail. Enquanto isso, que tal conhecer a nossa plataforma completa para automa\u00e7\u00e3o das suas rotinas de fechamento financeiro?\u00a0 Fale com nossos consultores e conhe\u00e7a a Dattos! Conversar com especialista Publica\u00e7\u00f5es relacionadas [&hellip;]<\/p>\n","protected":false},"author":13,"featured_media":0,"parent":0,"menu_order":0,"comment_status":"closed","ping_status":"closed","template":"elementor_header_footer","meta":{"content-type":"","footnotes":""},"class_list":["post-23181","page","type-page","status-publish","hentry"],"_links":{"self":[{"href":"https:\/\/www.dattos.com.br\/es\/wp-json\/wp\/v2\/pages\/23181","targetHints":{"allow":["GET"]}}],"collection":[{"href":"https:\/\/www.dattos.com.br\/es\/wp-json\/wp\/v2\/pages"}],"about":[{"href":"https:\/\/www.dattos.com.br\/es\/wp-json\/wp\/v2\/types\/page"}],"author":[{"embeddable":true,"href":"https:\/\/www.dattos.com.br\/es\/wp-json\/wp\/v2\/users\/13"}],"replies":[{"embeddable":true,"href":"https:\/\/www.dattos.com.br\/es\/wp-json\/wp\/v2\/comments?post=23181"}],"version-history":[{"count":0,"href":"https:\/\/www.dattos.com.br\/es\/wp-json\/wp\/v2\/pages\/23181\/revisions"}],"wp:attachment":[{"href":"https:\/\/www.dattos.com.br\/es\/wp-json\/wp\/v2\/media?parent=23181"}],"curies":[{"name":"wp","href":"https:\/\/api.w.org\/{rel}","templated":true}]}}