{"id":26489,"date":"2024-10-29T19:04:13","date_gmt":"2024-10-29T22:04:13","guid":{"rendered":"https:\/\/www.dattos.com.br\/?page_id=26489"},"modified":"2024-10-29T19:07:47","modified_gmt":"2024-10-29T22:07:47","slug":"obrigado-workshop-ia","status":"publish","type":"page","link":"https:\/\/www.dattos.com.br\/es\/obrigado-workshop-ia\/","title":{"rendered":"[TYP] Do b\u00e1sico ao avan\u00e7ado: como otimizar suas rotinas financeiras com IA"},"content":{"rendered":"\t\t<div data-elementor-type=\"wp-page\" data-elementor-id=\"26489\" class=\"elementor elementor-26489\" data-elementor-post-type=\"page\">\n\t\t\t\t<div class=\"elementor-element elementor-element-18cca80c e-flex e-con-boxed e-con e-parent\" data-id=\"18cca80c\" data-element_type=\"container\" data-e-type=\"container\" data-settings=\"{&quot;background_background&quot;:&quot;classic&quot;,&quot;jet_parallax_layout_list&quot;:[]}\">\n\t\t\t\t\t<div class=\"e-con-inner\">\n\t\t<div class=\"elementor-element elementor-element-691f2e42 e-con-full e-flex e-con e-child\" data-id=\"691f2e42\" data-element_type=\"container\" data-e-type=\"container\" data-settings=\"{&quot;jet_parallax_layout_list&quot;:[]}\">\n\t\t\t\t<div class=\"elementor-element elementor-element-37d46aa elementor-align-right elementor-mobile-align-center elementor-tablet-align-center elementor-widget elementor-widget-lottie\" data-id=\"37d46aa\" data-element_type=\"widget\" data-e-type=\"widget\" data-settings=\"{&quot;source_json&quot;:{&quot;url&quot;:&quot;https:\\\/\\\/www.dattos.com.br\\\/wp-content\\\/uploads\\\/2024\\\/09\\\/Animation-1727719361833.json&quot;,&quot;id&quot;:22988,&quot;size&quot;:&quot;&quot;,&quot;alt&quot;:&quot;&quot;,&quot;source&quot;:&quot;library&quot;},&quot;loop&quot;:&quot;yes&quot;,&quot;source&quot;:&quot;media_file&quot;,&quot;caption_source&quot;:&quot;none&quot;,&quot;link_to&quot;:&quot;none&quot;,&quot;trigger&quot;:&quot;arriving_to_viewport&quot;,&quot;viewport&quot;:{&quot;unit&quot;:&quot;%&quot;,&quot;size&quot;:&quot;&quot;,&quot;sizes&quot;:{&quot;start&quot;:0,&quot;end&quot;:100}},&quot;play_speed&quot;:{&quot;unit&quot;:&quot;px&quot;,&quot;size&quot;:1,&quot;sizes&quot;:[]},&quot;start_point&quot;:{&quot;unit&quot;:&quot;%&quot;,&quot;size&quot;:0,&quot;sizes&quot;:[]},&quot;end_point&quot;:{&quot;unit&quot;:&quot;%&quot;,&quot;size&quot;:100,&quot;sizes&quot;:[]},&quot;renderer&quot;:&quot;svg&quot;}\" data-widget_type=\"lottie.default\">\n\t\t\t\t\t<div class=\"e-lottie__container\"><div class=\"e-lottie__animation\"><\/div><\/div>\t\t\t\t<\/div>\n\t\t\t\t<\/div>\n\t\t<div class=\"elementor-element elementor-element-38b530dd e-con-full e-flex e-con e-child\" data-id=\"38b530dd\" data-element_type=\"container\" data-e-type=\"container\" data-settings=\"{&quot;jet_parallax_layout_list&quot;:[]}\">\n\t\t\t\t<div class=\"elementor-element elementor-element-38192de0 elementor-widget__width-initial elementor-widget-tablet__width-initial elementor-widget elementor-widget-heading\" data-id=\"38192de0\" data-element_type=\"widget\" data-e-type=\"widget\" data-widget_type=\"heading.default\">\n\t\t\t\t\t<h2 class=\"elementor-heading-title elementor-size-default\">Obrigado pelo interesse neste workshop sobre rotinas financeiras com IA!<\/h2>\t\t\t\t<\/div>\n\t\t\t\t<\/div>\n\t\t\t\t\t<\/div>\n\t\t\t\t<\/div>\n\t\t<div class=\"elementor-element elementor-element-71bb2e04 e-flex e-con-boxed e-con e-parent\" data-id=\"71bb2e04\" data-element_type=\"container\" data-e-type=\"container\" data-settings=\"{&quot;background_background&quot;:&quot;classic&quot;,&quot;jet_parallax_layout_list&quot;:[]}\">\n\t\t\t\t\t<div class=\"e-con-inner\">\n\t\t\t\t<div class=\"elementor-element elementor-element-31b54d8f elementor-widget__width-inherit elementor-widget-tablet__width-inherit elementor-widget-mobile__width-inherit elementor-widget elementor-widget-text-editor\" data-id=\"31b54d8f\" data-element_type=\"widget\" data-e-type=\"widget\" data-widget_type=\"text-editor.default\">\n\t\t\t\t\t\t\t\t\t<p>Confira o v\u00eddeo aqui abaixo e salve-o nos seus conte\u00fados favoritos!<\/p>\t\t\t\t\t\t\t\t<\/div>\n\t\t\t\t<div class=\"elementor-element elementor-element-6319ec6d elementor-widget elementor-widget-video\" data-id=\"6319ec6d\" data-element_type=\"widget\" data-e-type=\"widget\" data-settings=\"{&quot;youtube_url&quot;:&quot;https:\\\/\\\/www.youtube.com\\\/watch?v=y8NNrYcgKqI&quot;,&quot;video_type&quot;:&quot;youtube&quot;,&quot;controls&quot;:&quot;yes&quot;}\" data-widget_type=\"video.default\">\n\t\t\t\t\t\t\t<div class=\"elementor-wrapper elementor-open-inline\">\n\t\t\t<div class=\"elementor-video\"><\/div>\t\t<\/div>\n\t\t\t\t\t\t<\/div>\n\t\t\t\t<div class=\"elementor-element elementor-element-79c1f894 elementor-widget__width-inherit elementor-widget-tablet__width-inherit elementor-widget-mobile__width-inherit elementor-widget elementor-widget-text-editor\" data-id=\"79c1f894\" data-element_type=\"widget\" data-e-type=\"widget\" data-widget_type=\"text-editor.default\">\n\t\t\t\t\t\t\t\t\t<p><b>Fale com nossos consultores e conhe\u00e7a a Dattos!<\/b><\/p>\t\t\t\t\t\t\t\t<\/div>\n\t\t\t\t<div class=\"elementor-element elementor-element-28a6c3c6 elementor-align-center elementor-widget__width-auto elementor-widget elementor-widget-button\" data-id=\"28a6c3c6\" data-element_type=\"widget\" data-e-type=\"widget\" data-widget_type=\"button.default\">\n\t\t\t\t\t\t\t\t\t\t<a class=\"elementor-button elementor-button-link elementor-size-sm\" href=\"https:\/\/www.dattos.com.br\/agendar-diagnostico\/\">\n\t\t\t\t\t\t<span class=\"elementor-button-content-wrapper\">\n\t\t\t\t\t\t\t\t\t<span class=\"elementor-button-text\">Conversar com especialista<\/span>\n\t\t\t\t\t<\/span>\n\t\t\t\t\t<\/a>\n\t\t\t\t\t\t\t\t<\/div>\n\t\t\t\t\t<\/div>\n\t\t\t\t<\/div>\n\t\t<div class=\"elementor-element elementor-element-27ed5f65 e-flex e-con-boxed e-con e-parent\" data-id=\"27ed5f65\" data-element_type=\"container\" data-e-type=\"container\" data-settings=\"{&quot;jet_parallax_layout_list&quot;:[]}\">\n\t\t\t\t\t<div class=\"e-con-inner\">\n\t\t\t\t<div class=\"elementor-element elementor-element-4a1efecd elementor-widget__width-inherit elementor-widget-tablet__width-initial elementor-widget-mobile__width-inherit elementor-widget elementor-widget-heading\" data-id=\"4a1efecd\" data-element_type=\"widget\" data-e-type=\"widget\" data-widget_type=\"heading.default\">\n\t\t\t\t\t<h1 class=\"elementor-heading-title elementor-size-default\">Publica\u00e7\u00f5es relacionadas<\/h1>\t\t\t\t<\/div>\n\t\t\t\t<div class=\"elementor-element elementor-element-6b9c203d space elementor-widget elementor-widget-jet-listing-grid\" data-id=\"6b9c203d\" data-element_type=\"widget\" data-e-type=\"widget\" data-settings=\"{&quot;columns&quot;:3}\" data-widget_type=\"jet-listing-grid.default\">\n\t\t\t\t\t<div class=\"jet-listing-grid jet-listing\"><div class=\"jet-listing-grid__scroll-slider jet-listing-grid__scroll-slider-mobile\"><div class=\"jet-listing-grid__items grid-col-desk-3 grid-col-tablet-3 grid-col-mobile-3 jet-listing-grid--815 jet-listing-grid__scroll-slider-wrap-mobile\" data-queried-id=\"26489|WP_Post\" data-nav=\"{&quot;enabled&quot;:false,&quot;type&quot;:null,&quot;more_el&quot;:null,&quot;query&quot;:[],&quot;widget_settings&quot;:{&quot;lisitng_id&quot;:815,&quot;posts_num&quot;:3,&quot;columns&quot;:3,&quot;columns_tablet&quot;:3,&quot;columns_mobile&quot;:3,&quot;column_min_width&quot;:240,&quot;column_min_width_tablet&quot;:240,&quot;column_min_width_mobile&quot;:240,&quot;inline_columns_css&quot;:false,&quot;is_archive_template&quot;:&quot;&quot;,&quot;post_status&quot;:[&quot;publish&quot;],&quot;use_random_posts_num&quot;:&quot;&quot;,&quot;max_posts_num&quot;:9,&quot;not_found_message&quot;:&quot;No data was found&quot;,&quot;is_masonry&quot;:false,&quot;equal_columns_height&quot;:&quot;&quot;,&quot;use_load_more&quot;:&quot;&quot;,&quot;load_more_id&quot;:&quot;&quot;,&quot;load_more_type&quot;:&quot;click&quot;,&quot;load_more_offset&quot;:{&quot;unit&quot;:&quot;px&quot;,&quot;size&quot;:0,&quot;sizes&quot;:[]},&quot;use_custom_post_types&quot;:&quot;&quot;,&quot;custom_post_types&quot;:[],&quot;hide_widget_if&quot;:&quot;&quot;,&quot;carousel_enabled&quot;:&quot;&quot;,&quot;slides_to_scroll&quot;:&quot;1&quot;,&quot;arrows&quot;:&quot;true&quot;,&quot;arrow_icon&quot;:&quot;fa fa-angle-left&quot;,&quot;dots&quot;:&quot;&quot;,&quot;autoplay&quot;:&quot;true&quot;,&quot;pause_on_hover&quot;:&quot;true&quot;,&quot;autoplay_speed&quot;:5000,&quot;infinite&quot;:&quot;true&quot;,&quot;center_mode&quot;:&quot;&quot;,&quot;effect&quot;:&quot;slide&quot;,&quot;speed&quot;:500,&quot;inject_alternative_items&quot;:&quot;&quot;,&quot;injection_items&quot;:[],&quot;scroll_slider_enabled&quot;:&quot;yes&quot;,&quot;scroll_slider_on&quot;:[&quot;mobile&quot;],&quot;custom_query&quot;:false,&quot;custom_query_id&quot;:&quot;&quot;,&quot;_element_id&quot;:&quot;&quot;,&quot;collapse_first_last_gap&quot;:false,&quot;list_tag_selection&quot;:&quot;&quot;,&quot;list_items_wrapper_tag&quot;:&quot;div&quot;,&quot;list_item_tag&quot;:&quot;div&quot;,&quot;empty_items_wrapper_tag&quot;:&quot;div&quot;}}\" data-page=\"1\" data-pages=\"30\" data-listing-source=\"posts\" data-listing-id=\"815\" data-query-id=\"\"><div class=\"jet-listing-grid__item jet-listing-dynamic-post-31888\" data-post-id=\"31888\"  ><div class=\"jet-engine-listing-overlay-wrap\" data-url=\"https:\/\/www.dattos.com.br\/es\/blog\/fechamento-contabil-inteligente\/\">\t\t<div data-elementor-type=\"jet-listing-items\" data-elementor-id=\"815\" class=\"elementor elementor-815\" data-elementor-post-type=\"jet-engine\">\n\t\t\t\t<div class=\"elementor-element elementor-element-633222e e-flex e-con-boxed e-con e-parent\" data-id=\"633222e\" data-element_type=\"container\" data-e-type=\"container\" data-settings=\"{&quot;jet_parallax_layout_list&quot;:[]}\">\n\t\t\t\t\t<div class=\"e-con-inner\">\n\t\t\t\t<div class=\"elementor-element elementor-element-230374e elementor-widget__width-auto link elementor-absolute elementor-widget elementor-widget-text-editor\" data-id=\"230374e\" data-element_type=\"widget\" data-e-type=\"widget\" data-settings=\"{&quot;_position&quot;:&quot;absolute&quot;}\" data-widget_type=\"text-editor.default\">\n\t\t\t\t\t\t\t\t\t<a href=\"https:\/\/www.dattos.com.br\/es\/blog\/category\/contabilidade\/\" rel=\"tag\">Contabilidade<\/a>\t\t\t\t\t\t\t\t<\/div>\n\t\t\t\t<div class=\"elementor-element elementor-element-332c0b9 elementor-widget elementor-widget-image\" data-id=\"332c0b9\" data-element_type=\"widget\" data-e-type=\"widget\" data-widget_type=\"image.default\">\n\t\t\t\t\t\t\t\t\t\t\t\t\t\t\t\t<a href=\"https:\/\/www.dattos.com.br\/es\/blog\/fechamento-contabil-inteligente\/\">\n\t\t\t\t\t\t\t<img fetchpriority=\"high\" decoding=\"async\" width=\"800\" height=\"480\" src=\"https:\/\/www.dattos.com.br\/wp-content\/uploads\/2025\/11\/fechamento_contabil-1024x614.webp\" class=\"attachment-large size-large wp-image-33474\" alt=\"\" srcset=\"https:\/\/www.dattos.com.br\/wp-content\/uploads\/2025\/11\/fechamento_contabil-1024x614.webp 1024w, https:\/\/www.dattos.com.br\/wp-content\/uploads\/2025\/11\/fechamento_contabil-300x180.webp 300w, https:\/\/www.dattos.com.br\/wp-content\/uploads\/2025\/11\/fechamento_contabil-768x461.webp 768w, https:\/\/www.dattos.com.br\/wp-content\/uploads\/2025\/11\/fechamento_contabil-1536x922.webp 1536w, https:\/\/www.dattos.com.br\/wp-content\/uploads\/2025\/11\/fechamento_contabil-18x12.webp 18w, https:\/\/www.dattos.com.br\/wp-content\/uploads\/2025\/11\/fechamento_contabil.webp 1800w\" sizes=\"(max-width: 800px) 100vw, 800px\" \/>\t\t\t\t\t\t\t\t<\/a>\n\t\t\t\t\t\t\t\t\t\t\t\t\t\t\t<\/div>\n\t\t\t\t<div class=\"elementor-element elementor-element-085e655 elementor-widget__width-inherit elementor-widget elementor-widget-heading\" data-id=\"085e655\" data-element_type=\"widget\" data-e-type=\"widget\" data-widget_type=\"heading.default\">\n\t\t\t\t\t<p class=\"elementor-heading-title elementor-size-default\">Fechamento cont\u00e1bil inteligente: como o Business Intelligence transforma seus relat\u00f3rios cont\u00e1beis?<\/p>\t\t\t\t<\/div>\n\t\t\t\t\t<\/div>\n\t\t\t\t<\/div>\n\t\t<div class=\"elementor-element elementor-element-5e60a7d e-flex e-con-boxed e-con e-parent\" data-id=\"5e60a7d\" data-element_type=\"container\" data-e-type=\"container\" data-settings=\"{&quot;jet_parallax_layout_list&quot;:[]}\">\n\t\t\t\t\t<div class=\"e-con-inner\">\n\t\t\t\t<div class=\"elementor-element elementor-element-5371db7 elementor-widget elementor-widget-text-editor\" data-id=\"5371db7\" data-element_type=\"widget\" data-e-type=\"widget\" data-widget_type=\"text-editor.default\">\n\t\t\t\t\t\t\t\t\t19 de noviembre de 2025\t\t\t\t\t\t\t\t<\/div>\n\t\t\t\t<div class=\"elementor-element elementor-element-e4f0428 elementor-widget elementor-widget-shortcode\" data-id=\"e4f0428\" data-element_type=\"widget\" data-e-type=\"widget\" data-widget_type=\"shortcode.default\">\n\t\t\t\t\t\t\t<div class=\"elementor-shortcode\"><div class=\"reading-time\">12 minutos de leitura<\/div><\/div>\n\t\t\t\t\t\t<\/div>\n\t\t\t\t\t<\/div>\n\t\t\t\t<\/div>\n\t\t\t\t<\/div>\n\t\t<a href=\"https:\/\/www.dattos.com.br\/es\/blog\/fechamento-contabil-inteligente\/\" class=\"jet-engine-listing-overlay-link\"><\/a><\/div><\/div><div class=\"jet-listing-grid__item jet-listing-dynamic-post-31280\" data-post-id=\"31280\"  ><div class=\"jet-engine-listing-overlay-wrap\" data-url=\"https:\/\/www.dattos.com.br\/es\/blog\/conciliacao-de-cambio\/\">\t\t<div data-elementor-type=\"jet-listing-items\" data-elementor-id=\"815\" class=\"elementor elementor-815\" data-elementor-post-type=\"jet-engine\">\n\t\t\t\t<div class=\"elementor-element elementor-element-633222e e-flex e-con-boxed e-con e-parent\" data-id=\"633222e\" data-element_type=\"container\" data-e-type=\"container\" data-settings=\"{&quot;jet_parallax_layout_list&quot;:[]}\">\n\t\t\t\t\t<div class=\"e-con-inner\">\n\t\t\t\t<div class=\"elementor-element elementor-element-230374e elementor-widget__width-auto link elementor-absolute elementor-widget elementor-widget-text-editor\" data-id=\"230374e\" data-element_type=\"widget\" data-e-type=\"widget\" data-settings=\"{&quot;_position&quot;:&quot;absolute&quot;}\" data-widget_type=\"text-editor.default\">\n\t\t\t\t\t\t\t\t\t<a href=\"https:\/\/www.dattos.com.br\/es\/blog\/category\/contabilidade\/\" rel=\"tag\">Contabilidade<\/a>\t\t\t\t\t\t\t\t<\/div>\n\t\t\t\t<div class=\"elementor-element elementor-element-332c0b9 elementor-widget elementor-widget-image\" data-id=\"332c0b9\" data-element_type=\"widget\" data-e-type=\"widget\" data-widget_type=\"image.default\">\n\t\t\t\t\t\t\t\t\t\t\t\t\t\t\t\t<a href=\"https:\/\/www.dattos.com.br\/es\/blog\/conciliacao-de-cambio\/\">\n\t\t\t\t\t\t\t<img decoding=\"async\" width=\"800\" height=\"480\" src=\"https:\/\/www.dattos.com.br\/wp-content\/uploads\/2025\/10\/conciliacao-de-cambio.png\" class=\"attachment-large size-large wp-image-31281\" alt=\"Neste artigo, entenda o que \u00e9 concilia\u00e7\u00e3o de c\u00e2mbio, os erros mais comuns em opera\u00e7\u00f5es cambiais e como evit\u00e1-los.\" srcset=\"https:\/\/www.dattos.com.br\/wp-content\/uploads\/2025\/10\/conciliacao-de-cambio.png 900w, https:\/\/www.dattos.com.br\/wp-content\/uploads\/2025\/10\/conciliacao-de-cambio-300x180.png 300w, https:\/\/www.dattos.com.br\/wp-content\/uploads\/2025\/10\/conciliacao-de-cambio-768x461.png 768w, https:\/\/www.dattos.com.br\/wp-content\/uploads\/2025\/10\/conciliacao-de-cambio-18x12.png 18w\" sizes=\"(max-width: 800px) 100vw, 800px\" \/>\t\t\t\t\t\t\t\t<\/a>\n\t\t\t\t\t\t\t\t\t\t\t\t\t\t\t<\/div>\n\t\t\t\t<div class=\"elementor-element elementor-element-085e655 elementor-widget__width-inherit elementor-widget elementor-widget-heading\" data-id=\"085e655\" data-element_type=\"widget\" data-e-type=\"widget\" data-widget_type=\"heading.default\">\n\t\t\t\t\t<p class=\"elementor-heading-title elementor-size-default\">5 dicas para voc\u00ea evitar erros na concilia\u00e7\u00e3o de c\u00e2mbio<\/p>\t\t\t\t<\/div>\n\t\t\t\t\t<\/div>\n\t\t\t\t<\/div>\n\t\t<div class=\"elementor-element elementor-element-5e60a7d e-flex e-con-boxed e-con e-parent\" data-id=\"5e60a7d\" data-element_type=\"container\" data-e-type=\"container\" data-settings=\"{&quot;jet_parallax_layout_list&quot;:[]}\">\n\t\t\t\t\t<div class=\"e-con-inner\">\n\t\t\t\t<div class=\"elementor-element elementor-element-5371db7 elementor-widget elementor-widget-text-editor\" data-id=\"5371db7\" data-element_type=\"widget\" data-e-type=\"widget\" data-widget_type=\"text-editor.default\">\n\t\t\t\t\t\t\t\t\t29 de octubre de 2025\t\t\t\t\t\t\t\t<\/div>\n\t\t\t\t<div class=\"elementor-element elementor-element-e4f0428 elementor-widget elementor-widget-shortcode\" data-id=\"e4f0428\" data-element_type=\"widget\" data-e-type=\"widget\" data-widget_type=\"shortcode.default\">\n\t\t\t\t\t\t\t<div class=\"elementor-shortcode\"><div class=\"reading-time\">12 minutos de leitura<\/div><\/div>\n\t\t\t\t\t\t<\/div>\n\t\t\t\t\t<\/div>\n\t\t\t\t<\/div>\n\t\t\t\t<\/div>\n\t\t<a href=\"https:\/\/www.dattos.com.br\/es\/blog\/conciliacao-de-cambio\/\" class=\"jet-engine-listing-overlay-link\"><\/a><\/div><\/div><div class=\"jet-listing-grid__item jet-listing-dynamic-post-22315\" data-post-id=\"22315\"  ><div class=\"jet-engine-listing-overlay-wrap\" data-url=\"https:\/\/www.dattos.com.br\/es\/blog\/lancamentos-contabeis\/\">\t\t<div data-elementor-type=\"jet-listing-items\" data-elementor-id=\"815\" class=\"elementor elementor-815\" data-elementor-post-type=\"jet-engine\">\n\t\t\t\t<div class=\"elementor-element elementor-element-633222e e-flex e-con-boxed e-con e-parent\" data-id=\"633222e\" data-element_type=\"container\" data-e-type=\"container\" data-settings=\"{&quot;jet_parallax_layout_list&quot;:[]}\">\n\t\t\t\t\t<div class=\"e-con-inner\">\n\t\t\t\t<div class=\"elementor-element elementor-element-230374e elementor-widget__width-auto link elementor-absolute elementor-widget elementor-widget-text-editor\" data-id=\"230374e\" data-element_type=\"widget\" data-e-type=\"widget\" data-settings=\"{&quot;_position&quot;:&quot;absolute&quot;}\" data-widget_type=\"text-editor.default\">\n\t\t\t\t\t\t\t\t\t<a href=\"https:\/\/www.dattos.com.br\/es\/blog\/category\/contabilidade\/\" rel=\"tag\">Contabilidade<\/a>\t\t\t\t\t\t\t\t<\/div>\n\t\t\t\t<div class=\"elementor-element elementor-element-332c0b9 elementor-widget elementor-widget-image\" data-id=\"332c0b9\" data-element_type=\"widget\" data-e-type=\"widget\" data-widget_type=\"image.default\">\n\t\t\t\t\t\t\t\t\t\t\t\t\t\t\t\t<a href=\"https:\/\/www.dattos.com.br\/es\/blog\/lancamentos-contabeis\/\">\n\t\t\t\t\t\t\t<img decoding=\"async\" width=\"800\" height=\"480\" src=\"https:\/\/www.dattos.com.br\/wp-content\/uploads\/2023\/12\/Automacao-nos-setores-financeiro-e-contabil_-por-que-fazer_.png\" class=\"attachment-large size-large wp-image-23495\" alt=\"Descubra como estruturar lan\u00e7amentos cont\u00e1beis eficientes, evitar erros comuns e automatizar processos com precis\u00e3o, compliance e integra\u00e7\u00e3o estrat\u00e9gica.\" srcset=\"https:\/\/www.dattos.com.br\/wp-content\/uploads\/2023\/12\/Automacao-nos-setores-financeiro-e-contabil_-por-que-fazer_.png 900w, https:\/\/www.dattos.com.br\/wp-content\/uploads\/2023\/12\/Automacao-nos-setores-financeiro-e-contabil_-por-que-fazer_-300x180.png 300w, https:\/\/www.dattos.com.br\/wp-content\/uploads\/2023\/12\/Automacao-nos-setores-financeiro-e-contabil_-por-que-fazer_-768x461.png 768w\" sizes=\"(max-width: 800px) 100vw, 800px\" \/>\t\t\t\t\t\t\t\t<\/a>\n\t\t\t\t\t\t\t\t\t\t\t\t\t\t\t<\/div>\n\t\t\t\t<div class=\"elementor-element elementor-element-085e655 elementor-widget__width-inherit elementor-widget elementor-widget-heading\" data-id=\"085e655\" data-element_type=\"widget\" data-e-type=\"widget\" data-widget_type=\"heading.default\">\n\t\t\t\t\t<p class=\"elementor-heading-title elementor-size-default\">Como fazer lan\u00e7amentos cont\u00e1beis de forma eficiente e evitar erros que custam caro<\/p>\t\t\t\t<\/div>\n\t\t\t\t\t<\/div>\n\t\t\t\t<\/div>\n\t\t<div class=\"elementor-element elementor-element-5e60a7d e-flex e-con-boxed e-con e-parent\" data-id=\"5e60a7d\" data-element_type=\"container\" data-e-type=\"container\" data-settings=\"{&quot;jet_parallax_layout_list&quot;:[]}\">\n\t\t\t\t\t<div class=\"e-con-inner\">\n\t\t\t\t<div class=\"elementor-element elementor-element-5371db7 elementor-widget elementor-widget-text-editor\" data-id=\"5371db7\" data-element_type=\"widget\" data-e-type=\"widget\" data-widget_type=\"text-editor.default\">\n\t\t\t\t\t\t\t\t\t23 de octubre de 2025\t\t\t\t\t\t\t\t<\/div>\n\t\t\t\t<div class=\"elementor-element elementor-element-e4f0428 elementor-widget elementor-widget-shortcode\" data-id=\"e4f0428\" data-element_type=\"widget\" data-e-type=\"widget\" data-widget_type=\"shortcode.default\">\n\t\t\t\t\t\t\t<div class=\"elementor-shortcode\"><div class=\"reading-time\">12 minutos de leitura<\/div><\/div>\n\t\t\t\t\t\t<\/div>\n\t\t\t\t\t<\/div>\n\t\t\t\t<\/div>\n\t\t\t\t<\/div>\n\t\t<a href=\"https:\/\/www.dattos.com.br\/es\/blog\/lancamentos-contabeis\/\" class=\"jet-engine-listing-overlay-link\"><\/a><\/div><\/div><\/div><\/div><\/div>\t\t\t\t<\/div>\n\t\t\t\t\t<\/div>\n\t\t\t\t<\/div>\n\t\t\t\t<\/div>\n\t\t","protected":false},"excerpt":{"rendered":"<p>Obrigado pelo interesse neste workshop sobre rotinas financeiras com IA! Confira o v\u00eddeo aqui abaixo e salve-o nos seus conte\u00fados favoritos! https:\/\/www.youtube.com\/watch?v=y8NNrYcgKqI Fale com nossos consultores e conhe\u00e7a a Dattos! Conversar com especialista Publica\u00e7\u00f5es relacionadas 15 minutos de leitura 14 minutos de leitura 11 minutos de leitura<\/p>","protected":false},"author":4,"featured_media":0,"parent":0,"menu_order":0,"comment_status":"closed","ping_status":"closed","template":"elementor_header_footer","meta":{"content-type":"","footnotes":""},"class_list":["post-26489","page","type-page","status-publish","hentry"],"_links":{"self":[{"href":"https:\/\/www.dattos.com.br\/es\/wp-json\/wp\/v2\/pages\/26489","targetHints":{"allow":["GET"]}}],"collection":[{"href":"https:\/\/www.dattos.com.br\/es\/wp-json\/wp\/v2\/pages"}],"about":[{"href":"https:\/\/www.dattos.com.br\/es\/wp-json\/wp\/v2\/types\/page"}],"author":[{"embeddable":true,"href":"https:\/\/www.dattos.com.br\/es\/wp-json\/wp\/v2\/users\/4"}],"replies":[{"embeddable":true,"href":"https:\/\/www.dattos.com.br\/es\/wp-json\/wp\/v2\/comments?post=26489"}],"version-history":[{"count":0,"href":"https:\/\/www.dattos.com.br\/es\/wp-json\/wp\/v2\/pages\/26489\/revisions"}],"wp:attachment":[{"href":"https:\/\/www.dattos.com.br\/es\/wp-json\/wp\/v2\/media?parent=26489"}],"curies":[{"name":"wp","href":"https:\/\/api.w.org\/{rel}","templated":true}]}}