{"id":34334,"date":"2026-03-05T10:06:11","date_gmt":"2026-03-05T13:06:11","guid":{"rendered":"https:\/\/www.dattos.com.br\/?page_id=34334"},"modified":"2026-03-05T10:15:08","modified_gmt":"2026-03-05T13:15:08","slug":"cofco-2","status":"publish","type":"page","link":"https:\/\/www.dattos.com.br\/es\/cofco-2\/","title":{"rendered":"COFCO"},"content":{"rendered":"<div data-elementor-type=\"wp-page\" data-elementor-id=\"34334\" class=\"elementor elementor-34334\" data-elementor-post-type=\"page\">\n\t\t\t\t<div class=\"elementor-element elementor-element-de9cb18 e-flex e-con-boxed e-con e-parent\" data-id=\"de9cb18\" data-element_type=\"container\" data-e-type=\"container\" data-settings=\"{&quot;background_background&quot;:&quot;classic&quot;,&quot;jet_parallax_layout_list&quot;:[]}\">\n\t\t\t\t\t<div class=\"e-con-inner\">\n\t\t\t\t<div class=\"elementor-element elementor-element-8632bd2 elementor-widget elementor-widget-image\" data-id=\"8632bd2\" data-element_type=\"widget\" data-e-type=\"widget\" data-widget_type=\"image.default\">\n\t\t\t\t\t\t\t\t\t\t\t\t\t\t\t<img decoding=\"async\" width=\"256\" height=\"124\" src=\"https:\/\/www.dattos.com.br\/wp-content\/uploads\/2026\/03\/cofco.svg\" class=\"attachment-large size-large wp-image-34335\" alt=\"\" \/>\t\t\t\t\t\t\t\t\t\t\t\t\t\t\t<\/div>\n\t\t\t\t<div class=\"elementor-element elementor-element-a513cf5 elementor-widget__width-initial elementor-widget elementor-widget-heading\" data-id=\"a513cf5\" data-element_type=\"widget\" data-e-type=\"widget\" data-widget_type=\"heading.default\">\n\t\t\t\t\t<h1 class=\"elementor-heading-title elementor-size-default\">Conciliaciones automatizadas para m\u00e1s de 840 cuentas contables.<\/h1>\t\t\t\t<\/div>\n\t\t\t\t\t<\/div>\n\t\t\t\t<\/div>\n\t\t<div class=\"elementor-element elementor-element-325f7b4 e-flex e-con-boxed e-con e-parent\" data-id=\"325f7b4\" data-element_type=\"container\" data-e-type=\"container\" data-settings=\"{&quot;background_background&quot;:&quot;classic&quot;,&quot;jet_parallax_layout_list&quot;:[]}\">\n\t\t\t\t\t<div class=\"e-con-inner\">\n\t\t<div class=\"elementor-element elementor-element-f60dd34 e-con-full e-flex e-con e-child\" data-id=\"f60dd34\" data-element_type=\"container\" data-e-type=\"container\" data-settings=\"{&quot;background_background&quot;:&quot;classic&quot;,&quot;jet_parallax_layout_list&quot;:[]}\">\n\t\t\t\t<div class=\"elementor-element elementor-element-b2e92e8 elementor-widget__width-initial elementor-widget elementor-widget-heading\" data-id=\"b2e92e8\" data-element_type=\"widget\" data-e-type=\"widget\" data-widget_type=\"heading.default\">\n\t\t\t\t\t<h2 class=\"elementor-heading-title elementor-size-default\">Sobre COFCO<\/h2>\t\t\t\t<\/div>\n\t\t\t\t<div class=\"elementor-element elementor-element-b263f36 elementor-widget elementor-widget-text-editor\" data-id=\"b263f36\" data-element_type=\"widget\" data-e-type=\"widget\" data-widget_type=\"text-editor.default\">\n\t\t\t\t\t\t\t\t\t<p>COFCO International es una\u00a0<strong>empresa estatal china de negocios agr\u00edcolas con operaciones en 35 pa\u00edses.\u00a0<\/strong>Con ingresos globales de 31 mil millones de d\u00f3lares, mueve 114 millones de toneladas de granos al a\u00f1o y cuenta con m\u00e1s de 10,000 colaboradores. Con sede en Ginebra, Suiza, es l\u00edder en las cadenas de suministro global de granos, oleaginosas, az\u00facar y caf\u00e9.<\/p>\n<p>La multinacional est\u00e1 enfocada en ser la\u00a0<strong>l\u00edder mundial en la cadena de suministro de granos, oleaginosas y az\u00facar,<\/strong>\u00a0con activos en Am\u00e9rica, Europa y Asia-Pac\u00edfico. Hoy, la empresa\u00a0<strong>comercializa con m\u00e1s de 50 pa\u00edses,<\/strong>\u00a0proporcionando a los agricultores acceso directo al creciente mercado chino.<\/p>\t\t\t\t\t\t\t\t<\/div>\n\t\t\t\t<\/div>\n\t\t<div class=\"elementor-element elementor-element-39aaeb3 e-con-full e-flex e-con e-child\" data-id=\"39aaeb3\" data-element_type=\"container\" data-e-type=\"container\" data-settings=\"{&quot;jet_parallax_layout_list&quot;:[]}\">\n\t\t\t\t<div class=\"elementor-element elementor-element-a2e84c2 elementor-widget__width-initial elementor-widget elementor-widget-heading\" data-id=\"a2e84c2\" data-element_type=\"widget\" data-e-type=\"widget\" data-widget_type=\"heading.default\">\n\t\t\t\t\t<h2 class=\"elementor-heading-title elementor-size-default\">Contexto<\/h2>\t\t\t\t<\/div>\n\t\t\t\t<div class=\"elementor-element elementor-element-136e4b7 elementor-widget elementor-widget-text-editor\" data-id=\"136e4b7\" data-element_type=\"widget\" data-e-type=\"widget\" data-widget_type=\"text-editor.default\">\n\t\t\t\t\t\t\t\t\t<p>Debido a su visi\u00f3n de ser l\u00edder mundial en el abastecimiento del agronegocio, COFCO International ten\u00eda metas ambiciosas de expansi\u00f3n del negocio, lo que implicaba, autom\u00e1ticamente, la\u00a0<strong>aumento del volumen de datos financieros a procesar\u00a0<\/strong>por parte de las empresas del grupo.<\/p>\n<p>La operaci\u00f3n financiera de una empresa con crecimiento a escala global debe ser precisa y eficiente; no puede permitirse errores ni retrasos. COFCO necesitaba, entonces, encontrar una\u00a0<strong>herramienta que apoyara al equipo en la gesti\u00f3n de controles, la exactitud de la informaci\u00f3n y la centralizaci\u00f3n y estandarizaci\u00f3n de los procesos de conciliaci\u00f3n.<\/strong><\/p>\n<p>Por lo tanto, la motivaci\u00f3n inicial era contratar una\u00a0<strong>soluci\u00f3n tecnol\u00f3gica que garantizara la calidad de la informaci\u00f3n financiera y apoyara en la gesti\u00f3n y an\u00e1lisis del proceso de cierre<\/strong>, para fines de reporte a la sede en Ginebra.<\/p>\t\t\t\t\t\t\t\t<\/div>\n\t\t<div class=\"elementor-element elementor-element-a8bb5da e-con-full e-flex e-con e-child\" data-id=\"a8bb5da\" data-element_type=\"container\" data-e-type=\"container\" data-settings=\"{&quot;jet_parallax_layout_list&quot;:[]}\">\n\t\t\t\t<div class=\"elementor-element elementor-element-7b1f48f elementor-widget__width-initial elementor-widget elementor-widget-heading\" data-id=\"7b1f48f\" data-element_type=\"widget\" data-e-type=\"widget\" data-widget_type=\"heading.default\">\n\t\t\t\t\t<h2 class=\"elementor-heading-title elementor-size-default\">O desafio<\/h2>\t\t\t\t<\/div>\n\t\t<div class=\"elementor-element elementor-element-3b4a97d e-grid e-con-full e-con e-child\" data-id=\"3b4a97d\" data-element_type=\"container\" data-e-type=\"container\" data-settings=\"{&quot;jet_parallax_layout_list&quot;:[]}\">\n\t\t<div class=\"elementor-element elementor-element-1d7f4af e-con-full e-flex e-con e-child\" data-id=\"1d7f4af\" data-element_type=\"container\" data-e-type=\"container\" data-settings=\"{&quot;jet_parallax_layout_list&quot;:[]}\">\n\t\t\t\t<div class=\"elementor-element elementor-element-cc477a4 elementor-widget-divider--view-line elementor-widget elementor-widget-divider\" data-id=\"cc477a4\" data-element_type=\"widget\" data-e-type=\"widget\" data-widget_type=\"divider.default\">\n\t\t\t\t\t\t\t<div class=\"elementor-divider\">\n\t\t\t<span class=\"elementor-divider-separator\">\n\t\t\t\t\t\t<\/span>\n\t\t<\/div>\n\t\t\t\t\t\t<\/div>\n\t\t\t\t<div class=\"elementor-element elementor-element-36b65d0 elementor-widget__width-initial elementor-widget elementor-widget-heading\" data-id=\"36b65d0\" data-element_type=\"widget\" data-e-type=\"widget\" data-widget_type=\"heading.default\">\n\t\t\t\t\t<h2 class=\"elementor-heading-title elementor-size-default\">COFCO International realizaba las conciliaciones de manera manual mediante hojas de c\u00e1lculo y, al no contar con una soluci\u00f3n para formalizar los procedimientos y procesar esta informaci\u00f3n en masa\n\n<\/h2>\t\t\t\t<\/div>\n\t\t\t\t<\/div>\n\t\t<div class=\"elementor-element elementor-element-7498560 e-con-full e-flex e-con e-child\" data-id=\"7498560\" data-element_type=\"container\" data-e-type=\"container\" data-settings=\"{&quot;jet_parallax_layout_list&quot;:[]}\">\n\t\t\t\t<div class=\"elementor-element elementor-element-d159fe9 elementor-widget-divider--view-line elementor-widget elementor-widget-divider\" data-id=\"d159fe9\" data-element_type=\"widget\" data-e-type=\"widget\" data-widget_type=\"divider.default\">\n\t\t\t\t\t\t\t<div class=\"elementor-divider\">\n\t\t\t<span class=\"elementor-divider-separator\">\n\t\t\t\t\t\t<\/span>\n\t\t<\/div>\n\t\t\t\t\t\t<\/div>\n\t\t\t\t<div class=\"elementor-element elementor-element-b870eeb elementor-widget__width-initial elementor-widget elementor-widget-heading\" data-id=\"b870eeb\" data-element_type=\"widget\" data-e-type=\"widget\" data-widget_type=\"heading.default\">\n\t\t\t\t\t<h2 class=\"elementor-heading-title elementor-size-default\">El departamento financiero necesitaba un mayor control sobre las actividades, los plazos y los responsables para garantizar la entrega de los datos en las fechas correctas y el cumplimiento de la gobernanza\n\n<\/h2>\t\t\t\t<\/div>\n\t\t\t\t<\/div>\n\t\t<div class=\"elementor-element elementor-element-f95cc5d e-con-full e-flex e-con e-child\" data-id=\"f95cc5d\" data-element_type=\"container\" data-e-type=\"container\" data-settings=\"{&quot;jet_parallax_layout_list&quot;:[]}\">\n\t\t\t\t<div class=\"elementor-element elementor-element-25939e3 elementor-widget-divider--view-line elementor-widget elementor-widget-divider\" data-id=\"25939e3\" data-element_type=\"widget\" data-e-type=\"widget\" data-widget_type=\"divider.default\">\n\t\t\t\t\t\t\t<div class=\"elementor-divider\">\n\t\t\t<span class=\"elementor-divider-separator\">\n\t\t\t\t\t\t<\/span>\n\t\t<\/div>\n\t\t\t\t\t\t<\/div>\n\t\t\t\t<div class=\"elementor-element elementor-element-b1305ce elementor-widget__width-initial elementor-widget elementor-widget-heading\" data-id=\"b1305ce\" data-element_type=\"widget\" data-e-type=\"widget\" data-widget_type=\"heading.default\">\n\t\t\t\t\t<h2 class=\"elementor-heading-title elementor-size-default\">Debido a su tama\u00f1o, la empresa contaba con distintos departamentos responsables de la entrega de los datos financieros, lo que, al final del proceso, impactaba directamente en la calidad de la informaci\u00f3n generada\n\n\n<\/h2>\t\t\t\t<\/div>\n\t\t\t\t<\/div>\n\t\t\t\t<\/div>\n\t\t\t\t<\/div>\n\t\t\t\t<\/div>\n\t\t<div class=\"elementor-element elementor-element-d092df5 e-con-full e-flex e-con e-child\" data-id=\"d092df5\" data-element_type=\"container\" data-e-type=\"container\" data-settings=\"{&quot;jet_parallax_layout_list&quot;:[]}\">\n\t\t\t\t<div class=\"elementor-element elementor-element-7e1aa3e elementor-widget__width-initial elementor-widget elementor-widget-heading\" data-id=\"7e1aa3e\" data-element_type=\"widget\" data-e-type=\"widget\" data-widget_type=\"heading.default\">\n\t\t\t\t\t<h2 class=\"elementor-heading-title elementor-size-default\">A solu\u00e7\u00e3o<\/h2>\t\t\t\t<\/div>\n\t\t\t\t<div class=\"elementor-element elementor-element-1b6f988 elementor-widget elementor-widget-text-editor\" data-id=\"1b6f988\" data-element_type=\"widget\" data-e-type=\"widget\" data-widget_type=\"text-editor.default\">\n\t\t\t\t\t\t\t\t\t<p>COFCO International necesitaba un socio confiable que pudiera\u00a0<strong>automatizar las conciliaciones contables y gestionar el flujo de aprobaci\u00f3n de las cuentas para el cierre.\u00a0<\/strong>El Centro de Servicios Compartidos de la empresa necesitaba una<strong>\u00a0soluci\u00f3n robusta con funcionalidades que permitieran al equipo mayor precisi\u00f3n y agilidad en los procesos.\u00a0<\/strong><\/p>\n<p>As\u00ed, la empresa implement\u00f3 un proyecto junto con Dattos para\u00a0<strong>el procesamiento anal\u00edtico de grandes vol\u00famenes de datos financieros.\u00a0<\/strong>Con funcionalidades como<strong>\u00a0tableros de gesti\u00f3n, capas contables personalizadas, control de aprobaci\u00f3n y justificaciones,<\/strong>\u00a0as\u00ed como la posibilidad de crear reglas personalizadas para la limpieza, el tratamiento y la conciliaci\u00f3n de datos, de acuerdo con la estructura de los archivos actuales y\/o las reglas del negocio.\u00a0<\/p>\n<p>Los principales resultados fueron la\u00a0<strong>centralizaci\u00f3n de los procesos de cierre, la automatizaci\u00f3n de las conciliaciones contables, la garant\u00eda de la calidad de la informaci\u00f3n y la transparencia para auditor\u00eda.<\/strong><\/p>\t\t\t\t\t\t\t\t<\/div>\n\t\t<div class=\"elementor-element elementor-element-91cd1c1 e-grid e-con-full e-con e-child\" data-id=\"91cd1c1\" data-element_type=\"container\" data-e-type=\"container\" data-settings=\"{&quot;jet_parallax_layout_list&quot;:[]}\">\n\t\t<div class=\"elementor-element elementor-element-e073ac4 e-con-full e-flex e-con e-child\" data-id=\"e073ac4\" data-element_type=\"container\" data-e-type=\"container\" data-settings=\"{&quot;background_background&quot;:&quot;gradient&quot;,&quot;jet_parallax_layout_list&quot;:[]}\">\n\t\t\t\t<div class=\"elementor-element elementor-element-28ea01d elementor-widget__width-initial elementor-widget elementor-widget-heading\" data-id=\"28ea01d\" data-element_type=\"widget\" data-e-type=\"widget\" data-widget_type=\"heading.default\">\n\t\t\t\t\t<h2 class=\"elementor-heading-title elementor-size-default\">840 cuentas contables de 15 grupos de cuentas\n\n<\/h2>\t\t\t\t<\/div>\n\t\t\t\t<\/div>\n\t\t<div class=\"elementor-element elementor-element-13eb5b6 e-con-full e-flex e-con e-child\" data-id=\"13eb5b6\" data-element_type=\"container\" data-e-type=\"container\" data-settings=\"{&quot;background_background&quot;:&quot;gradient&quot;,&quot;jet_parallax_layout_list&quot;:[]}\">\n\t\t\t\t<div class=\"elementor-element elementor-element-0f163ce elementor-widget__width-initial elementor-widget elementor-widget-heading\" data-id=\"0f163ce\" data-element_type=\"widget\" data-e-type=\"widget\" data-widget_type=\"heading.default\">\n\t\t\t\t\t<h2 class=\"elementor-heading-title elementor-size-default\">Administraci\u00f3n y 13 RUCs en 5 unidades de negocio\n<\/h2>\t\t\t\t<\/div>\n\t\t\t\t<\/div>\n\t\t<div class=\"elementor-element elementor-element-66ec588 e-con-full e-flex e-con e-child\" data-id=\"66ec588\" data-element_type=\"container\" data-e-type=\"container\" data-settings=\"{&quot;background_background&quot;:&quot;gradient&quot;,&quot;jet_parallax_layout_list&quot;:[]}\">\n\t\t\t\t<div class=\"elementor-element elementor-element-39745a1 elementor-widget__width-initial elementor-widget elementor-widget-heading\" data-id=\"39745a1\" data-element_type=\"widget\" data-e-type=\"widget\" data-widget_type=\"heading.default\">\n\t\t\t\t\t<h2 class=\"elementor-heading-title elementor-size-default\">M\u00e1s de 2 millones de registros ingresados en la plataforma cada mes\n\n<\/h2>\t\t\t\t<\/div>\n\t\t\t\t<\/div>\n\t\t\t\t<\/div>\n\t\t\t\t<\/div>\n\t\t\t\t\t<\/div>\n\t\t\t\t<\/div>\n\t\t<div class=\"elementor-element elementor-element-a80a406 e-flex e-con-boxed e-con e-parent\" data-id=\"a80a406\" data-element_type=\"container\" data-e-type=\"container\" data-settings=\"{&quot;background_background&quot;:&quot;classic&quot;,&quot;jet_parallax_layout_list&quot;:[]}\">\n\t\t\t\t\t<div class=\"e-con-inner\">\n\t\t\t\t<div class=\"elementor-element elementor-element-3584823 elementor-widget__width-initial elementor-widget elementor-widget-heading\" data-id=\"3584823\" data-element_type=\"widget\" data-e-type=\"widget\" data-widget_type=\"heading.default\">\n\t\t\t\t\t<h2 class=\"elementor-heading-title elementor-size-default\">\"J\u00e1 ganhamos, pelo menos, um dia de trabalho durante o fechamento nas opera\u00e7\u00f5es do CSC. Tivemos uma mudan\u00e7a de estrat\u00e9gia que exigia uma redu\u00e7\u00e3o global no prazo do fechamento. Coincidentemente, isso aconteceu quando acabamos de implantar a Dattos. O fechamento deixou de ser estressante e passou a ser confort\u00e1vel.\"<\/h2>\t\t\t\t<\/div>\n\t\t<div class=\"elementor-element elementor-element-2b23ebe e-con-full e-flex e-con e-child\" data-id=\"2b23ebe\" data-element_type=\"container\" data-e-type=\"container\" data-settings=\"{&quot;jet_parallax_layout_list&quot;:[]}\">\n\t\t\t\t<div class=\"elementor-element elementor-element-b19cf09 elementor-widget elementor-widget-image\" data-id=\"b19cf09\" data-element_type=\"widget\" data-e-type=\"widget\" data-widget_type=\"image.default\">\n\t\t\t\t\t\t\t\t\t\t\t\t\t\t\t<img fetchpriority=\"high\" decoding=\"async\" width=\"638\" height=\"342\" src=\"https:\/\/www.dattos.com.br\/wp-content\/uploads\/2026\/03\/marcel_durante.webp\" class=\"attachment-large size-large wp-image-34336\" alt=\"\" srcset=\"https:\/\/www.dattos.com.br\/wp-content\/uploads\/2026\/03\/marcel_durante.webp 638w, https:\/\/www.dattos.com.br\/wp-content\/uploads\/2026\/03\/marcel_durante-300x161.webp 300w, https:\/\/www.dattos.com.br\/wp-content\/uploads\/2026\/03\/marcel_durante-18x10.webp 18w\" sizes=\"(max-width: 638px) 100vw, 638px\" \/>\t\t\t\t\t\t\t\t\t\t\t\t\t\t\t<\/div>\n\t\t\t\t<div class=\"elementor-element elementor-element-acbd6b7 elementor-widget__width-initial elementor-widget elementor-widget-heading\" data-id=\"acbd6b7\" data-element_type=\"widget\" data-e-type=\"widget\" data-widget_type=\"heading.default\">\n\t\t\t\t\t<h2 class=\"elementor-heading-title elementor-size-default\">Marcel Durante\n<br>Gerente del Centro de Servicios Compartidos de COFCO\n\n\n<\/h2>\t\t\t\t<\/div>\n\t\t\t\t<\/div>\n\t\t\t\t\t<\/div>\n\t\t\t\t<\/div>\n\t\t<div class=\"elementor-element elementor-element-a466ac0 e-flex e-con-boxed e-con e-parent\" data-id=\"a466ac0\" data-element_type=\"container\" data-e-type=\"container\" data-settings=\"{&quot;background_background&quot;:&quot;gradient&quot;,&quot;jet_parallax_layout_list&quot;:[]}\">\n\t\t\t\t\t<div class=\"e-con-inner\">\n\t\t<div class=\"elementor-element elementor-element-3f6ff90 e-con-full e-flex e-con e-child\" data-id=\"3f6ff90\" data-element_type=\"container\" data-e-type=\"container\" data-settings=\"{&quot;jet_parallax_layout_list&quot;:[]}\">\n\t\t\t\t<div class=\"elementor-element elementor-element-120a471 elementor-widget__width-initial elementor-widget elementor-widget-heading\" data-id=\"120a471\" data-element_type=\"widget\" data-e-type=\"widget\" data-widget_type=\"heading.default\">\n\t\t\t\t\t<h2 class=\"elementor-heading-title elementor-size-default\">\u00bfQuieres saber c\u00f3mo alcanzar los resultados de COFCO con nuestra tecnolog\u00eda?\n\n<\/h2>\t\t\t\t<\/div>\n\t\t<div class=\"elementor-element elementor-element-bd1abbe e-con-full e-flex e-con e-child\" data-id=\"bd1abbe\" data-element_type=\"container\" data-e-type=\"container\" data-settings=\"{&quot;jet_parallax_layout_list&quot;:[]}\">\n\t\t\t\t<div class=\"elementor-element elementor-element-37c6e7f elementor-widget__width-initial elementor-widget-tablet__width-inherit elementor-widget elementor-widget-text-editor\" data-id=\"37c6e7f\" data-element_type=\"widget\" data-e-type=\"widget\" data-widget_type=\"text-editor.default\">\n\t\t\t\t\t\t\t\t\t<p>&#8220;J\u00e1 ganhamos, pelo menos, um dia de trabalho durante o fechamento nas opera\u00e7\u00f5es do CSC. Tivemos uma mudan\u00e7a de estrat\u00e9gia que exigia uma redu\u00e7\u00e3o global no prazo do fechamento. Coincidentemente, isso aconteceu quando acabamos de implantar a Dattos. O fechamento deixou de ser estressante e passou a ser confort\u00e1vel.&#8221;<\/p>\t\t\t\t\t\t\t\t<\/div>\n\t\t<div class=\"elementor-element elementor-element-204affd e-con-full e-flex e-con e-child\" data-id=\"204affd\" data-element_type=\"container\" data-e-type=\"container\" data-settings=\"{&quot;jet_parallax_layout_list&quot;:[]}\">\n\t\t\t\t<div class=\"elementor-element elementor-element-13ebf2a elementor-widget elementor-widget-image\" data-id=\"13ebf2a\" data-element_type=\"widget\" data-e-type=\"widget\" data-widget_type=\"image.default\">\n\t\t\t\t\t\t\t\t\t\t\t\t\t\t\t<img fetchpriority=\"high\" decoding=\"async\" width=\"638\" height=\"342\" src=\"https:\/\/www.dattos.com.br\/wp-content\/uploads\/2026\/03\/marcel_durante.webp\" class=\"attachment-large size-large wp-image-34336\" alt=\"\" srcset=\"https:\/\/www.dattos.com.br\/wp-content\/uploads\/2026\/03\/marcel_durante.webp 638w, https:\/\/www.dattos.com.br\/wp-content\/uploads\/2026\/03\/marcel_durante-300x161.webp 300w, https:\/\/www.dattos.com.br\/wp-content\/uploads\/2026\/03\/marcel_durante-18x10.webp 18w\" sizes=\"(max-width: 638px) 100vw, 638px\" \/>\t\t\t\t\t\t\t\t\t\t\t\t\t\t\t<\/div>\n\t\t\t\t<div class=\"elementor-element elementor-element-7ff3b16 elementor-widget__width-initial elementor-widget elementor-widget-heading\" data-id=\"7ff3b16\" data-element_type=\"widget\" data-e-type=\"widget\" data-widget_type=\"heading.default\">\n\t\t\t\t\t<h2 class=\"elementor-heading-title elementor-size-default\">Marcel Durante\n<br>Gerente del Centro de Servicios Compartidos de COFCO<\/h2>\t\t\t\t<\/div>\n\t\t\t\t<\/div>\n\t\t\t\t<\/div>\n\t\t\t\t<\/div>\n\t\t\t\t<div class=\"elementor-element elementor-element-05d0c99 elementor-widget elementor-widget-menu-anchor\" data-id=\"05d0c99\" data-element_type=\"widget\" data-e-type=\"widget\" data-widget_type=\"menu-anchor.default\">\n\t\t\t\t\t\t\t<div class=\"elementor-menu-anchor\" id=\"agendar-demo\"><\/div>\n\t\t\t\t\t\t<\/div>\n\t\t<div class=\"elementor-element elementor-element-0992baa e-con-full e-flex e-con e-child\" data-id=\"0992baa\" data-element_type=\"container\" data-e-type=\"container\" data-settings=\"{&quot;background_background&quot;:&quot;classic&quot;,&quot;jet_parallax_layout_list&quot;:[]}\">\n\t\t\t\t<div class=\"elementor-element elementor-element-bef7bd8 elementor-widget elementor-widget-html\" data-id=\"bef7bd8\" data-element_type=\"widget\" data-e-type=\"widget\" data-widget_type=\"html.default\">\n\t\t\t\t\t<style>.elementor-element-bef7bd8{display:none !important}<\/style>\t\t\t\t<\/div>\n\t\t\t\t<div class=\"elementor-element elementor-element-bed84df elementor-widget elementor-widget-html\" data-id=\"bed84df\" data-element_type=\"widget\" data-e-type=\"widget\" data-widget_type=\"html.default\">\n\t\t\t\t\t<script charset=\"utf-8\" type=\"text\/javascript\" src=\"\/\/js.hsforms.net\/forms\/embed\/v2.js\"><\/script>\r\n<script>\r\n  hbspt.forms.create({\r\n    portalId: \"24368585\",\r\n    formId: \"488c7fed-c2b8-426b-9737-54bef64d443d\",\r\n    region: \"na1\"\r\n  });\r\n<\/script>\t\t\t\t<\/div>\n\t\t\t\t<\/div>\n\t\t\t\t\t<\/div>\n\t\t\t\t<\/div>\n\t\t\t\t<\/div>","protected":false},"excerpt":{"rendered":"<p>Concilia\u00e7\u00f5es automatizadas para mais de 840 contas cont\u00e1beis Sobre COFCO A COFCO International \u00e9 uma\u00a0empresa estatal chinesa de neg\u00f3cios agr\u00edcolas com opera\u00e7\u00e3o em 35 pa\u00edses.\u00a0Com US$31 bilh\u00f5es de receita global, movimenta 114 milh\u00f5es de toneladas de gr\u00e3os ao ano e conta com mais de 10 mil colaboradores. Com sede em Genebra, Su\u00ed\u00e7a, \u00e9 l\u00edder nas [&hellip;]<\/p>\n","protected":false},"author":21,"featured_media":0,"parent":0,"menu_order":0,"comment_status":"closed","ping_status":"closed","template":"elementor_header_footer","meta":{"content-type":"","footnotes":""},"class_list":["post-34334","page","type-page","status-publish","hentry"],"_links":{"self":[{"href":"https:\/\/www.dattos.com.br\/es\/wp-json\/wp\/v2\/pages\/34334","targetHints":{"allow":["GET"]}}],"collection":[{"href":"https:\/\/www.dattos.com.br\/es\/wp-json\/wp\/v2\/pages"}],"about":[{"href":"https:\/\/www.dattos.com.br\/es\/wp-json\/wp\/v2\/types\/page"}],"author":[{"embeddable":true,"href":"https:\/\/www.dattos.com.br\/es\/wp-json\/wp\/v2\/users\/21"}],"replies":[{"embeddable":true,"href":"https:\/\/www.dattos.com.br\/es\/wp-json\/wp\/v2\/comments?post=34334"}],"version-history":[{"count":7,"href":"https:\/\/www.dattos.com.br\/es\/wp-json\/wp\/v2\/pages\/34334\/revisions"}],"predecessor-version":[{"id":34343,"href":"https:\/\/www.dattos.com.br\/es\/wp-json\/wp\/v2\/pages\/34334\/revisions\/34343"}],"wp:attachment":[{"href":"https:\/\/www.dattos.com.br\/es\/wp-json\/wp\/v2\/media?parent=34334"}],"curies":[{"name":"wp","href":"https:\/\/api.w.org\/{rel}","templated":true}]}}