{"id":34347,"date":"2026-03-05T10:32:17","date_gmt":"2026-03-05T13:32:17","guid":{"rendered":"https:\/\/www.dattos.com.br\/?page_id=34347"},"modified":"2026-03-05T10:33:12","modified_gmt":"2026-03-05T13:33:12","slug":"cofco-5","status":"publish","type":"page","link":"https:\/\/www.dattos.com.br\/es\/cofco-5\/","title":{"rendered":"Veneza"},"content":{"rendered":"<div data-elementor-type=\"wp-page\" data-elementor-id=\"34347\" class=\"elementor elementor-34347\" data-elementor-post-type=\"page\">\n\t\t\t\t<div class=\"elementor-element elementor-element-de9cb18 e-flex e-con-boxed e-con e-parent\" data-id=\"de9cb18\" data-element_type=\"container\" data-e-type=\"container\" data-settings=\"{&quot;background_background&quot;:&quot;classic&quot;,&quot;jet_parallax_layout_list&quot;:[]}\">\n\t\t\t\t\t<div class=\"e-con-inner\">\n\t\t\t\t<div class=\"elementor-element elementor-element-8632bd2 elementor-widget elementor-widget-image\" data-id=\"8632bd2\" data-element_type=\"widget\" data-e-type=\"widget\" data-widget_type=\"image.default\">\n\t\t\t\t\t\t\t\t\t\t\t\t\t\t\t<img decoding=\"async\" width=\"256\" height=\"58\" src=\"https:\/\/www.dattos.com.br\/wp-content\/uploads\/2026\/03\/774d7461-376b-4336-8a08-a9a402c9f369-2.svg\" class=\"attachment-large size-large wp-image-34348\" alt=\"\" \/>\t\t\t\t\t\t\t\t\t\t\t\t\t\t\t<\/div>\n\t\t\t\t<div class=\"elementor-element elementor-element-a513cf5 elementor-widget__width-initial elementor-widget elementor-widget-heading\" data-id=\"a513cf5\" data-element_type=\"widget\" data-e-type=\"widget\" data-widget_type=\"heading.default\">\n\t\t\t\t\t<h1 class=\"elementor-heading-title elementor-size-default\">Conciliaci\u00f3n automatizada del 80% de la operaci\u00f3n financiera del CSC<\/h1>\t\t\t\t<\/div>\n\t\t\t\t\t<\/div>\n\t\t\t\t<\/div>\n\t\t<div class=\"elementor-element elementor-element-325f7b4 e-flex e-con-boxed e-con e-parent\" data-id=\"325f7b4\" data-element_type=\"container\" data-e-type=\"container\" data-settings=\"{&quot;background_background&quot;:&quot;classic&quot;,&quot;jet_parallax_layout_list&quot;:[]}\">\n\t\t\t\t\t<div class=\"e-con-inner\">\n\t\t<div class=\"elementor-element elementor-element-f60dd34 e-con-full e-flex e-con e-child\" data-id=\"f60dd34\" data-element_type=\"container\" data-e-type=\"container\" data-settings=\"{&quot;background_background&quot;:&quot;classic&quot;,&quot;jet_parallax_layout_list&quot;:[]}\">\n\t\t\t\t<div class=\"elementor-element elementor-element-b2e92e8 elementor-widget__width-initial elementor-widget elementor-widget-heading\" data-id=\"b2e92e8\" data-element_type=\"widget\" data-e-type=\"widget\" data-widget_type=\"heading.default\">\n\t\t\t\t\t<h2 class=\"elementor-heading-title elementor-size-default\">Sobre Veneza<\/h2>\t\t\t\t<\/div>\n\t\t\t\t<div class=\"elementor-element elementor-element-b263f36 elementor-widget elementor-widget-text-editor\" data-id=\"b263f36\" data-element_type=\"widget\" data-e-type=\"widget\" data-widget_type=\"text-editor.default\">\n\t\t\t\t\t\t\t\t\t<p>El\u00a0<strong>Grupo Veneza<\/strong>\u00a0es una empresa minorista con\u00a0<strong>m\u00e1s de 1,300 colaboradores distribuidos en 11 estados de Brasil.<\/strong>\u00a0La organizaci\u00f3n opera como concesionaria de maquinaria y equipos para los sectores de pavimentaci\u00f3n, agr\u00edcola, camiones, autobuses y autom\u00f3viles ligeros.<\/p><p>La empresa, que comenz\u00f3 como un negocio familiar, ha experimentado un fuerte crecimiento en los \u00faltimos a\u00f1os, y hoy\u00a0<strong>cuenta con su estructura de Centro de Servicios Compartidos (CSC) certificada por la instituci\u00f3n Great Place To Work (GPTW),\u00a0<\/strong>operando de manera cada vez m\u00e1s profesional y con total seguridad de los datos.<\/p><p>El CSC del Grupo Veneza comenz\u00f3 a estructurarse en 2019, mediante la unificaci\u00f3n de dos estructuras administrativas existentes en Recife y Natal, debido a la necesidad de los accionistas\u00a0<strong>de lograr una mayor sinergia y reducir gastos<\/strong>. Desde entonces, el \u00e1rea ya cuenta con\u00a0<strong>100 colaboradores,<\/strong>\u00a0y es responsable de la administraci\u00f3n de la\u00a0<strong>operaci\u00f3n de 59 RUCs,<\/strong>\u00a0entre matrices y filiales.<\/p><p>Seg\u00fan\u00a0<strong>Marcello Rocha,<\/strong>\u00a0Director del CSC del Grupo Veneza, pr\u00e1cticamente\u00a0<strong>casi la mitad de esta fuerza laboral trabaja exclusivamente en las actividades transaccionales relacionadas con el \u00e1rea financiera,<\/strong>\u00a0como cuentas por pagar, cuentas por cobrar, an\u00e1lisis de cr\u00e9dito, cobranza, flujo de caja, contabilidad, fiscal, jur\u00eddico, TI y compras indirectas.<\/p>\t\t\t\t\t\t\t\t<\/div>\n\t\t\t\t<\/div>\n\t\t<div class=\"elementor-element elementor-element-39aaeb3 e-con-full e-flex e-con e-child\" data-id=\"39aaeb3\" data-element_type=\"container\" data-e-type=\"container\" data-settings=\"{&quot;jet_parallax_layout_list&quot;:[]}\">\n\t\t\t\t<div class=\"elementor-element elementor-element-a2e84c2 elementor-widget__width-initial elementor-widget elementor-widget-heading\" data-id=\"a2e84c2\" data-element_type=\"widget\" data-e-type=\"widget\" data-widget_type=\"heading.default\">\n\t\t\t\t\t<h2 class=\"elementor-heading-title elementor-size-default\">Contexto<\/h2>\t\t\t\t<\/div>\n\t\t\t\t<div class=\"elementor-element elementor-element-136e4b7 elementor-widget elementor-widget-text-editor\" data-id=\"136e4b7\" data-element_type=\"widget\" data-e-type=\"widget\" data-widget_type=\"text-editor.default\">\n\t\t\t\t\t\t\t\t\t<p>El objetivo del cliente al acudir a Dattos fue el de\u00a0<strong>automatizar, organizar y profesionalizar el proceso financiero<\/strong>\u00a0de las empresas del Grupo Veneza mediante la gesti\u00f3n eficiente de su CSC. Al inicio de la operaci\u00f3n, a\u00fan se percib\u00eda\u00a0<strong>muchos procesos ejecut\u00e1ndose en papel, correo electr\u00f3nico y hojas de c\u00e1lculo, sin procedimientos claros, estandarizaci\u00f3n ni criterios de calidad de la informaci\u00f3n.\u00a0<\/strong><\/p><p>Con el r\u00e1pido crecimiento de las empresas,\u00a0<strong>el proceso de conciliaci\u00f3n financiera se convirti\u00f3 en un gran desaf\u00edo,<\/strong>\u00a0debido al gran volumen de trabajo manual, adem\u00e1s de retrabajos y divergencias en las conciliaciones.\u00a0\u00a0<\/p><p>\u201cNecesit\u00e1bamos tener gobernanza y registros de calidad, contar con visibilidad para garantizar que todo lo que sucediera en las cuentas estuviera 100% correcto y reflejado en la contabilidad de la empresa. Pero la realidad era que, incluso con todos los esfuerzos y hojas de c\u00e1lculo manuales en este proceso, siempre ten\u00edamos un volumen considerable de pendientes, conciliaciones y retrabajos\u201d, explica Marcello.<\/p><p>Con esta necesidad en mente, el Grupo Veneza comenz\u00f3 a buscar herramientas y soluciones que pudieran apoyarlos. El primer paso fue implementar una\u00a0<strong>gran transformaci\u00f3n en la mentalidad y cultura del equipo,<\/strong>\u00a0para que comenzaran a comprender mejor la importancia de entregar datos correctos y a tiempo.<\/p><p>Paralelamente al cambio cultural, la empresa tambi\u00e9n recurri\u00f3 a<strong>\u00a0herramientas tecnol\u00f3gicas\u00a0<\/strong>que pudieran apoyar en las diferentes rutinas del CSC, y fue ah\u00ed cuando encontraron a Dattos. Marcello entiende que la tecnolog\u00eda es fundamental, y que los departamentos financieros que no se actualicen en este sentido, se quedar\u00e1n atr\u00e1s.\u00a0<\/p><p>\u201cNuestro lema pas\u00f3 a ser:\u00a0<strong>invertir en tecnolog\u00eda y optimizar las rutinas para escalar de manera inteligente,<\/strong>\u00a0con procesos automatizados y transacciones integradas\u201d, enfatiza.<\/p>\t\t\t\t\t\t\t\t<\/div>\n\t\t<div class=\"elementor-element elementor-element-a8bb5da e-con-full e-flex e-con e-child\" data-id=\"a8bb5da\" data-element_type=\"container\" data-e-type=\"container\" data-settings=\"{&quot;jet_parallax_layout_list&quot;:[]}\">\n\t\t\t\t<div class=\"elementor-element elementor-element-7b1f48f elementor-widget__width-initial elementor-widget elementor-widget-heading\" data-id=\"7b1f48f\" data-element_type=\"widget\" data-e-type=\"widget\" data-widget_type=\"heading.default\">\n\t\t\t\t\t<h2 class=\"elementor-heading-title elementor-size-default\">O desafio<\/h2>\t\t\t\t<\/div>\n\t\t<div class=\"elementor-element elementor-element-3b4a97d e-grid e-con-full e-con e-child\" data-id=\"3b4a97d\" data-element_type=\"container\" data-e-type=\"container\" data-settings=\"{&quot;jet_parallax_layout_list&quot;:[]}\">\n\t\t<div class=\"elementor-element elementor-element-1d7f4af e-con-full e-flex e-con e-child\" data-id=\"1d7f4af\" data-element_type=\"container\" data-e-type=\"container\" data-settings=\"{&quot;jet_parallax_layout_list&quot;:[]}\">\n\t\t\t\t<div class=\"elementor-element elementor-element-cc477a4 elementor-widget-divider--view-line elementor-widget elementor-widget-divider\" data-id=\"cc477a4\" data-element_type=\"widget\" data-e-type=\"widget\" data-widget_type=\"divider.default\">\n\t\t\t\t\t\t\t<div class=\"elementor-divider\">\n\t\t\t<span class=\"elementor-divider-separator\">\n\t\t\t\t\t\t<\/span>\n\t\t<\/div>\n\t\t\t\t\t\t<\/div>\n\t\t\t\t<div class=\"elementor-element elementor-element-36b65d0 elementor-widget__width-initial elementor-widget elementor-widget-heading\" data-id=\"36b65d0\" data-element_type=\"widget\" data-e-type=\"widget\" data-widget_type=\"heading.default\">\n\t\t\t\t\t<h2 class=\"elementor-heading-title elementor-size-default\">Los equipos financieros ten\u00edan m\u00e1s de 2,600 horas extras acumuladas debido a la gran demanda de actividades manuales que deb\u00edan realizarse en plazos ajustados\n\n<\/h2>\t\t\t\t<\/div>\n\t\t\t\t<\/div>\n\t\t<div class=\"elementor-element elementor-element-7498560 e-con-full e-flex e-con e-child\" data-id=\"7498560\" data-element_type=\"container\" data-e-type=\"container\" data-settings=\"{&quot;jet_parallax_layout_list&quot;:[]}\">\n\t\t\t\t<div class=\"elementor-element elementor-element-d159fe9 elementor-widget-divider--view-line elementor-widget elementor-widget-divider\" data-id=\"d159fe9\" data-element_type=\"widget\" data-e-type=\"widget\" data-widget_type=\"divider.default\">\n\t\t\t\t\t\t\t<div class=\"elementor-divider\">\n\t\t\t<span class=\"elementor-divider-separator\">\n\t\t\t\t\t\t<\/span>\n\t\t<\/div>\n\t\t\t\t\t\t<\/div>\n\t\t\t\t<div class=\"elementor-element elementor-element-b870eeb elementor-widget__width-initial elementor-widget elementor-widget-heading\" data-id=\"b870eeb\" data-element_type=\"widget\" data-e-type=\"widget\" data-widget_type=\"heading.default\">\n\t\t\t\t\t<h2 class=\"elementor-heading-title elementor-size-default\">Mucho esfuerzo manual, hojas de c\u00e1lculo, energ\u00eda y, aun as\u00ed, no se alcanzaba el 100% de la calidad y gobernanza necesarias en el proceso\n\n\n<\/h2>\t\t\t\t<\/div>\n\t\t\t\t<\/div>\n\t\t<div class=\"elementor-element elementor-element-f95cc5d e-con-full e-flex e-con e-child\" data-id=\"f95cc5d\" data-element_type=\"container\" data-e-type=\"container\" data-settings=\"{&quot;jet_parallax_layout_list&quot;:[]}\">\n\t\t\t\t<div class=\"elementor-element elementor-element-25939e3 elementor-widget-divider--view-line elementor-widget elementor-widget-divider\" data-id=\"25939e3\" data-element_type=\"widget\" data-e-type=\"widget\" data-widget_type=\"divider.default\">\n\t\t\t\t\t\t\t<div class=\"elementor-divider\">\n\t\t\t<span class=\"elementor-divider-separator\">\n\t\t\t\t\t\t<\/span>\n\t\t<\/div>\n\t\t\t\t\t\t<\/div>\n\t\t\t\t<div class=\"elementor-element elementor-element-b1305ce elementor-widget__width-initial elementor-widget elementor-widget-heading\" data-id=\"b1305ce\" data-element_type=\"widget\" data-e-type=\"widget\" data-widget_type=\"heading.default\">\n\t\t\t\t\t<h2 class=\"elementor-heading-title elementor-size-default\">M\u00e1s de 400,000 filas para procesar manualmente cada mes en la administraci\u00f3n de 148 cuentas contables asociadas a 58 RUCs\n\n\n\n<\/h2>\t\t\t\t<\/div>\n\t\t\t\t<\/div>\n\t\t\t\t<\/div>\n\t\t\t\t<\/div>\n\t\t\t\t<\/div>\n\t\t<div class=\"elementor-element elementor-element-d092df5 e-con-full e-flex e-con e-child\" data-id=\"d092df5\" data-element_type=\"container\" data-e-type=\"container\" data-settings=\"{&quot;jet_parallax_layout_list&quot;:[]}\">\n\t\t\t\t<div class=\"elementor-element elementor-element-7e1aa3e elementor-widget__width-initial elementor-widget elementor-widget-heading\" data-id=\"7e1aa3e\" data-element_type=\"widget\" data-e-type=\"widget\" data-widget_type=\"heading.default\">\n\t\t\t\t\t<h2 class=\"elementor-heading-title elementor-size-default\">A solu\u00e7\u00e3o<\/h2>\t\t\t\t<\/div>\n\t\t\t\t<div class=\"elementor-element elementor-element-1b6f988 elementor-widget elementor-widget-text-editor\" data-id=\"1b6f988\" data-element_type=\"widget\" data-e-type=\"widget\" data-widget_type=\"text-editor.default\">\n\t\t\t\t\t\t\t\t\t<p>Antes de Dattos, la\u00a0<strong>operaci\u00f3n a trav\u00e9s de Excel<\/strong>\u00a0fue el camino elegido por el Grupo Veneza para regularizar las conciliaciones. Sin embargo,\u00a0<strong>solo con las hojas de c\u00e1lculo<\/strong>\u00a0no fue posible obtener el resultado esperado porque el<strong>\u00a0volumen de transacciones era demasiado alto.<\/strong><\/p><p>Nuestra\u00a0<strong>tecnolog\u00eda est\u00e1 optimizada para que no sea necesario el soporte de una estructura de TI ni conocimientos en programaci\u00f3n,<\/strong>\u00a0la implementaci\u00f3n se volv\u00eda mucho m\u00e1s sencilla, y este fue un factor decisivo para que Veneza eligiera a Dattos.<\/p><p>As\u00ed, con los procesos de<strong>\u00a0conciliaci\u00f3n automatizada y con la gobernanza<\/strong>\u00a0aportados por la plataforma Dattos, el equipo del CSC del Grupo Veneza redujo sus\u00a0<strong>conciliaciones diarias a 48 horas,<\/strong>\u00a0aplicando, en la pr\u00e1ctica, la estrategia de Continuous Accounting.<\/p><p>\u201cTodos los d\u00edas, realizamos un cierre del per\u00edodo anterior para todas las empresas. Es decir, hay muchas personas involucradas diariamente en una operaci\u00f3n que necesita estar estandarizada y sistematizada.\u00a0<strong>Con Dattos, obtuvimos una gran ganancia en productividad y logramos entregar los datos financieros a contabilidad cada 2 d\u00edas.<\/strong>\u00a0Tenemos mucho m\u00e1s\u00a0<strong>consistencia, exactitud y calidad en los datos,\u00a0<\/strong>adem\u00e1s de un equipo m\u00e1s reducido y capacitado\u201d, afirma Marcello.<\/p><p>Hoy,\u00a0<strong>del total de 408,045 filas de extracto y ERP, 336,734 se concilian autom\u00e1ticamente con Dattos,<\/strong>\u00a0lo que corresponde a un porcentaje de\u00a0<strong>el 80% de toda la operaci\u00f3n financiera del CSC.<\/strong><\/p><p>Los pr\u00f3ximos pasos en la evoluci\u00f3n del CSC del Grupo Veneza son continuar con esta s\u00f3lida visi\u00f3n de digitalizaci\u00f3n y buscar nuevas soluciones que puedan hacer que la operaci\u00f3n del CSC sea m\u00e1s sencilla y escalable con la tecnolog\u00eda disponible.<\/p>\t\t\t\t\t\t\t\t<\/div>\n\t\t<div class=\"elementor-element elementor-element-91cd1c1 e-grid e-con-full e-con e-child\" data-id=\"91cd1c1\" data-element_type=\"container\" data-e-type=\"container\" data-settings=\"{&quot;jet_parallax_layout_list&quot;:[]}\">\n\t\t<div class=\"elementor-element elementor-element-e073ac4 e-con-full e-flex e-con e-child\" data-id=\"e073ac4\" data-element_type=\"container\" data-e-type=\"container\" data-settings=\"{&quot;background_background&quot;:&quot;gradient&quot;,&quot;jet_parallax_layout_list&quot;:[]}\">\n\t\t\t\t<div class=\"elementor-element elementor-element-28ea01d elementor-widget__width-initial elementor-widget elementor-widget-heading\" data-id=\"28ea01d\" data-element_type=\"widget\" data-e-type=\"widget\" data-widget_type=\"heading.default\">\n\t\t\t\t\t<h2 class=\"elementor-heading-title elementor-size-default\">Conciliaci\u00f3n automatizada del 80% de las filas de extracto y ERP\n\n<\/h2>\t\t\t\t<\/div>\n\t\t\t\t<\/div>\n\t\t<div class=\"elementor-element elementor-element-13eb5b6 e-con-full e-flex e-con e-child\" data-id=\"13eb5b6\" data-element_type=\"container\" data-e-type=\"container\" data-settings=\"{&quot;background_background&quot;:&quot;gradient&quot;,&quot;jet_parallax_layout_list&quot;:[]}\">\n\t\t\t\t<div class=\"elementor-element elementor-element-0f163ce elementor-widget__width-initial elementor-widget elementor-widget-heading\" data-id=\"0f163ce\" data-element_type=\"widget\" data-e-type=\"widget\" data-widget_type=\"heading.default\">\n\t\t\t\t\t<h2 class=\"elementor-heading-title elementor-size-default\">M\u00e1s de 140 cuentas contables conciliadas autom\u00e1ticamente\n<\/h2>\t\t\t\t<\/div>\n\t\t\t\t<\/div>\n\t\t<div class=\"elementor-element elementor-element-66ec588 e-con-full e-flex e-con e-child\" data-id=\"66ec588\" data-element_type=\"container\" data-e-type=\"container\" data-settings=\"{&quot;background_background&quot;:&quot;gradient&quot;,&quot;jet_parallax_layout_list&quot;:[]}\">\n\t\t\t\t<div class=\"elementor-element elementor-element-39745a1 elementor-widget__width-initial elementor-widget elementor-widget-heading\" data-id=\"39745a1\" data-element_type=\"widget\" data-e-type=\"widget\" data-widget_type=\"heading.default\">\n\t\t\t\t\t<h2 class=\"elementor-heading-title elementor-size-default\">Reducci\u00f3n de 2,600 horas extras, eliminando el acumulado del \u00e1rea financiera\n\n<\/h2>\t\t\t\t<\/div>\n\t\t\t\t<\/div>\n\t\t\t\t<\/div>\n\t\t\t\t<\/div>\n\t\t\t\t\t<\/div>\n\t\t\t\t<\/div>\n\t\t<div class=\"elementor-element elementor-element-a80a406 e-flex e-con-boxed e-con e-parent\" data-id=\"a80a406\" data-element_type=\"container\" data-e-type=\"container\" data-settings=\"{&quot;background_background&quot;:&quot;classic&quot;,&quot;jet_parallax_layout_list&quot;:[]}\">\n\t\t\t\t\t<div class=\"e-con-inner\">\n\t\t\t\t<div class=\"elementor-element elementor-element-3584823 elementor-widget__width-initial elementor-widget elementor-widget-heading\" data-id=\"3584823\" data-element_type=\"widget\" data-e-type=\"widget\" data-widget_type=\"heading.default\">\n\t\t\t\t\t<h2 class=\"elementor-heading-title elementor-size-default\">\"A Dattos transformou a qualidade de vida do financeiro. O time reconheceu o valor porque tinham que fazer mutir\u00f5es e horas extras para fechar as contas no prazo, e hoje trabalham com muito mais qualidade e otimiza\u00e7\u00e3o de tempo. O dia a dia ficou mais equilibrado, os colaboradores t\u00eam mais qualidade de vida e s\u00e3o mais felizes.\"<\/h2>\t\t\t\t<\/div>\n\t\t<div class=\"elementor-element elementor-element-2b23ebe e-con-full e-flex e-con e-child\" data-id=\"2b23ebe\" data-element_type=\"container\" data-e-type=\"container\" data-settings=\"{&quot;jet_parallax_layout_list&quot;:[]}\">\n\t\t\t\t<div class=\"elementor-element elementor-element-acbd6b7 elementor-widget__width-initial elementor-widget elementor-widget-heading\" data-id=\"acbd6b7\" data-element_type=\"widget\" data-e-type=\"widget\" data-widget_type=\"heading.default\">\n\t\t\t\t\t<h2 class=\"elementor-heading-title elementor-size-default\">Marcello Rocha\n<br>Director del CSC del Grupo Veneza\n\n<\/h2>\t\t\t\t<\/div>\n\t\t\t\t<\/div>\n\t\t\t\t\t<\/div>\n\t\t\t\t<\/div>\n\t\t<div class=\"elementor-element elementor-element-a466ac0 e-flex e-con-boxed e-con e-parent\" data-id=\"a466ac0\" data-element_type=\"container\" data-e-type=\"container\" data-settings=\"{&quot;background_background&quot;:&quot;gradient&quot;,&quot;jet_parallax_layout_list&quot;:[]}\">\n\t\t\t\t\t<div class=\"e-con-inner\">\n\t\t<div class=\"elementor-element elementor-element-3f6ff90 e-con-full e-flex e-con e-child\" data-id=\"3f6ff90\" data-element_type=\"container\" data-e-type=\"container\" data-settings=\"{&quot;jet_parallax_layout_list&quot;:[]}\">\n\t\t\t\t<div class=\"elementor-element elementor-element-120a471 elementor-widget__width-initial elementor-widget elementor-widget-heading\" data-id=\"120a471\" data-element_type=\"widget\" data-e-type=\"widget\" data-widget_type=\"heading.default\">\n\t\t\t\t\t<h2 class=\"elementor-heading-title elementor-size-default\">\u00bfQuieres saber c\u00f3mo alcanzar los resultados de Veneza con nuestra tecnolog\u00eda?\n\n\n<\/h2>\t\t\t\t<\/div>\n\t\t<div class=\"elementor-element elementor-element-bd1abbe e-con-full e-flex e-con e-child\" data-id=\"bd1abbe\" data-element_type=\"container\" data-e-type=\"container\" data-settings=\"{&quot;jet_parallax_layout_list&quot;:[]}\">\n\t\t\t\t<div class=\"elementor-element elementor-element-37c6e7f elementor-widget__width-initial elementor-widget-tablet__width-inherit elementor-widget elementor-widget-text-editor\" data-id=\"37c6e7f\" data-element_type=\"widget\" data-e-type=\"widget\" data-widget_type=\"text-editor.default\">\n\t\t\t\t\t\t\t\t\t<p>&#8220;A Dattos transformou a qualidade de vida do financeiro. O time reconheceu o valor porque tinham que fazer mutir\u00f5es e horas extras para fechar as contas no prazo, e hoje trabalham com muito mais qualidade e otimiza\u00e7\u00e3o de tempo. O dia a dia ficou mais equilibrado, os colaboradores t\u00eam mais qualidade de vida e s\u00e3o mais felizes.&#8221;<\/p>\t\t\t\t\t\t\t\t<\/div>\n\t\t<div class=\"elementor-element elementor-element-204affd e-con-full e-flex e-con e-child\" data-id=\"204affd\" data-element_type=\"container\" data-e-type=\"container\" data-settings=\"{&quot;jet_parallax_layout_list&quot;:[]}\">\n\t\t\t\t<div class=\"elementor-element elementor-element-7ff3b16 elementor-widget__width-initial elementor-widget elementor-widget-heading\" data-id=\"7ff3b16\" data-element_type=\"widget\" data-e-type=\"widget\" data-widget_type=\"heading.default\">\n\t\t\t\t\t<h2 class=\"elementor-heading-title elementor-size-default\">Marcello Rocha\n<br>Director del CSC del Grupo Veneza\n\n<\/h2>\t\t\t\t<\/div>\n\t\t\t\t<\/div>\n\t\t\t\t<\/div>\n\t\t\t\t<\/div>\n\t\t\t\t<div class=\"elementor-element elementor-element-05d0c99 elementor-widget elementor-widget-menu-anchor\" data-id=\"05d0c99\" data-element_type=\"widget\" data-e-type=\"widget\" data-widget_type=\"menu-anchor.default\">\n\t\t\t\t\t\t\t<div class=\"elementor-menu-anchor\" id=\"agendar-demo\"><\/div>\n\t\t\t\t\t\t<\/div>\n\t\t<div class=\"elementor-element elementor-element-0992baa e-con-full e-flex e-con e-child\" data-id=\"0992baa\" data-element_type=\"container\" data-e-type=\"container\" data-settings=\"{&quot;background_background&quot;:&quot;classic&quot;,&quot;jet_parallax_layout_list&quot;:[]}\">\n\t\t\t\t<div class=\"elementor-element elementor-element-bef7bd8 elementor-widget elementor-widget-html\" data-id=\"bef7bd8\" data-element_type=\"widget\" data-e-type=\"widget\" data-widget_type=\"html.default\">\n\t\t\t\t\t<style>.elementor-element-bef7bd8{display:none !important}<\/style>\t\t\t\t<\/div>\n\t\t\t\t<div class=\"elementor-element elementor-element-bed84df elementor-widget elementor-widget-html\" data-id=\"bed84df\" data-element_type=\"widget\" data-e-type=\"widget\" data-widget_type=\"html.default\">\n\t\t\t\t\t<script charset=\"utf-8\" type=\"text\/javascript\" src=\"\/\/js.hsforms.net\/forms\/embed\/v2.js\"><\/script>\r\n<script>\r\n  hbspt.forms.create({\r\n    portalId: \"24368585\",\r\n    formId: \"488c7fed-c2b8-426b-9737-54bef64d443d\",\r\n    region: \"na1\"\r\n  });\r\n<\/script>\t\t\t\t<\/div>\n\t\t\t\t<\/div>\n\t\t\t\t\t<\/div>\n\t\t\t\t<\/div>\n\t\t\t\t<\/div>","protected":false},"excerpt":{"rendered":"<p>Concilia\u00e7\u00e3o automatizada de 80% da opera\u00e7\u00e3o financeira do CSC Sobre Veneza O\u00a0Grupo Veneza\u00a0\u00e9 uma empresa varejista com\u00a0mais de 1.300 colaboradores espalhados por 11 estados do Brasil.\u00a0A organiza\u00e7\u00e3o atua como concession\u00e1ria de m\u00e1quinas e equipamentos para os ramos de pavimenta\u00e7\u00e3o, agr\u00edcola, caminh\u00f5es, \u00f4nibus e autom\u00f3veis leves. A empresa, que come\u00e7ou como um neg\u00f3cio familiar, teve um [&hellip;]<\/p>\n","protected":false},"author":21,"featured_media":0,"parent":0,"menu_order":0,"comment_status":"closed","ping_status":"closed","template":"elementor_header_footer","meta":{"content-type":"","footnotes":""},"class_list":["post-34347","page","type-page","status-publish","hentry"],"_links":{"self":[{"href":"https:\/\/www.dattos.com.br\/es\/wp-json\/wp\/v2\/pages\/34347","targetHints":{"allow":["GET"]}}],"collection":[{"href":"https:\/\/www.dattos.com.br\/es\/wp-json\/wp\/v2\/pages"}],"about":[{"href":"https:\/\/www.dattos.com.br\/es\/wp-json\/wp\/v2\/types\/page"}],"author":[{"embeddable":true,"href":"https:\/\/www.dattos.com.br\/es\/wp-json\/wp\/v2\/users\/21"}],"replies":[{"embeddable":true,"href":"https:\/\/www.dattos.com.br\/es\/wp-json\/wp\/v2\/comments?post=34347"}],"version-history":[{"count":6,"href":"https:\/\/www.dattos.com.br\/es\/wp-json\/wp\/v2\/pages\/34347\/revisions"}],"predecessor-version":[{"id":34354,"href":"https:\/\/www.dattos.com.br\/es\/wp-json\/wp\/v2\/pages\/34347\/revisions\/34354"}],"wp:attachment":[{"href":"https:\/\/www.dattos.com.br\/es\/wp-json\/wp\/v2\/media?parent=34347"}],"curies":[{"name":"wp","href":"https:\/\/api.w.org\/{rel}","templated":true}]}}